{"id":213,"date":"2014-11-24T07:30:23","date_gmt":"2014-11-24T06:30:23","guid":{"rendered":"http:\/\/wp.elmasove.com\/product\/garrafa-4l-xer-s\/"},"modified":"2023-04-11T08:31:14","modified_gmt":"2023-04-11T06:31:14","slug":"garrafa-4l-xer-s","status":"publish","type":"product","link":"https:\/\/tenda.elmasove.com\/es\/tienda\/begudes\/vins-i-caves\/vinos\/vins-generosos\/moriles\/garrafa-4l-xer-s\/","title":{"rendered":"Jerez \u201cEl Masove\u201d (4L)"},"content":{"rendered":"<p>Jerez garrafa de 4 litros retornable. Color caoba p\u00e1lido. Sabor ligeramente vertido, suave y con mucho paladar. Arom\u00e1tico, ligero a frutos secos y acarmelado. Ideal para acompa\u00f1ar tapas de jam\u00f3n, quesos y aceitunas, as\u00ed como aperitivo. Tambi\u00e9n excelente con frutos secos o galletas.<\/p>","protected":false},"excerpt":{"rendered":"<p>Jerez garrafa de 4 litros retornable. Color caoba p\u00e1lido. Sabor ligeramente vertido, suave y con mucho paladar. Arom\u00e1tico, ligero a frutos secos y acarmelado. Ideal para acompa\u00f1ar tapas de jam\u00f3n, quesos y aceitunas, as\u00ed como aperitivo. Tambi\u00e9n excelente con frutos secos o galletas.<\/p>","protected":false},"featured_media":212,"template":"","meta":[],"pwb-brand":[191],"product_brand":[],"product_cat":[104,136],"product_tag":[],"class_list":{"0":"post-213","1":"product","2":"type-product","3":"status-publish","4":"has-post-thumbnail","6":"pwb-brand-el-masove","7":"product_cat-vins-generosos","8":"product_cat-moriles","10":"first","11":"instock","12":"taxable","13":"shipping-taxable","14":"purchasable","15":"product-type-simple"},"brands":[{"id":191,"name":"El Masove","slug":"el-masove"}],"_links":{"self":[{"href":"https:\/\/tenda.elmasove.com\/es\/wp-json\/wp\/v2\/product\/213","targetHints":{"allow":["GET"]}}],"collection":[{"href":"https:\/\/tenda.elmasove.com\/es\/wp-json\/wp\/v2\/product"}],"about":[{"href":"https:\/\/tenda.elmasove.com\/es\/wp-json\/wp\/v2\/types\/product"}],"wp:featuredmedia":[{"embeddable":true,"href":"https:\/\/tenda.elmasove.com\/es\/wp-json\/wp\/v2\/media\/212"}],"wp:attachment":[{"href":"https:\/\/tenda.elmasove.com\/es\/wp-json\/wp\/v2\/media?parent=213"}],"wp:term":[{"taxonomy":"pwb-brand","embeddable":true,"href":"https:\/\/tenda.elmasove.com\/es\/wp-json\/wp\/v2\/pwb-brand?post=213"},{"taxonomy":"product_brand","embeddable":true,"href":"https:\/\/tenda.elmasove.com\/es\/wp-json\/wp\/v2\/product_brand?post=213"},{"taxonomy":"product_cat","embeddable":true,"href":"https:\/\/tenda.elmasove.com\/es\/wp-json\/wp\/v2\/product_cat?post=213"},{"taxonomy":"product_tag","embeddable":true,"href":"https:\/\/tenda.elmasove.com\/es\/wp-json\/wp\/v2\/product_tag?post=213"}],"curies":[{"name":"wp","href":"https:\/\/api.w.org\/{rel}","templated":true}]}}