{"id":209,"date":"2014-11-24T07:30:23","date_gmt":"2014-11-24T06:30:23","guid":{"rendered":"http:\/\/wp.elmasove.com\/product\/ampolla-3-4l-fino-copeo-montilla\/"},"modified":"2020-01-30T13:49:26","modified_gmt":"2020-01-30T12:49:26","slug":"ampolla-3-4l-fino-copeo-montilla","status":"publish","type":"product","link":"https:\/\/tenda.elmasove.com\/es\/tienda\/begudes\/vins-i-caves\/vinos\/vins-generosos\/moriles\/ampolla-3-4l-fino-copeo-montilla\/","title":{"rendered":"Vino Fino Copeo DO Montilla-Moriles Pata Chula &quot;Robles&quot; (3\/4L)"},"content":{"rendered":"<p>Vino Fino Copeo Montilla botella cristal 750 ml. Color caoba p\u00e1lido. Sabor ligeramente vertido, suave y con mucho paladar. Arom\u00e1tico, ligero a frutos secos y acarmelado. Ideal para acompa\u00f1ar tapas de jam\u00f3n, quesos y aceitunas, as\u00ed como aperitivo. Tambi\u00e9n excelente con frutos secos o galletas.<\/p>","protected":false},"excerpt":{"rendered":"<p>Vino Fino Copeo Montilla botella cristal 750 ml. Color caoba p\u00e1lido. Sabor ligeramente vertido, suave y con mucho paladar. Arom\u00e1tico, ligero a frutos secos y acarmelado. Ideal para acompa\u00f1ar tapas de jam\u00f3n, quesos y aceitunas, as\u00ed como aperitivo. Tambi\u00e9n excelente con frutos secos o galletas.<\/p>","protected":false},"featured_media":208,"template":"","meta":[],"pwb-brand":[203],"product_brand":[],"product_cat":[33,17,136],"product_tag":[],"class_list":{"0":"post-209","1":"product","2":"type-product","3":"status-publish","4":"has-post-thumbnail","6":"pwb-brand-bodega-robles","7":"product_cat-vinos","8":"product_cat-begudes","9":"product_cat-moriles","11":"first","12":"instock","13":"taxable","14":"shipping-taxable","15":"purchasable","16":"product-type-simple"},"brands":[{"id":203,"name":"Bodega Robles","slug":"bodega-robles"}],"_links":{"self":[{"href":"https:\/\/tenda.elmasove.com\/es\/wp-json\/wp\/v2\/product\/209","targetHints":{"allow":["GET"]}}],"collection":[{"href":"https:\/\/tenda.elmasove.com\/es\/wp-json\/wp\/v2\/product"}],"about":[{"href":"https:\/\/tenda.elmasove.com\/es\/wp-json\/wp\/v2\/types\/product"}],"wp:featuredmedia":[{"embeddable":true,"href":"https:\/\/tenda.elmasove.com\/es\/wp-json\/wp\/v2\/media\/208"}],"wp:attachment":[{"href":"https:\/\/tenda.elmasove.com\/es\/wp-json\/wp\/v2\/media?parent=209"}],"wp:term":[{"taxonomy":"pwb-brand","embeddable":true,"href":"https:\/\/tenda.elmasove.com\/es\/wp-json\/wp\/v2\/pwb-brand?post=209"},{"taxonomy":"product_brand","embeddable":true,"href":"https:\/\/tenda.elmasove.com\/es\/wp-json\/wp\/v2\/product_brand?post=209"},{"taxonomy":"product_cat","embeddable":true,"href":"https:\/\/tenda.elmasove.com\/es\/wp-json\/wp\/v2\/product_cat?post=209"},{"taxonomy":"product_tag","embeddable":true,"href":"https:\/\/tenda.elmasove.com\/es\/wp-json\/wp\/v2\/product_tag?post=209"}],"curies":[{"name":"wp","href":"https:\/\/api.w.org\/{rel}","templated":true}]}}