{"id":205,"date":"2014-11-24T07:30:23","date_gmt":"2014-11-24T06:30:23","guid":{"rendered":"http:\/\/wp.elmasove.com\/product\/box-5l-moriles-robles\/"},"modified":"2023-04-11T08:29:24","modified_gmt":"2023-04-11T06:29:24","slug":"box-5l-moriles-robles","status":"publish","type":"product","link":"https:\/\/tenda.elmasove.com\/es\/tienda\/begudes\/vins-i-caves\/vinos\/vins-generosos\/moriles\/box-5l-moriles-robles\/","title":{"rendered":"Vino Crianza DO Montilla-Moriles \u201cRobles\u201d (5L)"},"content":{"rendered":"<p>Vino Montilla Moriles Robles box 5 litros con grifo incorporado para mayor comodidad. Color caoba p\u00e1lido. Sabor ligeramente vertido, suave y con mucho paladar. Arom\u00e1tico, ligero a frutos secos y acarmelado. Ideal para acompa\u00f1ar tapas de jam\u00f3n, quesos y aceitunas, as\u00ed como aperitivo. Tambi\u00e9n excelente con frutos secos o galletas.<\/p>","protected":false},"excerpt":{"rendered":"<p>Vino Montilla Moriles Robles box 5 litros con grifo incorporado para mayor comodidad. Color caoba p\u00e1lido. Sabor ligeramente vertido, suave y con mucho paladar. Arom\u00e1tico, ligero a frutos secos y acarmelado. Ideal para acompa\u00f1ar tapas de jam\u00f3n, quesos y aceitunas, as\u00ed como aperitivo. Tambi\u00e9n excelente con frutos secos o galletas.<\/p>","protected":false},"featured_media":204,"template":"","meta":[],"pwb-brand":[203],"product_brand":[],"product_cat":[33,17,104,136],"product_tag":[],"class_list":{"0":"post-205","1":"product","2":"type-product","3":"status-publish","4":"has-post-thumbnail","6":"pwb-brand-bodega-robles","7":"product_cat-vinos","8":"product_cat-begudes","9":"product_cat-vins-generosos","10":"product_cat-moriles","12":"first","13":"instock","14":"taxable","15":"shipping-taxable","16":"purchasable","17":"product-type-simple"},"brands":[{"id":203,"name":"Bodega Robles","slug":"bodega-robles"}],"_links":{"self":[{"href":"https:\/\/tenda.elmasove.com\/es\/wp-json\/wp\/v2\/product\/205","targetHints":{"allow":["GET"]}}],"collection":[{"href":"https:\/\/tenda.elmasove.com\/es\/wp-json\/wp\/v2\/product"}],"about":[{"href":"https:\/\/tenda.elmasove.com\/es\/wp-json\/wp\/v2\/types\/product"}],"wp:featuredmedia":[{"embeddable":true,"href":"https:\/\/tenda.elmasove.com\/es\/wp-json\/wp\/v2\/media\/204"}],"wp:attachment":[{"href":"https:\/\/tenda.elmasove.com\/es\/wp-json\/wp\/v2\/media?parent=205"}],"wp:term":[{"taxonomy":"pwb-brand","embeddable":true,"href":"https:\/\/tenda.elmasove.com\/es\/wp-json\/wp\/v2\/pwb-brand?post=205"},{"taxonomy":"product_brand","embeddable":true,"href":"https:\/\/tenda.elmasove.com\/es\/wp-json\/wp\/v2\/product_brand?post=205"},{"taxonomy":"product_cat","embeddable":true,"href":"https:\/\/tenda.elmasove.com\/es\/wp-json\/wp\/v2\/product_cat?post=205"},{"taxonomy":"product_tag","embeddable":true,"href":"https:\/\/tenda.elmasove.com\/es\/wp-json\/wp\/v2\/product_tag?post=205"}],"curies":[{"name":"wp","href":"https:\/\/api.w.org\/{rel}","templated":true}]}}