{"id":201,"date":"2014-11-24T07:30:23","date_gmt":"2014-11-24T06:30:23","guid":{"rendered":"http:\/\/wp.elmasove.com\/product\/ampolla-2l-oporto\/"},"modified":"2023-04-11T08:34:40","modified_gmt":"2023-04-11T06:34:40","slug":"ampolla-2l-oporto","status":"publish","type":"product","link":"https:\/\/tenda.elmasove.com\/es\/tienda\/begudes\/vins-i-caves\/vinos\/vins-generosos\/oporto\/ampolla-2l-oporto\/","title":{"rendered":"Oporto &quot;El Masove&quot; (2L)"},"content":{"rendered":"<p>Vino Oporto garrafa de 2 litros. Vino fortificado al que se le ha a\u00f1adido brandy en la fermentaci\u00f3n. El resultado es un vino con mayor contenido de alcohol y con un sabor m\u00e1s dulce, debido al az\u00facar remanente que no acab\u00f3 de fermentar. Ideal como aperitivo o como digestivo, as\u00ed como para acompa\u00f1ar postres como los quesos fuertes.<\/p>","protected":false},"excerpt":{"rendered":"<p>Vino Oporto garrafa de 2 litros. Vino fortificado al que se le ha a\u00f1adido brandy en la fermentaci\u00f3n. El resultado es un vino con mayor contenido de alcohol y con un sabor m\u00e1s dulce, debido al az\u00facar remanente que no acab\u00f3 de fermentar. Ideal como aperitivo o como digestivo, as\u00ed como para acompa\u00f1ar postres como los quesos fuertes.<\/p>","protected":false},"featured_media":200,"template":"","meta":[],"pwb-brand":[191],"product_brand":[],"product_cat":[104,135],"product_tag":[],"class_list":{"0":"post-201","1":"product","2":"type-product","3":"status-publish","4":"has-post-thumbnail","6":"pwb-brand-el-masove","7":"product_cat-vins-generosos","8":"product_cat-oporto","10":"first","11":"instock","12":"taxable","13":"shipping-taxable","14":"purchasable","15":"product-type-simple"},"brands":[{"id":191,"name":"El Masove","slug":"el-masove"}],"_links":{"self":[{"href":"https:\/\/tenda.elmasove.com\/es\/wp-json\/wp\/v2\/product\/201","targetHints":{"allow":["GET"]}}],"collection":[{"href":"https:\/\/tenda.elmasove.com\/es\/wp-json\/wp\/v2\/product"}],"about":[{"href":"https:\/\/tenda.elmasove.com\/es\/wp-json\/wp\/v2\/types\/product"}],"wp:featuredmedia":[{"embeddable":true,"href":"https:\/\/tenda.elmasove.com\/es\/wp-json\/wp\/v2\/media\/200"}],"wp:attachment":[{"href":"https:\/\/tenda.elmasove.com\/es\/wp-json\/wp\/v2\/media?parent=201"}],"wp:term":[{"taxonomy":"pwb-brand","embeddable":true,"href":"https:\/\/tenda.elmasove.com\/es\/wp-json\/wp\/v2\/pwb-brand?post=201"},{"taxonomy":"product_brand","embeddable":true,"href":"https:\/\/tenda.elmasove.com\/es\/wp-json\/wp\/v2\/product_brand?post=201"},{"taxonomy":"product_cat","embeddable":true,"href":"https:\/\/tenda.elmasove.com\/es\/wp-json\/wp\/v2\/product_cat?post=201"},{"taxonomy":"product_tag","embeddable":true,"href":"https:\/\/tenda.elmasove.com\/es\/wp-json\/wp\/v2\/product_tag?post=201"}],"curies":[{"name":"wp","href":"https:\/\/api.w.org\/{rel}","templated":true}]}}