{"id":199,"date":"2014-11-24T07:30:23","date_gmt":"2014-11-24T06:30:23","guid":{"rendered":"http:\/\/wp.elmasove.com\/product\/ampolla-3-4l-vidre-vermut-negre\/"},"modified":"2023-04-11T08:27:56","modified_gmt":"2023-04-11T06:27:56","slug":"vermut-negre-el-masove-3-4l","status":"publish","type":"product","link":"https:\/\/tenda.elmasove.com\/es\/tienda\/begudes\/vins-i-caves\/vinos\/vins-generosos\/vermut\/vermut-negre-el-masove-3-4l\/","title":{"rendered":"Vermut Negro &quot;El Masove&quot; (3\/4L)"},"content":{"rendered":"<p>Verm\u00fa Negro \u201cel Masove\u201d botella de vidrio 750 ml. El vermut es un licor hecho a base de vino tinto y otras sustancias amargas y t\u00f3nicas. Ideal para beber como aperitivo y complemento en la elaboraci\u00f3n de c\u00f3cteles.<\/p>","protected":false},"excerpt":{"rendered":"<p>Verm\u00fa Negro \u201cel Masove\u201d botella de vidrio 750 ml. El vermut es un licor hecho a base de vino tinto y otras sustancias amargas y t\u00f3nicas. Ideal para beber como aperitivo y complemento en la elaboraci\u00f3n de c\u00f3cteles.<\/p>","protected":false},"featured_media":198,"template":"","meta":[],"pwb-brand":[191],"product_brand":[],"product_cat":[104,134],"product_tag":[],"class_list":{"0":"post-199","1":"product","2":"type-product","3":"status-publish","4":"has-post-thumbnail","6":"pwb-brand-el-masove","7":"product_cat-vins-generosos","8":"product_cat-vermut","10":"first","11":"instock","12":"taxable","13":"shipping-taxable","14":"purchasable","15":"product-type-simple"},"brands":[{"id":191,"name":"El Masove","slug":"el-masove"}],"_links":{"self":[{"href":"https:\/\/tenda.elmasove.com\/es\/wp-json\/wp\/v2\/product\/199","targetHints":{"allow":["GET"]}}],"collection":[{"href":"https:\/\/tenda.elmasove.com\/es\/wp-json\/wp\/v2\/product"}],"about":[{"href":"https:\/\/tenda.elmasove.com\/es\/wp-json\/wp\/v2\/types\/product"}],"wp:featuredmedia":[{"embeddable":true,"href":"https:\/\/tenda.elmasove.com\/es\/wp-json\/wp\/v2\/media\/198"}],"wp:attachment":[{"href":"https:\/\/tenda.elmasove.com\/es\/wp-json\/wp\/v2\/media?parent=199"}],"wp:term":[{"taxonomy":"pwb-brand","embeddable":true,"href":"https:\/\/tenda.elmasove.com\/es\/wp-json\/wp\/v2\/pwb-brand?post=199"},{"taxonomy":"product_brand","embeddable":true,"href":"https:\/\/tenda.elmasove.com\/es\/wp-json\/wp\/v2\/product_brand?post=199"},{"taxonomy":"product_cat","embeddable":true,"href":"https:\/\/tenda.elmasove.com\/es\/wp-json\/wp\/v2\/product_cat?post=199"},{"taxonomy":"product_tag","embeddable":true,"href":"https:\/\/tenda.elmasove.com\/es\/wp-json\/wp\/v2\/product_tag?post=199"}],"curies":[{"name":"wp","href":"https:\/\/api.w.org\/{rel}","templated":true}]}}