{"id":197,"date":"2014-11-24T07:30:23","date_gmt":"2014-11-24T06:30:23","guid":{"rendered":"http:\/\/wp.elmasove.com\/product\/garrafa-4l-vermut-negre-devoluci-2-al-retornar-l-env-s\/"},"modified":"2023-04-11T08:27:32","modified_gmt":"2023-04-11T06:27:32","slug":"vermut-negre-el-masove-4l-retornable","status":"publish","type":"product","link":"https:\/\/tenda.elmasove.com\/es\/tienda\/begudes\/vins-i-caves\/vinos\/vins-generosos\/vermut\/vermut-negre-el-masove-4l-retornable\/","title":{"rendered":"Vermut Negro \u201cEl Masove\u201d (4L) \u2013 Retornable"},"content":{"rendered":"<p>Vermut Negre Garrafa 4 litros. El vermut es un licor hecho a base de vino tinto y otras sustancias amargas y t\u00f3nicas. Ideal para beber como aperitivo y como complemento en la elaboraci\u00f3n de c\u00f3cteles.<\/p>","protected":false},"excerpt":{"rendered":"<p>Vermut Negre Garrafa 4 litros. El vermut es un licor hecho a base de vino tinto y otras sustancias amargas y t\u00f3nicas. Ideal para beber como aperitivo y como complemento en la elaboraci\u00f3n de c\u00f3cteles.<\/p>","protected":false},"featured_media":196,"template":"","meta":[],"pwb-brand":[191],"product_brand":[],"product_cat":[172,104,134],"product_tag":[],"class_list":{"0":"post-197","1":"product","2":"type-product","3":"status-publish","4":"has-post-thumbnail","6":"pwb-brand-el-masove","7":"product_cat-retornables","8":"product_cat-vins-generosos","9":"product_cat-vermut","11":"first","12":"instock","13":"taxable","14":"shipping-taxable","15":"purchasable","16":"product-type-simple"},"brands":[{"id":191,"name":"El Masove","slug":"el-masove"}],"_links":{"self":[{"href":"https:\/\/tenda.elmasove.com\/es\/wp-json\/wp\/v2\/product\/197","targetHints":{"allow":["GET"]}}],"collection":[{"href":"https:\/\/tenda.elmasove.com\/es\/wp-json\/wp\/v2\/product"}],"about":[{"href":"https:\/\/tenda.elmasove.com\/es\/wp-json\/wp\/v2\/types\/product"}],"wp:featuredmedia":[{"embeddable":true,"href":"https:\/\/tenda.elmasove.com\/es\/wp-json\/wp\/v2\/media\/196"}],"wp:attachment":[{"href":"https:\/\/tenda.elmasove.com\/es\/wp-json\/wp\/v2\/media?parent=197"}],"wp:term":[{"taxonomy":"pwb-brand","embeddable":true,"href":"https:\/\/tenda.elmasove.com\/es\/wp-json\/wp\/v2\/pwb-brand?post=197"},{"taxonomy":"product_brand","embeddable":true,"href":"https:\/\/tenda.elmasove.com\/es\/wp-json\/wp\/v2\/product_brand?post=197"},{"taxonomy":"product_cat","embeddable":true,"href":"https:\/\/tenda.elmasove.com\/es\/wp-json\/wp\/v2\/product_cat?post=197"},{"taxonomy":"product_tag","embeddable":true,"href":"https:\/\/tenda.elmasove.com\/es\/wp-json\/wp\/v2\/product_tag?post=197"}],"curies":[{"name":"wp","href":"https:\/\/api.w.org\/{rel}","templated":true}]}}