{"id":191,"date":"2014-11-24T07:30:22","date_gmt":"2014-11-24T06:30:22","guid":{"rendered":"http:\/\/wp.elmasove.com\/product\/ampolla-2l-vermut-blanc\/"},"modified":"2023-04-11T08:28:21","modified_gmt":"2023-04-11T06:28:21","slug":"ampolla-2l-vermut-blanc","status":"publish","type":"product","link":"https:\/\/tenda.elmasove.com\/es\/tienda\/begudes\/vins-i-caves\/vinos\/vins-generosos\/vermut\/ampolla-2l-vermut-blanc\/","title":{"rendered":"Vermut Blanco \u201cEl Masove\u201d (2L)"},"content":{"rendered":"<p>Vermut Blanco garrafa de 2 litros. El verm\u00fa es un licor hecho a base de vino blanco y otras sustancias amargas y t\u00f3nicas. Ideal para beber como aperitivo y complemento en la elaboraci\u00f3n de c\u00f3cteles.<\/p>","protected":false},"excerpt":{"rendered":"<p>Vermut Blanco garrafa de 2 litros. El verm\u00fa es un licor hecho a base de vino blanco y otras sustancias amargas y t\u00f3nicas. Ideal para beber como aperitivo y complemento en la elaboraci\u00f3n de c\u00f3cteles.<\/p>","protected":false},"featured_media":190,"template":"","meta":[],"pwb-brand":[191],"product_brand":[],"product_cat":[104,134],"product_tag":[],"class_list":{"0":"post-191","1":"product","2":"type-product","3":"status-publish","4":"has-post-thumbnail","6":"pwb-brand-el-masove","7":"product_cat-vins-generosos","8":"product_cat-vermut","10":"first","11":"instock","12":"taxable","13":"shipping-taxable","14":"purchasable","15":"product-type-simple"},"brands":[{"id":191,"name":"El Masove","slug":"el-masove"}],"_links":{"self":[{"href":"https:\/\/tenda.elmasove.com\/es\/wp-json\/wp\/v2\/product\/191","targetHints":{"allow":["GET"]}}],"collection":[{"href":"https:\/\/tenda.elmasove.com\/es\/wp-json\/wp\/v2\/product"}],"about":[{"href":"https:\/\/tenda.elmasove.com\/es\/wp-json\/wp\/v2\/types\/product"}],"wp:featuredmedia":[{"embeddable":true,"href":"https:\/\/tenda.elmasove.com\/es\/wp-json\/wp\/v2\/media\/190"}],"wp:attachment":[{"href":"https:\/\/tenda.elmasove.com\/es\/wp-json\/wp\/v2\/media?parent=191"}],"wp:term":[{"taxonomy":"pwb-brand","embeddable":true,"href":"https:\/\/tenda.elmasove.com\/es\/wp-json\/wp\/v2\/pwb-brand?post=191"},{"taxonomy":"product_brand","embeddable":true,"href":"https:\/\/tenda.elmasove.com\/es\/wp-json\/wp\/v2\/product_brand?post=191"},{"taxonomy":"product_cat","embeddable":true,"href":"https:\/\/tenda.elmasove.com\/es\/wp-json\/wp\/v2\/product_cat?post=191"},{"taxonomy":"product_tag","embeddable":true,"href":"https:\/\/tenda.elmasove.com\/es\/wp-json\/wp\/v2\/product_tag?post=191"}],"curies":[{"name":"wp","href":"https:\/\/api.w.org\/{rel}","templated":true}]}}