{"id":183,"date":"2014-11-24T07:30:22","date_gmt":"2014-11-24T06:30:22","guid":{"rendered":"http:\/\/wp.elmasove.com\/product\/garrafa-4l-mistela-devoluci-2-al-retornar-l-env-s\/"},"modified":"2023-04-11T08:35:51","modified_gmt":"2023-04-11T06:35:51","slug":"garrafa-4l-mistela-devoluci-2-al-retornar-l-env-s","status":"publish","type":"product","link":"https:\/\/tenda.elmasove.com\/es\/tienda\/begudes\/vins-i-caves\/vinos\/vins-generosos\/mistela\/garrafa-4l-mistela-devoluci-2-al-retornar-l-env-s\/","title":{"rendered":"Mistela (4L) \u2013 Retornable"},"content":{"rendered":"<p>Mistela Garrafa 4 litros retornable. Es un vino dulce que se elabora con el mosto m\u00e1s rico en az\u00facares. Se puede consumir directamente a temperatura ambiente o algo fr\u00edo. Es ideal para acompa\u00f1ar a todo tipo de postres.<\/p>","protected":false},"excerpt":{"rendered":"<p>Mistela Garrafa 4 litros retornable. Es un vino dulce que se elabora con el mosto m\u00e1s rico en az\u00facares. Se puede consumir directamente a temperatura ambiente o algo fr\u00edo. Es ideal para acompa\u00f1ar a todo tipo de postres.<\/p>","protected":false},"featured_media":182,"template":"","meta":[],"pwb-brand":[],"product_brand":[],"product_cat":[172,131,104],"product_tag":[],"class_list":{"0":"post-183","1":"product","2":"type-product","3":"status-publish","4":"has-post-thumbnail","6":"product_cat-retornables","7":"product_cat-mistela","8":"product_cat-vins-generosos","10":"first","11":"instock","12":"taxable","13":"shipping-taxable","14":"purchasable","15":"product-type-simple"},"brands":[],"_links":{"self":[{"href":"https:\/\/tenda.elmasove.com\/es\/wp-json\/wp\/v2\/product\/183","targetHints":{"allow":["GET"]}}],"collection":[{"href":"https:\/\/tenda.elmasove.com\/es\/wp-json\/wp\/v2\/product"}],"about":[{"href":"https:\/\/tenda.elmasove.com\/es\/wp-json\/wp\/v2\/types\/product"}],"wp:featuredmedia":[{"embeddable":true,"href":"https:\/\/tenda.elmasove.com\/es\/wp-json\/wp\/v2\/media\/182"}],"wp:attachment":[{"href":"https:\/\/tenda.elmasove.com\/es\/wp-json\/wp\/v2\/media?parent=183"}],"wp:term":[{"taxonomy":"pwb-brand","embeddable":true,"href":"https:\/\/tenda.elmasove.com\/es\/wp-json\/wp\/v2\/pwb-brand?post=183"},{"taxonomy":"product_brand","embeddable":true,"href":"https:\/\/tenda.elmasove.com\/es\/wp-json\/wp\/v2\/product_brand?post=183"},{"taxonomy":"product_cat","embeddable":true,"href":"https:\/\/tenda.elmasove.com\/es\/wp-json\/wp\/v2\/product_cat?post=183"},{"taxonomy":"product_tag","embeddable":true,"href":"https:\/\/tenda.elmasove.com\/es\/wp-json\/wp\/v2\/product_tag?post=183"}],"curies":[{"name":"wp","href":"https:\/\/api.w.org\/{rel}","templated":true}]}}