{"id":179,"date":"2014-11-24T07:30:22","date_gmt":"2014-11-24T06:30:22","guid":{"rendered":"http:\/\/wp.elmasove.com\/product\/ampolla-3-4l-vidre-malaga\/"},"modified":"2020-02-05T13:49:50","modified_gmt":"2020-02-05T12:49:50","slug":"vi-malaga-vina-750ml","status":"publish","type":"product","link":"https:\/\/tenda.elmasove.com\/es\/tienda\/begudes\/vins-i-caves\/vinos\/vins-generosos\/malaga\/vi-malaga-vina-750ml\/","title":{"rendered":"Vino &quot;Malaga Vi\u00f1a&quot; (750ml)"},"content":{"rendered":"<p>Vino M\u00e1laga botella de vidrio 750 ml. Vino de licor dulce elaborado con uvas de las variedades Pedro Xim\u00e9nez y Moscatel de Alejandr\u00eda procedentes de la zona norte de M\u00e1laga. Para su elaboraci\u00f3n, se seleccionan los mejores mostos de ambas variedades para, tras su ensamblaje, pasar a una crianza oxidativa en barricas de roble americano de m\u00ednimo 6 meses. Es un vino de excelente calidad.<\/p>\n<p><strong>Maridaje<\/strong><br \/>\nEs el vino de postre por excelencia. Marida con chocolates, postres no muy dulces, cremas pasteleras, cremosos de helado, frutas, quesos fuertes.<\/p>","protected":false},"excerpt":{"rendered":"<p>Vino de licor dulce elaborado con uvas de las variedades Pedro Xim\u00e9nez y Moscatel de Alejandr\u00eda procedentes de la zona norte de M\u00e1laga.<\/p>","protected":false},"featured_media":178,"template":"","meta":[],"pwb-brand":[373],"product_brand":[],"product_cat":[128,17,104],"product_tag":[],"class_list":{"0":"post-179","1":"product","2":"type-product","3":"status-publish","4":"has-post-thumbnail","6":"pwb-brand-bodegas-quitapenas","7":"product_cat-malaga","8":"product_cat-begudes","9":"product_cat-vins-generosos","11":"first","12":"instock","13":"taxable","14":"shipping-taxable","15":"purchasable","16":"product-type-simple"},"brands":[{"id":373,"name":"Bodegas Quitapenas","slug":"bodegas-quitapenas"}],"_links":{"self":[{"href":"https:\/\/tenda.elmasove.com\/es\/wp-json\/wp\/v2\/product\/179","targetHints":{"allow":["GET"]}}],"collection":[{"href":"https:\/\/tenda.elmasove.com\/es\/wp-json\/wp\/v2\/product"}],"about":[{"href":"https:\/\/tenda.elmasove.com\/es\/wp-json\/wp\/v2\/types\/product"}],"wp:featuredmedia":[{"embeddable":true,"href":"https:\/\/tenda.elmasove.com\/es\/wp-json\/wp\/v2\/media\/178"}],"wp:attachment":[{"href":"https:\/\/tenda.elmasove.com\/es\/wp-json\/wp\/v2\/media?parent=179"}],"wp:term":[{"taxonomy":"pwb-brand","embeddable":true,"href":"https:\/\/tenda.elmasove.com\/es\/wp-json\/wp\/v2\/pwb-brand?post=179"},{"taxonomy":"product_brand","embeddable":true,"href":"https:\/\/tenda.elmasove.com\/es\/wp-json\/wp\/v2\/product_brand?post=179"},{"taxonomy":"product_cat","embeddable":true,"href":"https:\/\/tenda.elmasove.com\/es\/wp-json\/wp\/v2\/product_cat?post=179"},{"taxonomy":"product_tag","embeddable":true,"href":"https:\/\/tenda.elmasove.com\/es\/wp-json\/wp\/v2\/product_tag?post=179"}],"curies":[{"name":"wp","href":"https:\/\/api.w.org\/{rel}","templated":true}]}}