{"id":177,"date":"2014-11-24T07:30:22","date_gmt":"2014-11-24T06:30:22","guid":{"rendered":"http:\/\/wp.elmasove.com\/product\/garrafa-4l-malaga-devoluci-2-al-retornar-l-env-s\/"},"modified":"2023-03-27T10:52:24","modified_gmt":"2023-03-27T08:52:24","slug":"vi-malaga-el-masove-4l-retornable","status":"publish","type":"product","link":"https:\/\/tenda.elmasove.com\/es\/tienda\/begudes\/vins-i-caves\/vinos\/vins-generosos\/malaga\/vi-malaga-el-masove-4l-retornable\/","title":{"rendered":"Vino M\u00e1laga \u201cEl Masove\u201d (4L) \u2013 Retornable"},"content":{"rendered":"<p>Vino M\u00e1laga Garrafa 4 litros retornable. Es una variedad de vino generoso con denominaci\u00f3n de origen, producido en la provincia de M\u00e1laga. Amplia gama de colores, desde el amarillo al negro y aromas florales y afrutados. Es un vino semidulce ideal como acompa\u00f1amiento de postres y como aperitivo.<\/p>","protected":false},"excerpt":{"rendered":"<p>Vino M\u00e1laga Garrafa 4 litros retornable. Es una variedad de vino generoso con denominaci\u00f3n de origen, producido en la provincia de M\u00e1laga. Amplia gama de colores, desde el amarillo al negro y aromas florales y afrutados. Es un vino semidulce ideal como acompa\u00f1amiento de postres y como aperitivo.<\/p>","protected":false},"featured_media":176,"template":"","meta":[],"pwb-brand":[191],"product_brand":[],"product_cat":[172,33,128,17,104],"product_tag":[],"class_list":{"0":"post-177","1":"product","2":"type-product","3":"status-publish","4":"has-post-thumbnail","6":"pwb-brand-el-masove","7":"product_cat-retornables","8":"product_cat-vinos","9":"product_cat-malaga","10":"product_cat-begudes","11":"product_cat-vins-generosos","13":"first","14":"instock","15":"taxable","16":"shipping-taxable","17":"purchasable","18":"product-type-simple"},"brands":[{"id":191,"name":"El Masove","slug":"el-masove"}],"_links":{"self":[{"href":"https:\/\/tenda.elmasove.com\/es\/wp-json\/wp\/v2\/product\/177","targetHints":{"allow":["GET"]}}],"collection":[{"href":"https:\/\/tenda.elmasove.com\/es\/wp-json\/wp\/v2\/product"}],"about":[{"href":"https:\/\/tenda.elmasove.com\/es\/wp-json\/wp\/v2\/types\/product"}],"wp:featuredmedia":[{"embeddable":true,"href":"https:\/\/tenda.elmasove.com\/es\/wp-json\/wp\/v2\/media\/176"}],"wp:attachment":[{"href":"https:\/\/tenda.elmasove.com\/es\/wp-json\/wp\/v2\/media?parent=177"}],"wp:term":[{"taxonomy":"pwb-brand","embeddable":true,"href":"https:\/\/tenda.elmasove.com\/es\/wp-json\/wp\/v2\/pwb-brand?post=177"},{"taxonomy":"product_brand","embeddable":true,"href":"https:\/\/tenda.elmasove.com\/es\/wp-json\/wp\/v2\/product_brand?post=177"},{"taxonomy":"product_cat","embeddable":true,"href":"https:\/\/tenda.elmasove.com\/es\/wp-json\/wp\/v2\/product_cat?post=177"},{"taxonomy":"product_tag","embeddable":true,"href":"https:\/\/tenda.elmasove.com\/es\/wp-json\/wp\/v2\/product_tag?post=177"}],"curies":[{"name":"wp","href":"https:\/\/api.w.org\/{rel}","templated":true}]}}