{"id":173,"date":"2014-11-24T07:30:22","date_gmt":"2014-11-24T06:30:22","guid":{"rendered":"http:\/\/wp.elmasove.com\/product\/ampolla-3-4l-vidre-moscatell-esp-selecci\/"},"modified":"2023-04-11T08:26:02","modified_gmt":"2023-04-11T06:26:02","slug":"ampolla-3-4l-vidre-moscatell-esp-selecci","status":"publish","type":"product","link":"https:\/\/tenda.elmasove.com\/es\/tienda\/begudes\/vins-i-caves\/vinos\/vins-generosos\/moscatell\/ampolla-3-4l-vidre-moscatell-esp-selecci\/","title":{"rendered":"Moscatel Especial Selecci\u00f3n &quot;El Masove&quot; (3\/4L)"},"content":{"rendered":"<p>Moscatel Especial Selecci\u00f3n botella de vidrio 750 ml. De caracter\u00edstico color \u00e1mbar con reflejos dorados. Claro y limpio. Aroma inconfundible de la variedad moscatel, sedoso pero no cargado, que recuerda la miel y las pasas. En boca es equilibrado, con fino largo y con un toque de acidez. Muy persistente. Combina muy bien con los postres dulces o secos, o como aperitivo bien fr\u00edo.<\/p>","protected":false},"excerpt":{"rendered":"<p>Moscatel Especial Selecci\u00f3n botella de vidrio 750 ml. De caracter\u00edstico color \u00e1mbar con reflejos dorados. Claro y limpio. Aroma inconfundible de la variedad moscatel, sedoso pero no cargado, que recuerda la miel y las pasas. En boca es equilibrado, con fino largo y con un toque de acidez. Muy persistente. Combina muy bien con los postres dulces o secos, o como aperitivo bien fr\u00edo.<\/p>","protected":false},"featured_media":172,"template":"","meta":[],"pwb-brand":[191],"product_brand":[],"product_cat":[125,104],"product_tag":[],"class_list":{"0":"post-173","1":"product","2":"type-product","3":"status-publish","4":"has-post-thumbnail","6":"pwb-brand-el-masove","7":"product_cat-moscatell","8":"product_cat-vins-generosos","10":"first","11":"instock","12":"taxable","13":"shipping-taxable","14":"purchasable","15":"product-type-simple"},"brands":[{"id":191,"name":"El Masove","slug":"el-masove"}],"_links":{"self":[{"href":"https:\/\/tenda.elmasove.com\/es\/wp-json\/wp\/v2\/product\/173","targetHints":{"allow":["GET"]}}],"collection":[{"href":"https:\/\/tenda.elmasove.com\/es\/wp-json\/wp\/v2\/product"}],"about":[{"href":"https:\/\/tenda.elmasove.com\/es\/wp-json\/wp\/v2\/types\/product"}],"wp:featuredmedia":[{"embeddable":true,"href":"https:\/\/tenda.elmasove.com\/es\/wp-json\/wp\/v2\/media\/172"}],"wp:attachment":[{"href":"https:\/\/tenda.elmasove.com\/es\/wp-json\/wp\/v2\/media?parent=173"}],"wp:term":[{"taxonomy":"pwb-brand","embeddable":true,"href":"https:\/\/tenda.elmasove.com\/es\/wp-json\/wp\/v2\/pwb-brand?post=173"},{"taxonomy":"product_brand","embeddable":true,"href":"https:\/\/tenda.elmasove.com\/es\/wp-json\/wp\/v2\/product_brand?post=173"},{"taxonomy":"product_cat","embeddable":true,"href":"https:\/\/tenda.elmasove.com\/es\/wp-json\/wp\/v2\/product_cat?post=173"},{"taxonomy":"product_tag","embeddable":true,"href":"https:\/\/tenda.elmasove.com\/es\/wp-json\/wp\/v2\/product_tag?post=173"}],"curies":[{"name":"wp","href":"https:\/\/api.w.org\/{rel}","templated":true}]}}