{"id":1517,"date":"2019-06-17T12:01:27","date_gmt":"2019-06-17T10:01:27","guid":{"rendered":"http:\/\/wp.elmasove.com\/product\/vim-clorex-750gr\/"},"modified":"2020-02-05T12:48:53","modified_gmt":"2020-02-05T11:48:53","slug":"vim-clorex-750gr","status":"publish","type":"product","link":"https:\/\/tenda.elmasove.com\/es\/tienda\/neteja\/neteja-terres\/vim-clorex-750gr\/","title":{"rendered":"Detergente \u201cVim\u201d Clorex (750 g)"},"content":{"rendered":"<p>Detergente \u201cVim\u201d Clorex (750 g) es un detergente abrasivo para superficies duras. Especial para cazuelas de aluminio, superficies de acero inoxidable, sanitarios y aseos.<br \/>\nDesarrolla una fuerte acci\u00f3n limpiadora tambi\u00e9n contra la suciedad m\u00e1s empe\u00f1ada, en particular por aquellas superficies en las que la suciedad se deposita muy r\u00e1pidamente: cocinas de restaurantes y comedores p\u00fablicos, ba\u00f1os p\u00fablicos en \u00e1reas de servicio de gasolineras y grandes centros comerciales.<br \/>\nEl cloro que contiene la f\u00f3rmula garantiza una eficaz acci\u00f3n higienizante.<\/p>\n<p><strong>INSTRUCCIONES DE USO:<\/strong><br \/>\nDiluir en agua y utilizar en las zonas a limpiar.<\/p>","protected":false},"excerpt":{"rendered":"<p>Detergente \u201cVim\u201d Clorex (750 g) es un detergente abrasivo para superficies duras.<\/p>","protected":false},"featured_media":1516,"template":"","meta":[],"pwb-brand":[369],"product_brand":[],"product_cat":[63],"product_tag":[],"class_list":{"0":"post-1517","1":"product","2":"type-product","3":"status-publish","4":"has-post-thumbnail","6":"pwb-brand-vim","7":"product_cat-neteja-terres","9":"first","10":"outofstock","11":"taxable","12":"shipping-taxable","13":"purchasable","14":"product-type-simple"},"brands":[{"id":369,"name":"Vim","slug":"vim"}],"_links":{"self":[{"href":"https:\/\/tenda.elmasove.com\/es\/wp-json\/wp\/v2\/product\/1517","targetHints":{"allow":["GET"]}}],"collection":[{"href":"https:\/\/tenda.elmasove.com\/es\/wp-json\/wp\/v2\/product"}],"about":[{"href":"https:\/\/tenda.elmasove.com\/es\/wp-json\/wp\/v2\/types\/product"}],"wp:featuredmedia":[{"embeddable":true,"href":"https:\/\/tenda.elmasove.com\/es\/wp-json\/wp\/v2\/media\/1516"}],"wp:attachment":[{"href":"https:\/\/tenda.elmasove.com\/es\/wp-json\/wp\/v2\/media?parent=1517"}],"wp:term":[{"taxonomy":"pwb-brand","embeddable":true,"href":"https:\/\/tenda.elmasove.com\/es\/wp-json\/wp\/v2\/pwb-brand?post=1517"},{"taxonomy":"product_brand","embeddable":true,"href":"https:\/\/tenda.elmasove.com\/es\/wp-json\/wp\/v2\/product_brand?post=1517"},{"taxonomy":"product_cat","embeddable":true,"href":"https:\/\/tenda.elmasove.com\/es\/wp-json\/wp\/v2\/product_cat?post=1517"},{"taxonomy":"product_tag","embeddable":true,"href":"https:\/\/tenda.elmasove.com\/es\/wp-json\/wp\/v2\/product_tag?post=1517"}],"curies":[{"name":"wp","href":"https:\/\/api.w.org\/{rel}","templated":true}]}}