{"id":1445,"date":"2019-06-05T12:17:10","date_gmt":"2019-06-05T10:17:10","guid":{"rendered":"http:\/\/wp.elmasove.com\/product\/lleixiu-amb-sabo-estrella-1-5lt\/"},"modified":"2020-02-05T11:26:55","modified_gmt":"2020-02-05T10:26:55","slug":"lleixiu-amb-sabo-estrella-1-5lt","status":"publish","type":"product","link":"https:\/\/tenda.elmasove.com\/es\/tienda\/neteja\/lleixius\/lleixiu-amb-sabo-estrella-1-5lt\/","title":{"rendered":"Lej\u00eda con jab\u00f3n \u201cEstrella\u201d (1,5 L)"},"content":{"rendered":"<p>Lej\u00eda con jab\u00f3n \u201cEstrella\u201d (1,5 L) con lej\u00eda y detergente.<\/p>\n<p>M\u00c1XIMA DESINFECCI\u00d3N<br \/>\nEstrella elimina virus, hongos, bacterias y al\u00e9rgenos, garantizando la m\u00e1xima protecci\u00f3n para la familia (f\u00f3rmula testada en laboratorios independientes).<\/p>\n<p>LIMPIEZA EN PROFUNDIDAD<br \/>\nTermina con la suciedad de todas las superficies con facilidad<\/p>\n<p>COMBATE EL MAL OLOR<br \/>\nElimina bacterias y hongos responsables de su formaci\u00f3n.<\/p>\n<p>ELIMINA AL\u00c9RGENOS<br \/>\nNeutraliza y elimina las sustancias que pueden provocar reacciones al\u00e9rgicas. Las m\u00e1s comunes son el polen, moho, pelo de mascota y polvo.<\/p>","protected":false},"excerpt":{"rendered":"<p>Lej\u00eda con jab\u00f3n \u201cEstrella\u201d (1,5 L) con lej\u00eda y detergente.<\/p>","protected":false},"featured_media":1444,"template":"","meta":[],"pwb-brand":[356],"product_brand":[],"product_cat":[67],"product_tag":[],"class_list":{"0":"post-1445","1":"product","2":"type-product","3":"status-publish","4":"has-post-thumbnail","6":"pwb-brand-estrella","7":"product_cat-lleixius","9":"first","10":"outofstock","11":"taxable","12":"shipping-taxable","13":"purchasable","14":"product-type-simple"},"brands":[{"id":356,"name":"Estrella","slug":"estrella"}],"_links":{"self":[{"href":"https:\/\/tenda.elmasove.com\/es\/wp-json\/wp\/v2\/product\/1445","targetHints":{"allow":["GET"]}}],"collection":[{"href":"https:\/\/tenda.elmasove.com\/es\/wp-json\/wp\/v2\/product"}],"about":[{"href":"https:\/\/tenda.elmasove.com\/es\/wp-json\/wp\/v2\/types\/product"}],"wp:featuredmedia":[{"embeddable":true,"href":"https:\/\/tenda.elmasove.com\/es\/wp-json\/wp\/v2\/media\/1444"}],"wp:attachment":[{"href":"https:\/\/tenda.elmasove.com\/es\/wp-json\/wp\/v2\/media?parent=1445"}],"wp:term":[{"taxonomy":"pwb-brand","embeddable":true,"href":"https:\/\/tenda.elmasove.com\/es\/wp-json\/wp\/v2\/pwb-brand?post=1445"},{"taxonomy":"product_brand","embeddable":true,"href":"https:\/\/tenda.elmasove.com\/es\/wp-json\/wp\/v2\/product_brand?post=1445"},{"taxonomy":"product_cat","embeddable":true,"href":"https:\/\/tenda.elmasove.com\/es\/wp-json\/wp\/v2\/product_cat?post=1445"},{"taxonomy":"product_tag","embeddable":true,"href":"https:\/\/tenda.elmasove.com\/es\/wp-json\/wp\/v2\/product_tag?post=1445"}],"curies":[{"name":"wp","href":"https:\/\/api.w.org\/{rel}","templated":true}]}}