{"id":1441,"date":"2019-05-27T09:08:37","date_gmt":"2019-05-27T07:08:37","guid":{"rendered":"http:\/\/wp.elmasove.com\/product\/schweppes-llimona-vidre-28x20cl-retornable\/"},"modified":"2026-03-06T11:59:00","modified_gmt":"2026-03-06T10:59:00","slug":"tonica-schweppes-llimona-vidre-28x20cl-retornable","status":"publish","type":"product","link":"https:\/\/tenda.elmasove.com\/es\/tienda\/begudes\/sense-alcohol\/refrescos\/tonica-schweppes-llimona-vidre-28x20cl-retornable\/","title":{"rendered":"T\u00f3nica &quot;Schweppes&quot; Limona Cristal (28x20cl) - Incluido 4 \u20ac en envase retornable."},"content":{"rendered":"<p><span style=\"font-weight: 400;\">Schweppes Lim\u00f3n original, fresco, con un toque seco.<\/span><\/p>\n<p><span style=\"font-weight: 400;\">Su cuidado proceso de elaboraci\u00f3n a base de corteza de lim\u00f3n lo hace un mixero lleno de matices con un gusto equilibrado, perfecto para los rones y vodkas m\u00e1s exigentes.<\/span><\/p>\n<p><span style=\"font-weight: 400;\">El primer refresco de lim\u00f3n con gas creado por el hombre, basado en la f\u00f3rmula de Jacob Schweppes de 1783. El lim\u00f3n de Schweppes cl\u00e1sico y original ha mantenido su proceso de elaboraci\u00f3n \u00fanico a base de corteza de lim\u00f3n, consiguiendo as\u00ed un sabor equilibrado y rico en matices. Perfecto para aquellos que saben lo que quieren.<\/span><\/p>\n<p><strong>Retornable. Envase incluido en el precio.<\/strong><\/p>","protected":false},"excerpt":{"rendered":"<p><span style=\"font-weight: 400;\">Su cuidado proceso de elaboraci\u00f3n a base de corteza de lim\u00f3n lo hace un mixero lleno de matices con un gusto equilibrado, perfecto para los rones y vodkas m\u00e1s exigentes.<\/span><\/p>\n<p><strong>Retornable. Envase incluido en el precio.<\/strong><\/p>","protected":false},"featured_media":2336,"template":"","meta":[],"pwb-brand":[222],"product_brand":[],"product_cat":[172,90,56],"product_tag":[],"class_list":{"0":"post-1441","1":"product","2":"type-product","3":"status-publish","4":"has-post-thumbnail","6":"pwb-brand-schweppes","7":"product_cat-retornables","8":"product_cat-refrescos","9":"product_cat-sense-alcohol","11":"first","12":"instock","13":"taxable","14":"shipping-taxable","15":"purchasable","16":"product-type-simple"},"brands":[{"id":222,"name":"Schweppes","slug":"schweppes"}],"_links":{"self":[{"href":"https:\/\/tenda.elmasove.com\/es\/wp-json\/wp\/v2\/product\/1441","targetHints":{"allow":["GET"]}}],"collection":[{"href":"https:\/\/tenda.elmasove.com\/es\/wp-json\/wp\/v2\/product"}],"about":[{"href":"https:\/\/tenda.elmasove.com\/es\/wp-json\/wp\/v2\/types\/product"}],"wp:featuredmedia":[{"embeddable":true,"href":"https:\/\/tenda.elmasove.com\/es\/wp-json\/wp\/v2\/media\/2336"}],"wp:attachment":[{"href":"https:\/\/tenda.elmasove.com\/es\/wp-json\/wp\/v2\/media?parent=1441"}],"wp:term":[{"taxonomy":"pwb-brand","embeddable":true,"href":"https:\/\/tenda.elmasove.com\/es\/wp-json\/wp\/v2\/pwb-brand?post=1441"},{"taxonomy":"product_brand","embeddable":true,"href":"https:\/\/tenda.elmasove.com\/es\/wp-json\/wp\/v2\/product_brand?post=1441"},{"taxonomy":"product_cat","embeddable":true,"href":"https:\/\/tenda.elmasove.com\/es\/wp-json\/wp\/v2\/product_cat?post=1441"},{"taxonomy":"product_tag","embeddable":true,"href":"https:\/\/tenda.elmasove.com\/es\/wp-json\/wp\/v2\/product_tag?post=1441"}],"curies":[{"name":"wp","href":"https:\/\/api.w.org\/{rel}","templated":true}]}}