{"id":1439,"date":"2019-05-27T09:04:41","date_gmt":"2019-05-27T07:04:41","guid":{"rendered":"http:\/\/wp.elmasove.com\/product\/schweppes-taronja-vidre-28x20cl-retornable\/"},"modified":"2026-03-06T12:53:59","modified_gmt":"2026-03-06T11:53:59","slug":"tonica-schweppes-taronja-vidre-28x20cl-retornable","status":"publish","type":"product","link":"https:\/\/tenda.elmasove.com\/es\/tienda\/begudes\/sense-alcohol\/refrescos\/tonica-schweppes-taronja-vidre-28x20cl-retornable\/","title":{"rendered":"T\u00f3nica \u201cSchweppes\u201d Naranja Cristal (28x20cl) \u2013 Incluido 4 \u20ac en envase retornable."},"content":{"rendered":"<p>&nbsp;<\/p>\n<p>Retornable. Envase incluido en el precio.<\/p>\n<p><span style=\"font-weight: 400;\">Naranja original, fresca, con un toque seco. Una combinaci\u00f3n de notas amargas procedentes de la corteza de la naranja y el inconfundible toque c\u00edtrico para un trago de alta intensidad.<\/span><\/p>\n<p><span style=\"font-weight: 400;\">La combinaci\u00f3n de la f\u00f3rmula original de Jacob Schweppes, su elaboraci\u00f3n con corteza de naranja y la inconfundible burbuja Schweppes, hacen de este refresco con gas una bebida perfecta para paladares entendidos que buscan gozar de un sabor intenso y equilibrado.<\/span><\/p>","protected":false},"excerpt":{"rendered":"<p><span style=\"font-weight: 400;\">Naranja original, fresca, con un toque seco. Una combinaci\u00f3n de notas amargas procedentes de la corteza de la naranja y el inconfundible toque c\u00edtrico para un trago de alta intensidad.<\/span><\/p>\n<p><strong>Retornable. Envase incluido en el precio.<\/strong><\/p>","protected":false},"featured_media":2339,"template":"","meta":[],"pwb-brand":[222],"product_brand":[],"product_cat":[172,90,56],"product_tag":[],"class_list":{"0":"post-1439","1":"product","2":"type-product","3":"status-publish","4":"has-post-thumbnail","6":"pwb-brand-schweppes","7":"product_cat-retornables","8":"product_cat-refrescos","9":"product_cat-sense-alcohol","11":"first","12":"instock","13":"taxable","14":"shipping-taxable","15":"purchasable","16":"product-type-simple"},"brands":[{"id":222,"name":"Schweppes","slug":"schweppes"}],"_links":{"self":[{"href":"https:\/\/tenda.elmasove.com\/es\/wp-json\/wp\/v2\/product\/1439","targetHints":{"allow":["GET"]}}],"collection":[{"href":"https:\/\/tenda.elmasove.com\/es\/wp-json\/wp\/v2\/product"}],"about":[{"href":"https:\/\/tenda.elmasove.com\/es\/wp-json\/wp\/v2\/types\/product"}],"wp:featuredmedia":[{"embeddable":true,"href":"https:\/\/tenda.elmasove.com\/es\/wp-json\/wp\/v2\/media\/2339"}],"wp:attachment":[{"href":"https:\/\/tenda.elmasove.com\/es\/wp-json\/wp\/v2\/media?parent=1439"}],"wp:term":[{"taxonomy":"pwb-brand","embeddable":true,"href":"https:\/\/tenda.elmasove.com\/es\/wp-json\/wp\/v2\/pwb-brand?post=1439"},{"taxonomy":"product_brand","embeddable":true,"href":"https:\/\/tenda.elmasove.com\/es\/wp-json\/wp\/v2\/product_brand?post=1439"},{"taxonomy":"product_cat","embeddable":true,"href":"https:\/\/tenda.elmasove.com\/es\/wp-json\/wp\/v2\/product_cat?post=1439"},{"taxonomy":"product_tag","embeddable":true,"href":"https:\/\/tenda.elmasove.com\/es\/wp-json\/wp\/v2\/product_tag?post=1439"}],"curies":[{"name":"wp","href":"https:\/\/api.w.org\/{rel}","templated":true}]}}