{"id":1427,"date":"2019-05-22T12:23:56","date_gmt":"2019-05-22T10:23:56","guid":{"rendered":"http:\/\/wp.elmasove.com\/product\/licor-jagermeister-0-70l\/"},"modified":"2020-02-05T11:13:51","modified_gmt":"2020-02-05T10:13:51","slug":"licor-jagermeister-0-70l","status":"publish","type":"product","link":"https:\/\/tenda.elmasove.com\/es\/tienda\/begudes\/licors\/orujo\/licor-jagermeister-0-70l\/","title":{"rendered":"Licor &quot;J\u00e4germeister&quot; (0.70L)"},"content":{"rendered":"<p>Licor &quot;J\u00e4germeister&quot; (0.70L) est\u00e1 elaborado a partir de la mezcla de 56 bot\u00e1nicos, nuestro licor helado es adorado por aquellos que llevan la originalidad un paso m\u00e1s all\u00e1.<\/p>\n<p>Todas las obras de arte alemanas contienen precisi\u00f3n e inspiraci\u00f3n a partes iguales. Atrevido y al mismo tiempo equilibrado, nuestro licor de hierbas no es una excepci\u00f3n.<\/p>\n<p>Nuestro licor \u00fanico fue creado por Curt Mast en Wolfenb\u00fcttel, Alemania. Aunque los tiempos hayan cambiado, su receta sigue siendo la misma. No se toca una f\u00f3rmula ganadora. Ser ic\u00f3nico es as\u00ed de sencillo.<\/p>","protected":false},"excerpt":{"rendered":"<p>Licor &quot;J\u00e4germeister&quot; (0.70L) est\u00e1 elaborado a partir de la mezcla de 56 bot\u00e1nicos, nuestro licor helado es adorado por aquellos que llevan la originalidad un paso m\u00e1s all\u00e1.<\/p>","protected":false},"featured_media":1426,"template":"","meta":[],"pwb-brand":[354],"product_brand":[],"product_cat":[52,117],"product_tag":[],"class_list":{"0":"post-1427","1":"product","2":"type-product","3":"status-publish","4":"has-post-thumbnail","6":"pwb-brand-jagermeister","7":"product_cat-licors","8":"product_cat-orujo","10":"first","11":"outofstock","12":"taxable","13":"shipping-taxable","14":"purchasable","15":"product-type-simple"},"brands":[{"id":354,"name":"J\u00e4germeister","slug":"jagermeister"}],"_links":{"self":[{"href":"https:\/\/tenda.elmasove.com\/es\/wp-json\/wp\/v2\/product\/1427","targetHints":{"allow":["GET"]}}],"collection":[{"href":"https:\/\/tenda.elmasove.com\/es\/wp-json\/wp\/v2\/product"}],"about":[{"href":"https:\/\/tenda.elmasove.com\/es\/wp-json\/wp\/v2\/types\/product"}],"wp:featuredmedia":[{"embeddable":true,"href":"https:\/\/tenda.elmasove.com\/es\/wp-json\/wp\/v2\/media\/1426"}],"wp:attachment":[{"href":"https:\/\/tenda.elmasove.com\/es\/wp-json\/wp\/v2\/media?parent=1427"}],"wp:term":[{"taxonomy":"pwb-brand","embeddable":true,"href":"https:\/\/tenda.elmasove.com\/es\/wp-json\/wp\/v2\/pwb-brand?post=1427"},{"taxonomy":"product_brand","embeddable":true,"href":"https:\/\/tenda.elmasove.com\/es\/wp-json\/wp\/v2\/product_brand?post=1427"},{"taxonomy":"product_cat","embeddable":true,"href":"https:\/\/tenda.elmasove.com\/es\/wp-json\/wp\/v2\/product_cat?post=1427"},{"taxonomy":"product_tag","embeddable":true,"href":"https:\/\/tenda.elmasove.com\/es\/wp-json\/wp\/v2\/product_tag?post=1427"}],"curies":[{"name":"wp","href":"https:\/\/api.w.org\/{rel}","templated":true}]}}