{"id":1425,"date":"2019-05-22T12:21:33","date_gmt":"2019-05-22T10:21:33","guid":{"rendered":"http:\/\/wp.elmasove.com\/product\/jack-daniel-s-whisky-0-70l\/"},"modified":"2020-02-05T11:08:19","modified_gmt":"2020-02-05T10:08:19","slug":"jack-daniel-s-whisky-0-70l","status":"publish","type":"product","link":"https:\/\/tenda.elmasove.com\/es\/tienda\/begudes\/licors\/varis\/jack-daniel-s-whisky-0-70l\/","title":{"rendered":"Whisky &quot;Jack Daniel&#039;s&quot; (0.70L)"},"content":{"rendered":"<p>Whisky &quot;Jack Daniel&#039;s&quot; (0.70L) est\u00e1 filtrado gota a gota a trav\u00e9s de tres metros de carb\u00f3n de arce sacarino y madurado en botas de elaboraci\u00f3n propia. Nuestro Tennessee Whiskey no sigue un calendario. Est\u00e1 listo cuando nuestros maestros destiladores lo indican seg\u00fan su apariencia, su aroma y, por supuesto, su sabor. As\u00ed lo hac\u00eda Jack Daniel en persona hace m\u00e1s de un siglo. Y as\u00ed lo seguimos haciendo hoy.<\/p>\n<p>Filtrado por carb\u00f3n de arce sacarino<br \/>\nMadurado en botas de elaboraci\u00f3n propia<br \/>\nEquilibrio de aromas dulces y de roble tostado<\/p>","protected":false},"excerpt":{"rendered":"<p>Whisky &quot;Jack Daniel&#039;s&quot; (0.70L) est\u00e1 filtrado gota a gota a trav\u00e9s de tres metros de carb\u00f3n de arce sacarino y madurado en botas de elaboraci\u00f3n propia.<\/p>","protected":false},"featured_media":1424,"template":"","meta":[],"pwb-brand":[353],"product_brand":[],"product_cat":[87,52],"product_tag":[],"class_list":{"0":"post-1425","1":"product","2":"type-product","3":"status-publish","4":"has-post-thumbnail","6":"pwb-brand-jack-daniels","7":"product_cat-varis","8":"product_cat-licors","10":"first","11":"outofstock","12":"taxable","13":"shipping-taxable","14":"purchasable","15":"product-type-simple"},"brands":[{"id":353,"name":"Jack Daniel&#039;s","slug":"jack-daniels"}],"_links":{"self":[{"href":"https:\/\/tenda.elmasove.com\/es\/wp-json\/wp\/v2\/product\/1425","targetHints":{"allow":["GET"]}}],"collection":[{"href":"https:\/\/tenda.elmasove.com\/es\/wp-json\/wp\/v2\/product"}],"about":[{"href":"https:\/\/tenda.elmasove.com\/es\/wp-json\/wp\/v2\/types\/product"}],"wp:featuredmedia":[{"embeddable":true,"href":"https:\/\/tenda.elmasove.com\/es\/wp-json\/wp\/v2\/media\/1424"}],"wp:attachment":[{"href":"https:\/\/tenda.elmasove.com\/es\/wp-json\/wp\/v2\/media?parent=1425"}],"wp:term":[{"taxonomy":"pwb-brand","embeddable":true,"href":"https:\/\/tenda.elmasove.com\/es\/wp-json\/wp\/v2\/pwb-brand?post=1425"},{"taxonomy":"product_brand","embeddable":true,"href":"https:\/\/tenda.elmasove.com\/es\/wp-json\/wp\/v2\/product_brand?post=1425"},{"taxonomy":"product_cat","embeddable":true,"href":"https:\/\/tenda.elmasove.com\/es\/wp-json\/wp\/v2\/product_cat?post=1425"},{"taxonomy":"product_tag","embeddable":true,"href":"https:\/\/tenda.elmasove.com\/es\/wp-json\/wp\/v2\/product_tag?post=1425"}],"curies":[{"name":"wp","href":"https:\/\/api.w.org\/{rel}","templated":true}]}}