{"id":1419,"date":"2019-05-22T12:05:30","date_gmt":"2019-05-22T10:05:30","guid":{"rendered":"http:\/\/wp.elmasove.com\/product\/gin-larios-0-75l\/"},"modified":"2020-02-05T10:50:22","modified_gmt":"2020-02-05T09:50:22","slug":"gin-larios-0-75l","status":"publish","type":"product","link":"https:\/\/tenda.elmasove.com\/es\/tienda\/begudes\/licors\/varis\/gin-larios-0-75l\/","title":{"rendered":"Ginebra &quot;Larios&quot; (0.75L)"},"content":{"rendered":"<p>Ginebra \u201cLarios\u201d (0.75L) es una Ginebra Mediterr\u00e1nea de excelente calidad destilada a partir de productos naturales.<\/p>\n<p>Es el tipo de ginebra m\u00e1s extendida de mercado, London Dry, que se caracteriza por a\u00f1adir \u00fanicamente agua despu\u00e9s de la segunda destilaci\u00f3n.<\/p>\n<p>Posee los aromas propios de la ginebra: bayas de enebro salvaje que se unen a los c\u00edtricos m\u00e1s refrescantes: lim\u00f3n y naranja del Mediterr\u00e1neo. Es la ginebra m\u00e1s cercana a los consumidores por su car\u00e1cter mediterr\u00e1neo y su presencia en el mercado a lo largo de muchos a\u00f1os.<\/p>","protected":false},"excerpt":{"rendered":"<p>Ginebra \u201cLarios\u201d (0.75L) es una Ginebra Mediterr\u00e1nea de excelente calidad destilada a partir de productos naturales.<\/p>","protected":false},"featured_media":1418,"template":"","meta":[],"pwb-brand":[350],"product_brand":[],"product_cat":[87,52],"product_tag":[],"class_list":{"0":"post-1419","1":"product","2":"type-product","3":"status-publish","4":"has-post-thumbnail","6":"pwb-brand-larios","7":"product_cat-varis","8":"product_cat-licors","10":"first","11":"outofstock","12":"taxable","13":"shipping-taxable","14":"purchasable","15":"product-type-simple"},"brands":[{"id":350,"name":"Larios","slug":"larios"}],"_links":{"self":[{"href":"https:\/\/tenda.elmasove.com\/es\/wp-json\/wp\/v2\/product\/1419","targetHints":{"allow":["GET"]}}],"collection":[{"href":"https:\/\/tenda.elmasove.com\/es\/wp-json\/wp\/v2\/product"}],"about":[{"href":"https:\/\/tenda.elmasove.com\/es\/wp-json\/wp\/v2\/types\/product"}],"wp:featuredmedia":[{"embeddable":true,"href":"https:\/\/tenda.elmasove.com\/es\/wp-json\/wp\/v2\/media\/1418"}],"wp:attachment":[{"href":"https:\/\/tenda.elmasove.com\/es\/wp-json\/wp\/v2\/media?parent=1419"}],"wp:term":[{"taxonomy":"pwb-brand","embeddable":true,"href":"https:\/\/tenda.elmasove.com\/es\/wp-json\/wp\/v2\/pwb-brand?post=1419"},{"taxonomy":"product_brand","embeddable":true,"href":"https:\/\/tenda.elmasove.com\/es\/wp-json\/wp\/v2\/product_brand?post=1419"},{"taxonomy":"product_cat","embeddable":true,"href":"https:\/\/tenda.elmasove.com\/es\/wp-json\/wp\/v2\/product_cat?post=1419"},{"taxonomy":"product_tag","embeddable":true,"href":"https:\/\/tenda.elmasove.com\/es\/wp-json\/wp\/v2\/product_tag?post=1419"}],"curies":[{"name":"wp","href":"https:\/\/api.w.org\/{rel}","templated":true}]}}