{"id":1415,"date":"2019-05-22T11:59:44","date_gmt":"2019-05-22T09:59:44","guid":{"rendered":"http:\/\/wp.elmasove.com\/product\/ron-cacique\/"},"modified":"2020-02-05T10:37:32","modified_gmt":"2020-02-05T09:37:32","slug":"ron-cacique","status":"publish","type":"product","link":"https:\/\/tenda.elmasove.com\/es\/tienda\/begudes\/licors\/varis\/ron-cacique\/","title":{"rendered":"Ron \u201cCacique\u201d"},"content":{"rendered":"<p>El Ron Cacique A\u00f1ejo es un ron venezolano elaborado por Industrias Cacique en las Destiler\u00edas Unidas, aunque la marca pertenece a Diageo.<\/p>\n<p>Est\u00e1 elaborado a partir de una mezcla de siete rones a\u00f1ejos elaborados de la ca\u00f1a de az\u00facar de plantaciones propias, que despu\u00e9s de obtener el zumo, \u00e9ste se mezcla con agua mineral, de aguas puras de un manantial propio para poder fermentarlos. \u00c9ste es el valor diferencial del ron dorado Cacic A\u00f1ejo. Posteriormente se rancia entre dos y seis a\u00f1os en barricas de roble importado.<\/p>\n<p>Visualmente el ron de Venezuela Cacic A\u00f1ejo es dorado y brillante con un aroma franco, suave y de sutiles notas de pasteler\u00eda, especias dulces, caramelo y madera. Tiene un sabor intenso y equilibrado ideal para disfrutar en combinados.<\/p>\n<p>El ron Cacique de Venezuela fue l\u00edder en el mercado la d\u00e9cada pasada pero la desbanc\u00f3 a sus competidores dominicanos al tener un sabor m\u00e1s dulce y f\u00e1cil.<\/p>","protected":false},"excerpt":{"rendered":"<p>Est\u00e1 elaborado a partir de una mezcla de siete rones a\u00f1ejos elaborados de la ca\u00f1a de az\u00facar de plantaciones propias, que despu\u00e9s de obtener el zumo, \u00e9ste se mezcla con agua mineral, de aguas puras de un manantial propio para poder fermentarlos. \u00c9ste es el valor diferencial del ron dorado Cacic A\u00f1ejo. Posteriormente se rancia entre dos y seis a\u00f1os en barricas de roble importado.<\/p>","protected":false},"featured_media":1414,"template":"","meta":[],"pwb-brand":[],"product_brand":[],"product_cat":[87,52],"product_tag":[],"class_list":{"0":"post-1415","1":"product","2":"type-product","3":"status-publish","4":"has-post-thumbnail","6":"product_cat-varis","7":"product_cat-licors","9":"first","10":"outofstock","11":"taxable","12":"shipping-taxable","13":"purchasable","14":"product-type-simple"},"brands":[],"_links":{"self":[{"href":"https:\/\/tenda.elmasove.com\/es\/wp-json\/wp\/v2\/product\/1415","targetHints":{"allow":["GET"]}}],"collection":[{"href":"https:\/\/tenda.elmasove.com\/es\/wp-json\/wp\/v2\/product"}],"about":[{"href":"https:\/\/tenda.elmasove.com\/es\/wp-json\/wp\/v2\/types\/product"}],"wp:featuredmedia":[{"embeddable":true,"href":"https:\/\/tenda.elmasove.com\/es\/wp-json\/wp\/v2\/media\/1414"}],"wp:attachment":[{"href":"https:\/\/tenda.elmasove.com\/es\/wp-json\/wp\/v2\/media?parent=1415"}],"wp:term":[{"taxonomy":"pwb-brand","embeddable":true,"href":"https:\/\/tenda.elmasove.com\/es\/wp-json\/wp\/v2\/pwb-brand?post=1415"},{"taxonomy":"product_brand","embeddable":true,"href":"https:\/\/tenda.elmasove.com\/es\/wp-json\/wp\/v2\/product_brand?post=1415"},{"taxonomy":"product_cat","embeddable":true,"href":"https:\/\/tenda.elmasove.com\/es\/wp-json\/wp\/v2\/product_cat?post=1415"},{"taxonomy":"product_tag","embeddable":true,"href":"https:\/\/tenda.elmasove.com\/es\/wp-json\/wp\/v2\/product_tag?post=1415"}],"curies":[{"name":"wp","href":"https:\/\/api.w.org\/{rel}","templated":true}]}}