{"id":1401,"date":"2019-05-15T15:35:56","date_gmt":"2019-05-15T13:35:56","guid":{"rendered":"http:\/\/wp.elmasove.com\/product\/patxaran-etxeco\/"},"modified":"2020-02-05T10:16:05","modified_gmt":"2020-02-05T09:16:05","slug":"patxaran-etxeko","status":"publish","type":"product","link":"https:\/\/tenda.elmasove.com\/es\/tienda\/begudes\/licors\/anis\/patxaran-etxeko\/","title":{"rendered":"Puchar\u00e1n \u201cEtxeko\u201d"},"content":{"rendered":"<p>Patxaran Etxeco es el resultado de la maceraci\u00f3n de endrinos con alcohol. Nuestras ara\u00f1ones proceden en su mayor parte de plantaciones Navarras controladas directamente por el Consejo Regulador de Patxaran Navarro. El alcohol proviene de las melazas de remolacha de la mejor calidad.<\/p>\n<p>A partir de la maceraci\u00f3n, que se alargar\u00e1 aproximadamente 2 meses dependiendo de la evoluci\u00f3n del fruto azulado con el alcohol tanto en color como en cata, se a\u00f1ade el az\u00facar y el an\u00eds.<\/p>\n<p>La mezcla resultante se filtra hasta 5 veces para separar impurezas y obtener una mezcla homog\u00e9nea en el gusto de consumidor.<\/p>\n<p>\u00c9ste pacharan se elabora sumando los componentes en la base de la receta tradicional de la Familia Belasco.<\/p>\n<p><strong class=\"tit_info_ficha\">GRADUACI\u00d3N ALCOH\u00d3LICA<br \/>\n<\/strong>25\u00ba<\/p>\n<p><strong>CATA<\/strong><\/p>\n<p>COLOR: Presenta un color rojo intenso con ligeros tonos tejas. Brillo y limpidez caracter\u00edstico de bebidas j\u00f3venes.<\/p>\n<p>NARIZ: El primer aroma que se aprecia es a fruta, resaltando tambi\u00e9n con facilidad los matices anisados.<\/p>\n<p>BOCA: Presenta el sabor a ara\u00f1\u00f3n caracter\u00edstico de este producto y la dulzura del licor queda amortiguada por la acidez y la amargura que le cede la fruta.<\/p>","protected":false},"excerpt":{"rendered":"<p>Pacharan \u201cEtxeco\u201d es el resultado de la maceraci\u00f3n de endrinos con alcohol. Nuestras ara\u00f1ones proceden en su mayor parte de plantaciones Navarras controladas directamente por el Consejo Regulador de Patxaran Navarro. El alcohol proviene de las melazas de remolacha de la mejor calidad.<\/p>","protected":false},"featured_media":1400,"template":"","meta":[],"pwb-brand":[342],"product_brand":[],"product_cat":[111,17,52],"product_tag":[],"class_list":{"0":"post-1401","1":"product","2":"type-product","3":"status-publish","4":"has-post-thumbnail","6":"pwb-brand-etxeko","7":"product_cat-anis","8":"product_cat-begudes","9":"product_cat-licors","11":"first","12":"outofstock","13":"taxable","14":"shipping-taxable","15":"purchasable","16":"product-type-simple"},"brands":[{"id":342,"name":"Echeko","slug":"etxeko"}],"_links":{"self":[{"href":"https:\/\/tenda.elmasove.com\/es\/wp-json\/wp\/v2\/product\/1401","targetHints":{"allow":["GET"]}}],"collection":[{"href":"https:\/\/tenda.elmasove.com\/es\/wp-json\/wp\/v2\/product"}],"about":[{"href":"https:\/\/tenda.elmasove.com\/es\/wp-json\/wp\/v2\/types\/product"}],"wp:featuredmedia":[{"embeddable":true,"href":"https:\/\/tenda.elmasove.com\/es\/wp-json\/wp\/v2\/media\/1400"}],"wp:attachment":[{"href":"https:\/\/tenda.elmasove.com\/es\/wp-json\/wp\/v2\/media?parent=1401"}],"wp:term":[{"taxonomy":"pwb-brand","embeddable":true,"href":"https:\/\/tenda.elmasove.com\/es\/wp-json\/wp\/v2\/pwb-brand?post=1401"},{"taxonomy":"product_brand","embeddable":true,"href":"https:\/\/tenda.elmasove.com\/es\/wp-json\/wp\/v2\/product_brand?post=1401"},{"taxonomy":"product_cat","embeddable":true,"href":"https:\/\/tenda.elmasove.com\/es\/wp-json\/wp\/v2\/product_cat?post=1401"},{"taxonomy":"product_tag","embeddable":true,"href":"https:\/\/tenda.elmasove.com\/es\/wp-json\/wp\/v2\/product_tag?post=1401"}],"curies":[{"name":"wp","href":"https:\/\/api.w.org\/{rel}","templated":true}]}}