{"id":1397,"date":"2019-05-15T15:28:57","date_gmt":"2019-05-15T13:28:57","guid":{"rendered":"http:\/\/wp.elmasove.com\/product\/brandy-103\/"},"modified":"2020-02-05T09:39:54","modified_gmt":"2020-02-05T08:39:54","slug":"brandy-103","status":"publish","type":"product","link":"https:\/\/tenda.elmasove.com\/es\/tienda\/begudes\/licors\/brandi\/brandy-103\/","title":{"rendered":"Brandy &quot;103&quot;"},"content":{"rendered":"<p>Brandy 103 de las Bodegas Osborne es una bebida espirituosa obtenida a partir de holandes y aguardientes de vino combinados con destilados de origen agr\u00edcola seleccionados. Su proceso de elaboraci\u00f3n y envejecimiento se caracteriza por el uso en su envejecimiento de barricas de roble americano previamente envinadas con vinos finos de Jerez, siguiendo el tradicional sistema din\u00e1mico de envejecimiento de Criaderas y Soleres.<\/p>\n<p><strong>NOTA DE CATA<\/strong><\/p>\n<p>Color oro p\u00e1lido, luminoso y brillante. Nariz de media intensidad, fragante, con un bouquet que recuerda al melocot\u00f3n maduro y un delicado toque de roble. Equilibrado y c\u00e1lido. En boca es suave, amable y persitente, ligeramente vertido.<\/p>","protected":false},"excerpt":{"rendered":"<p>Brandy 103 de las Bodegas Osborne es una bebida espirituosa obtenida a partir de holandes y aguardientes de vino combinados con destilados de origen agr\u00edcola seleccionados. Su proceso de elaboraci\u00f3n y envejecimiento se caracteriza por el uso en su envejecimiento de barricas de roble americano previamente envinadas con vinos finos de Jerez, siguiendo el tradicional sistema din\u00e1mico de envejecimiento de Criaderas y Soleres.<\/p>","protected":false},"featured_media":1396,"template":"","meta":[],"pwb-brand":[340],"product_brand":[],"product_cat":[97,17,52],"product_tag":[],"class_list":{"0":"post-1397","1":"product","2":"type-product","3":"status-publish","4":"has-post-thumbnail","6":"pwb-brand-340","7":"product_cat-brandi","8":"product_cat-begudes","9":"product_cat-licors","11":"first","12":"outofstock","13":"taxable","14":"shipping-taxable","15":"purchasable","16":"product-type-simple"},"brands":[{"id":340,"name":"103","slug":"103"}],"_links":{"self":[{"href":"https:\/\/tenda.elmasove.com\/es\/wp-json\/wp\/v2\/product\/1397","targetHints":{"allow":["GET"]}}],"collection":[{"href":"https:\/\/tenda.elmasove.com\/es\/wp-json\/wp\/v2\/product"}],"about":[{"href":"https:\/\/tenda.elmasove.com\/es\/wp-json\/wp\/v2\/types\/product"}],"wp:featuredmedia":[{"embeddable":true,"href":"https:\/\/tenda.elmasove.com\/es\/wp-json\/wp\/v2\/media\/1396"}],"wp:attachment":[{"href":"https:\/\/tenda.elmasove.com\/es\/wp-json\/wp\/v2\/media?parent=1397"}],"wp:term":[{"taxonomy":"pwb-brand","embeddable":true,"href":"https:\/\/tenda.elmasove.com\/es\/wp-json\/wp\/v2\/pwb-brand?post=1397"},{"taxonomy":"product_brand","embeddable":true,"href":"https:\/\/tenda.elmasove.com\/es\/wp-json\/wp\/v2\/product_brand?post=1397"},{"taxonomy":"product_cat","embeddable":true,"href":"https:\/\/tenda.elmasove.com\/es\/wp-json\/wp\/v2\/product_cat?post=1397"},{"taxonomy":"product_tag","embeddable":true,"href":"https:\/\/tenda.elmasove.com\/es\/wp-json\/wp\/v2\/product_tag?post=1397"}],"curies":[{"name":"wp","href":"https:\/\/api.w.org\/{rel}","templated":true}]}}