{"id":1338,"date":"2019-05-06T11:10:21","date_gmt":"2019-05-06T09:10:21","guid":{"rendered":"http:\/\/wp.elmasove.com\/product\/cooler-10l\/"},"modified":"2023-04-13T12:41:52","modified_gmt":"2023-04-13T10:41:52","slug":"aigua-manantial-de-sant-hilari-10l-cooler-retornable","status":"publish","type":"product","link":"https:\/\/tenda.elmasove.com\/es\/tienda\/begudes\/agua\/aigua-mineral-natural\/aigua-manantial-de-sant-hilari-10l-cooler-retornable\/","title":{"rendered":"Agua Manantial de Sant Hilari (10L) - Incluido 6 \u20ac en envase retornable."},"content":{"rendered":"<p>El Agua mineral natural del Manantial de Sant Hilari nace en el macizo de las Guilleries, a m\u00e1s de 1.000 metros de altitud y en medio de grandes bosques de encinas, robles, hayas, chopos y casta\u00f1os. El manantial est\u00e1 ubicado en un entorno protegido, en el que el agua de la lluvia se ha filtrado por terrenos de roca gran\u00edtica durante a\u00f1os originando, a unos 200 metros de profundidad, un agua muy apreciada y con unas propiedades nutricionales excepcionales.<\/p>\n<p>La denominaci\u00f3n Agua Mineral Natural, a diferencia de otros tipos de agua, nos indica que su composici\u00f3n mineral es estable y est\u00e1 prohibido cualquier tipo de tratamiento, obteniendo como resultado un agua 100% natural.<\/p>\n<p>Extra\u00edda a 1.000 m. de altura, es de mineralizaci\u00f3n d\u00e9bil. Desde la fuente hasta el momento de consumirla, Manantial de Sant Hilari garantiza y preserva la calidad y la pureza gracias a 4 factores:<\/p>\n<ul>\n<li><strong>Filtraci\u00f3n natural:<\/strong> El agua brota de una fuente inmersa en un bloque de granito, el mejor filtro natural que existe, en el coraz\u00f3n del Montseny-Guilleries (Girona)<\/li>\n<li><strong>Control sistem\u00e1tico:<\/strong> El agua se analiza a diario en el laboratorio de la planta embotelladora.<\/li>\n<li><strong>An\u00e1lisis externos:<\/strong> Peri\u00f3dicamente el laboratorio independiente dr. Oliver Rod\u00e9s analiza y certifica la calidad del agua.<\/li>\n<li><strong>Circuito sellado herm\u00e9ticamente:<\/strong> Manantial de Sant Hilari asegura la pureza del agua y el aire dentro de la botella gracias a hacerlo a trav\u00e9s de un circuito cerrado herm\u00e9ticamente.<\/li>\n<\/ul>\n<p><em>Cooler Retornable de Agua del Manantial de Sant Hilari (10L)<\/em><\/p>\n<h3>Iniciativa ecol\u00f3gica<\/h3>\n<p>La botella ECO10 de agua mineral natural de Sant Hilari permite conservar mejor el medio ambiente puesto que es retornable. Este envase exclusivo es pr\u00e1ctico, ligero y manejable. Adem\u00e1s cuenta con un tap\u00f3n dosificador para que su uso sea m\u00e1s f\u00e1cil seguro e higi\u00e9nico. Todo esto con la incomparable agua de Sant Hilari.<\/p>\n<h3>Composici\u00f3n del Agua Manantial de Sant Hilari<\/h3>\n<table>\n<tbody>\n<tr>\n<td>Conductividad (20\u00baC)<\/td>\n<td>196.-micro.S\/cm<\/td>\n<\/tr>\n<tr>\n<td>Materia Seca (180 \u00baC)<\/td>\n<td>136.0 mg\/l<\/td>\n<\/tr>\n<tr>\n<td>Alcalinidad (TA) (CaCO3)<\/td>\n<td>0.0 mg\/l<\/td>\n<\/tr>\n<tr>\n<td>Alcalinidad (TAC) (CaCO3)<\/td>\n<td>63.9 mg\/l<\/td>\n<\/tr>\n<tr>\n<td>Dureza Total (CaCO3)<\/td>\n<td>81.0 mg\/l<\/td>\n<\/tr>\n<tr>\n<td>Bicarbonatos (HCO3)<\/td>\n<td>78.0 mg\/l<\/td>\n<\/tr>\n<tr>\n<td>Carbonatos (CO3)<\/td>\n<td>0.0 mg\/l<\/td>\n<\/tr>\n<tr>\n<td>Sulfatos (SO4)<\/td>\n<td>16.4 mg\/l<\/td>\n<\/tr>\n<tr>\n<td>Cloruros (Cl)<\/td>\n<td>11.5 mg\/l<\/td>\n<\/tr>\n<tr>\n<td>Nitratos (NO3)<\/td>\n<td>13.8 mg\/l<\/td>\n<\/tr>\n<tr>\n<td>Fluoruros (F)<\/td>\n<td>0.3 mg\/l<\/td>\n<\/tr>\n<tr>\n<td>Nitritos (NO2)<\/td>\n<td>Neg. o &lt;0.02 mg\/l<\/td>\n<\/tr>\n<tr>\n<td>S\u00edlice (SiO2)<\/td>\n<td>14.3 mg\/l<\/td>\n<\/tr>\n<tr>\n<td>Calcio (Ca)<\/td>\n<td>26.5 mg\/l<\/td>\n<\/tr>\n<tr>\n<td>Magnesio (Mg)<\/td>\n<td>3.6 mg\/l<\/td>\n<\/tr>\n<tr>\n<td>Sodio (Na)<\/td>\n<td>9.0 mg\/l<\/td>\n<\/tr>\n<tr>\n<td>Potasio (K)<\/td>\n<td>1.7 mg\/l<\/td>\n<\/tr>\n<\/tbody>\n<\/table>\n<h3>Conservaci\u00f3n del Agua Manantial de Sant Hilari<\/h3>\n<p>Conservar en lugar fresco y seco, protegido de la luz solar y exento de olores intensos.<\/p>\n<h3>Retornable<\/h3>\n<p>El envase ECO10 es una iniciativa ecol\u00f3gica del Grupo Vichy Catalan.<\/p>\n<p>Incluido el envase en el precio (7\u20ac)<\/p>","protected":false},"excerpt":{"rendered":"<p>El agua de Manantial de Sant Hilari es de mineralizaci\u00f3n d\u00e9bil.<\/p>\n<p><em>Cooler Retornable de Agua del Manantial de Sant Hilari (10L).\u00a0<\/em><\/p>\n<p><strong>Retornable<\/strong><\/p>","protected":false},"featured_media":2390,"template":"","meta":[],"pwb-brand":[332],"product_brand":[],"product_cat":[172,35,91,17],"product_tag":[],"class_list":{"0":"post-1338","1":"product","2":"type-product","3":"status-publish","4":"has-post-thumbnail","6":"pwb-brand-manantial-de-sant-hilari","7":"product_cat-retornables","8":"product_cat-agua","9":"product_cat-aigua-mineral-natural","10":"product_cat-begudes","12":"first","13":"instock","14":"taxable","15":"shipping-taxable","16":"purchasable","17":"product-type-simple"},"brands":[{"id":332,"name":"Manantial de Sant Hilari","slug":"manantial-de-sant-hilari"}],"_links":{"self":[{"href":"https:\/\/tenda.elmasove.com\/es\/wp-json\/wp\/v2\/product\/1338","targetHints":{"allow":["GET"]}}],"collection":[{"href":"https:\/\/tenda.elmasove.com\/es\/wp-json\/wp\/v2\/product"}],"about":[{"href":"https:\/\/tenda.elmasove.com\/es\/wp-json\/wp\/v2\/types\/product"}],"wp:featuredmedia":[{"embeddable":true,"href":"https:\/\/tenda.elmasove.com\/es\/wp-json\/wp\/v2\/media\/2390"}],"wp:attachment":[{"href":"https:\/\/tenda.elmasove.com\/es\/wp-json\/wp\/v2\/media?parent=1338"}],"wp:term":[{"taxonomy":"pwb-brand","embeddable":true,"href":"https:\/\/tenda.elmasove.com\/es\/wp-json\/wp\/v2\/pwb-brand?post=1338"},{"taxonomy":"product_brand","embeddable":true,"href":"https:\/\/tenda.elmasove.com\/es\/wp-json\/wp\/v2\/product_brand?post=1338"},{"taxonomy":"product_cat","embeddable":true,"href":"https:\/\/tenda.elmasove.com\/es\/wp-json\/wp\/v2\/product_cat?post=1338"},{"taxonomy":"product_tag","embeddable":true,"href":"https:\/\/tenda.elmasove.com\/es\/wp-json\/wp\/v2\/product_tag?post=1338"}],"curies":[{"name":"wp","href":"https:\/\/api.w.org\/{rel}","templated":true}]}}