{"id":1324,"date":"2018-01-26T17:51:33","date_gmt":"2018-01-26T16:51:33","guid":{"rendered":"http:\/\/wp.elmasove.com\/product\/caldo-gallina-blanca-pollastre-1-l\/"},"modified":"2026-03-03T11:35:11","modified_gmt":"2026-03-03T10:35:11","slug":"caldo-gallina-blanca-pollastre-1-l","status":"publish","type":"product","link":"https:\/\/tenda.elmasove.com\/es\/tienda\/alimentacio\/brous\/caldo-gallina-blanca-pollastre-1-l\/","title":{"rendered":"Caldo Pollo &quot;Gallina Blanca&quot; (1L)"},"content":{"rendered":"<p>Con el Caldo Casero de Pollo Gallina Blanca podr\u00e1s disfrutar de un caldo casero 100% Natural hecho con cuidado y dedicaci\u00f3n como lo haces t\u00fa.<\/p>\n<p>El Caldo Casero de Pollo Gallina Blanca te ayuda a llevar una dieta equilibrada ya controlar tu ingesta de sal, sin renunciar al gusto.<\/p>\n<p>Adem\u00e1s, todos los caldos de Gallina Blanca son bajos en grasa, sin conservantes y sin gluten.<\/p>","protected":false},"excerpt":{"rendered":"<p>Con el Caldo Casero de Pollo Gallina Blanca podr\u00e1s disfrutar de un caldo casero 100% Natural hecho con cuidado y dedicaci\u00f3n como lo haces t\u00fa.<\/p>\n<p>El Caldo Casero de Pollo Gallina Blanca te ayuda a llevar una dieta equilibrada ya controlar tu ingesta de sal, sin renunciar al gusto.<\/p>\n<p>Adem\u00e1s, todos los caldos de Gallina Blanca son bajos en grasa, sin conservantes y sin gluten.<\/p>","protected":false},"featured_media":1806,"template":"","meta":[],"pwb-brand":[331],"product_brand":[],"product_cat":[19,79],"product_tag":[],"class_list":{"0":"post-1324","1":"product","2":"type-product","3":"status-publish","4":"has-post-thumbnail","6":"pwb-brand-gallina-blanca","7":"product_cat-alimentacio","8":"product_cat-brous","10":"first","11":"outofstock","12":"taxable","13":"shipping-taxable","14":"purchasable","15":"product-type-simple"},"brands":[{"id":331,"name":"Gallina Blanca","slug":"gallina-blanca"}],"_links":{"self":[{"href":"https:\/\/tenda.elmasove.com\/es\/wp-json\/wp\/v2\/product\/1324","targetHints":{"allow":["GET"]}}],"collection":[{"href":"https:\/\/tenda.elmasove.com\/es\/wp-json\/wp\/v2\/product"}],"about":[{"href":"https:\/\/tenda.elmasove.com\/es\/wp-json\/wp\/v2\/types\/product"}],"wp:featuredmedia":[{"embeddable":true,"href":"https:\/\/tenda.elmasove.com\/es\/wp-json\/wp\/v2\/media\/1806"}],"wp:attachment":[{"href":"https:\/\/tenda.elmasove.com\/es\/wp-json\/wp\/v2\/media?parent=1324"}],"wp:term":[{"taxonomy":"pwb-brand","embeddable":true,"href":"https:\/\/tenda.elmasove.com\/es\/wp-json\/wp\/v2\/pwb-brand?post=1324"},{"taxonomy":"product_brand","embeddable":true,"href":"https:\/\/tenda.elmasove.com\/es\/wp-json\/wp\/v2\/product_brand?post=1324"},{"taxonomy":"product_cat","embeddable":true,"href":"https:\/\/tenda.elmasove.com\/es\/wp-json\/wp\/v2\/product_cat?post=1324"},{"taxonomy":"product_tag","embeddable":true,"href":"https:\/\/tenda.elmasove.com\/es\/wp-json\/wp\/v2\/product_tag?post=1324"}],"curies":[{"name":"wp","href":"https:\/\/api.w.org\/{rel}","templated":true}]}}