{"id":1284,"date":"2017-10-13T16:36:43","date_gmt":"2017-10-13T14:36:43","guid":{"rendered":"http:\/\/wp.elmasove.com\/product\/3-10-cap-cafe-novell-intens-ecologic-compostable\/"},"modified":"2023-04-04T11:48:42","modified_gmt":"2023-04-04T09:48:42","slug":"3-10-cap-cafe-novell-intens-ecologic-compostable","status":"publish","type":"product","link":"https:\/\/tenda.elmasove.com\/es\/tienda\/alimentacio\/cafe\/3-10-cap-cafe-novell-intens-ecologic-compostable\/","title":{"rendered":"Caf\u00e9 Intenso Ecol\u00f3gico Compostable \u201cNovel\u201d (3\u00d710 c\u00e1psulas)"},"content":{"rendered":"<p>3 cajas de 10 c\u00e1psulas monodosis compatible con Nespresso * 100% COMPUESTABLE de caf\u00e9 org\u00e1nico.<br \/>\nSe debe depositar en la secci\u00f3n org\u00e1nica de los desechos urbanos.<br \/>\nRecomendaciones de consumo: Para cualquier ocasi\u00f3n. Apto para tomar solo o leche.<br \/>\nOrigen y caracter\u00edsticas: Taza de potente intensidad, amplitud y untuosidad.<\/p>","protected":false},"excerpt":{"rendered":"<p>3 cajas de 10 c\u00e1psulas monodosis compatible con Nespresso * 100% COMPUESTABLE de caf\u00e9 org\u00e1nico.<br \/>\nSe debe depositar en la secci\u00f3n org\u00e1nica de los desechos urbanos.<br \/>\nRecomendaciones de consumo: Para cualquier ocasi\u00f3n. Apto para tomar solo o leche.<br \/>\nOrigen y caracter\u00edsticas: Taza de potente intensidad, amplitud y untuosidad.<\/p>","protected":false},"featured_media":1283,"template":"","meta":[],"pwb-brand":[329],"product_brand":[],"product_cat":[19,20,68],"product_tag":[],"class_list":{"0":"post-1284","1":"product","2":"type-product","3":"status-publish","4":"has-post-thumbnail","6":"pwb-brand-novell","7":"product_cat-alimentacio","8":"product_cat-productes-ecologics","9":"product_cat-cafe","11":"first","12":"instock","13":"taxable","14":"shipping-taxable","15":"purchasable","16":"product-type-simple"},"brands":[{"id":329,"name":"Novel","slug":"novell"}],"_links":{"self":[{"href":"https:\/\/tenda.elmasove.com\/es\/wp-json\/wp\/v2\/product\/1284","targetHints":{"allow":["GET"]}}],"collection":[{"href":"https:\/\/tenda.elmasove.com\/es\/wp-json\/wp\/v2\/product"}],"about":[{"href":"https:\/\/tenda.elmasove.com\/es\/wp-json\/wp\/v2\/types\/product"}],"wp:featuredmedia":[{"embeddable":true,"href":"https:\/\/tenda.elmasove.com\/es\/wp-json\/wp\/v2\/media\/1283"}],"wp:attachment":[{"href":"https:\/\/tenda.elmasove.com\/es\/wp-json\/wp\/v2\/media?parent=1284"}],"wp:term":[{"taxonomy":"pwb-brand","embeddable":true,"href":"https:\/\/tenda.elmasove.com\/es\/wp-json\/wp\/v2\/pwb-brand?post=1284"},{"taxonomy":"product_brand","embeddable":true,"href":"https:\/\/tenda.elmasove.com\/es\/wp-json\/wp\/v2\/product_brand?post=1284"},{"taxonomy":"product_cat","embeddable":true,"href":"https:\/\/tenda.elmasove.com\/es\/wp-json\/wp\/v2\/product_cat?post=1284"},{"taxonomy":"product_tag","embeddable":true,"href":"https:\/\/tenda.elmasove.com\/es\/wp-json\/wp\/v2\/product_tag?post=1284"}],"curies":[{"name":"wp","href":"https:\/\/api.w.org\/{rel}","templated":true}]}}