{"id":1282,"date":"2017-10-13T16:05:01","date_gmt":"2017-10-13T14:05:01","guid":{"rendered":"http:\/\/wp.elmasove.com\/product\/3-10-cap-cafe-novell-desc-compostable\/"},"modified":"2023-04-04T11:49:31","modified_gmt":"2023-04-04T09:49:31","slug":"3-10-cap-cafe-novell-desc-compostable","status":"publish","type":"product","link":"https:\/\/tenda.elmasove.com\/es\/tienda\/alimentacio\/cafe\/3-10-cap-cafe-novell-desc-compostable\/","title":{"rendered":"Caf\u00e9 Descafeinado Ecol\u00f3gico Compostable \u201cNovel\u201d (3\u00d710 c\u00e1psulas)"},"content":{"rendered":"<p>3 cajas de 10 c\u00e1psulas monodosis compatible con Nespresso * 100% COMPUESTABLE de CAF\u00c9 ORG\u00c1NICO descafeinado.<br \/>\nSe deben depositar en la secci\u00f3n org\u00e1nica de los desechos urbanos.<br \/>\nRecomendaciones de consumo: Para cualquier ocasi\u00f3n. Apto para tomar solo o leche.<br \/>\nOrigen y caracter\u00edsticas: Caf\u00e9 descafeinado por proceso natural. Mantiene todos los atributos de un gran espresso.<\/p>","protected":false},"excerpt":{"rendered":"<p>3 cajas de 10 c\u00e1psulas monodosis compatible con Nespresso * 100% COMPUESTABLE de CAF\u00c9 ORG\u00c1NICO descafeinado.<br \/>\nSe deben depositar en la secci\u00f3n org\u00e1nica de los desechos urbanos.<br \/>\nRecomendaciones de consumo: Para cualquier ocasi\u00f3n. Apto para tomar solo o leche.<br \/>\nOrigen y caracter\u00edsticas: Caf\u00e9 descafeinado por proceso natural. Mantiene todos los atributos de un gran espresso.<\/p>","protected":false},"featured_media":1281,"template":"","meta":[],"pwb-brand":[329],"product_brand":[],"product_cat":[19,20,68],"product_tag":[],"class_list":{"0":"post-1282","1":"product","2":"type-product","3":"status-publish","4":"has-post-thumbnail","6":"pwb-brand-novell","7":"product_cat-alimentacio","8":"product_cat-productes-ecologics","9":"product_cat-cafe","11":"first","12":"instock","13":"taxable","14":"shipping-taxable","15":"purchasable","16":"product-type-simple"},"brands":[{"id":329,"name":"Novel","slug":"novell"}],"_links":{"self":[{"href":"https:\/\/tenda.elmasove.com\/es\/wp-json\/wp\/v2\/product\/1282","targetHints":{"allow":["GET"]}}],"collection":[{"href":"https:\/\/tenda.elmasove.com\/es\/wp-json\/wp\/v2\/product"}],"about":[{"href":"https:\/\/tenda.elmasove.com\/es\/wp-json\/wp\/v2\/types\/product"}],"wp:featuredmedia":[{"embeddable":true,"href":"https:\/\/tenda.elmasove.com\/es\/wp-json\/wp\/v2\/media\/1281"}],"wp:attachment":[{"href":"https:\/\/tenda.elmasove.com\/es\/wp-json\/wp\/v2\/media?parent=1282"}],"wp:term":[{"taxonomy":"pwb-brand","embeddable":true,"href":"https:\/\/tenda.elmasove.com\/es\/wp-json\/wp\/v2\/pwb-brand?post=1282"},{"taxonomy":"product_brand","embeddable":true,"href":"https:\/\/tenda.elmasove.com\/es\/wp-json\/wp\/v2\/product_brand?post=1282"},{"taxonomy":"product_cat","embeddable":true,"href":"https:\/\/tenda.elmasove.com\/es\/wp-json\/wp\/v2\/product_cat?post=1282"},{"taxonomy":"product_tag","embeddable":true,"href":"https:\/\/tenda.elmasove.com\/es\/wp-json\/wp\/v2\/product_tag?post=1282"}],"curies":[{"name":"wp","href":"https:\/\/api.w.org\/{rel}","templated":true}]}}