{"id":1275,"date":"2017-09-29T17:31:08","date_gmt":"2017-09-29T15:31:08","guid":{"rendered":"http:\/\/wp.elmasove.com\/product\/cxa-3-5-l-oli-verge-extra-arbequi-del-puig-d-o-siurana\/"},"modified":"2023-10-05T13:35:19","modified_gmt":"2023-10-05T11:35:19","slug":"cxa-3-5-l-oli-verge-extra-arbequi-del-puig-d-o-siurana","status":"publish","type":"product","link":"https:\/\/tenda.elmasove.com\/es\/tienda\/olis-i-vinagres\/oli-verge-extra\/cxa-3-5-l-oli-verge-extra-arbequi-del-puig-d-o-siurana\/","title":{"rendered":"Aceite extra virgen arbequina DO Siurana \u201cDel Puig\u201d (Cxa. 3\u00d75 L)"},"content":{"rendered":"<p>Aceite de Oliva Virgen Extra 100 % de aceitunas arbequinas de calidad superior. De sabor afrutado intenso de aceituna, con una sensaci\u00f3n que recuerda a las frutas maduras. Se perciben notas de manzana, pl\u00e1tano maduro y almendra, aparecen notas verdes de hoja \u2013 hierba y aromas secundarios de hinojo y nueces verdes. En boca, dulce y almendrado. Muy equilibrado. A trav\u00e9s de este sabor podemos decir que hemos aprendido a entender el aceite, que sabemos encontrar cu\u00e1l es la mejor tierra, el mejor momento para cada trabajo; que conocemos los procesos m\u00e1s adecuados y sabemos c\u00f3mo sacar el m\u00e1ximo de cada aceituna. Todo para que el Aceite Siurana D.Puig se pueda disfrutar en toda su plenitud.<\/p>","protected":false},"excerpt":{"rendered":"<p>Aceite de Oliva Virgen Extra 100 % de aceitunas arbequinas de calidad superior. De sabor afrutado intenso de aceituna, con una sensaci\u00f3n que recuerda a las frutas maduras. Se perciben notas de manzana, pl\u00e1tano maduro y almendra, aparecen notas verdes de hoja \u2013 hierba y aromas secundarios de hinojo y nueces verdes. En boca, dulce y almendrado. Muy equilibrado. A trav\u00e9s de este sabor podemos decir que hemos aprendido a entender el aceite, que sabemos encontrar cu\u00e1l es la mejor tierra, el mejor momento para cada trabajo; que conocemos los procesos m\u00e1s adecuados y sabemos c\u00f3mo sacar el m\u00e1ximo de cada aceituna. Todo para que el Aceite Siurana D.Puig se pueda disfrutar en toda su plenitud.<\/p>","protected":false},"featured_media":1272,"template":"","meta":[],"pwb-brand":[],"product_brand":[],"product_cat":[30,15],"product_tag":[],"class_list":{"0":"post-1275","1":"product","2":"type-product","3":"status-publish","4":"has-post-thumbnail","6":"product_cat-oli-verge-extra","7":"product_cat-olis-i-vinagres","9":"first","10":"outofstock","11":"taxable","12":"shipping-taxable","13":"purchasable","14":"product-type-simple"},"brands":[],"_links":{"self":[{"href":"https:\/\/tenda.elmasove.com\/es\/wp-json\/wp\/v2\/product\/1275","targetHints":{"allow":["GET"]}}],"collection":[{"href":"https:\/\/tenda.elmasove.com\/es\/wp-json\/wp\/v2\/product"}],"about":[{"href":"https:\/\/tenda.elmasove.com\/es\/wp-json\/wp\/v2\/types\/product"}],"wp:featuredmedia":[{"embeddable":true,"href":"https:\/\/tenda.elmasove.com\/es\/wp-json\/wp\/v2\/media\/1272"}],"wp:attachment":[{"href":"https:\/\/tenda.elmasove.com\/es\/wp-json\/wp\/v2\/media?parent=1275"}],"wp:term":[{"taxonomy":"pwb-brand","embeddable":true,"href":"https:\/\/tenda.elmasove.com\/es\/wp-json\/wp\/v2\/pwb-brand?post=1275"},{"taxonomy":"product_brand","embeddable":true,"href":"https:\/\/tenda.elmasove.com\/es\/wp-json\/wp\/v2\/product_brand?post=1275"},{"taxonomy":"product_cat","embeddable":true,"href":"https:\/\/tenda.elmasove.com\/es\/wp-json\/wp\/v2\/product_cat?post=1275"},{"taxonomy":"product_tag","embeddable":true,"href":"https:\/\/tenda.elmasove.com\/es\/wp-json\/wp\/v2\/product_tag?post=1275"}],"curies":[{"name":"wp","href":"https:\/\/api.w.org\/{rel}","templated":true}]}}