{"id":127,"date":"2014-11-24T07:30:21","date_gmt":"2014-11-24T06:30:21","guid":{"rendered":"http:\/\/wp.elmasove.com\/product\/ampolla-3-4l-vi-negre-ipsis-crian-a\/"},"modified":"2023-03-27T09:31:18","modified_gmt":"2023-03-27T07:31:18","slug":"vi-negre-crianca-d-o-tarragona-ipsis","status":"publish","type":"product","link":"https:\/\/tenda.elmasove.com\/es\/tienda\/begudes\/vins-i-caves\/vinos\/vins-embotellats\/vins-negres-1\/vi-negre-crianca-d-o-tarragona-ipsis\/","title":{"rendered":"Vino Tinto Crianza DO Tarragona \u201cIpsis\u201d"},"content":{"rendered":"<p>Vino color granate de capa muy intensa. En nariz es intenso y complejo que recuerda al eucalipto ya la menta, con notas de especias (pimienta). Muy gustoso en la boca, notablemente estructurado, equilibrado y rico en matices especiados. Postgusto gustoso y persistente con notas afrutadas. Perfecto para acompa\u00f1ar carnes blancas y rojas, carne de cordero, cerdo y buey; asados y aves.Tambi\u00e9n id\u00f3neo para quesos curados y azules.Variedades Tempranillo y Merlot. Graduaci\u00f3n alcoh\u00f3lica 13\u00ba.<\/p>","protected":false},"excerpt":{"rendered":"<p>Vino color granate de capa muy intensa. En nariz es intenso y complejo que recuerda al eucalipto ya la menta, con notas de especias (pimienta). Muy gustoso en la boca, notablemente estructurado, equilibrado y rico en matices especiados. Postgusto gustoso y persistente con notas afrutadas. Perfecto para acompa\u00f1ar carnes blancas y rojas, carne de cordero, cerdo y buey; asados y aves.Tambi\u00e9n id\u00f3neo para quesos curados y azules.Variedades Tempranillo y Merlot. Graduaci\u00f3n alcoh\u00f3lica 13\u00ba.<\/p>","protected":false},"featured_media":126,"template":"","meta":[],"pwb-brand":[192],"product_brand":[],"product_cat":[33,17,129],"product_tag":[],"class_list":{"0":"post-127","1":"product","2":"type-product","3":"status-publish","4":"has-post-thumbnail","6":"pwb-brand-ipsis","7":"product_cat-vinos","8":"product_cat-begudes","9":"product_cat-vins-negres-1","11":"first","12":"instock","13":"taxable","14":"shipping-taxable","15":"purchasable","16":"product-type-simple"},"brands":[{"id":192,"name":"Ipsis","slug":"ipsis"}],"_links":{"self":[{"href":"https:\/\/tenda.elmasove.com\/es\/wp-json\/wp\/v2\/product\/127","targetHints":{"allow":["GET"]}}],"collection":[{"href":"https:\/\/tenda.elmasove.com\/es\/wp-json\/wp\/v2\/product"}],"about":[{"href":"https:\/\/tenda.elmasove.com\/es\/wp-json\/wp\/v2\/types\/product"}],"wp:featuredmedia":[{"embeddable":true,"href":"https:\/\/tenda.elmasove.com\/es\/wp-json\/wp\/v2\/media\/126"}],"wp:attachment":[{"href":"https:\/\/tenda.elmasove.com\/es\/wp-json\/wp\/v2\/media?parent=127"}],"wp:term":[{"taxonomy":"pwb-brand","embeddable":true,"href":"https:\/\/tenda.elmasove.com\/es\/wp-json\/wp\/v2\/pwb-brand?post=127"},{"taxonomy":"product_brand","embeddable":true,"href":"https:\/\/tenda.elmasove.com\/es\/wp-json\/wp\/v2\/product_brand?post=127"},{"taxonomy":"product_cat","embeddable":true,"href":"https:\/\/tenda.elmasove.com\/es\/wp-json\/wp\/v2\/product_cat?post=127"},{"taxonomy":"product_tag","embeddable":true,"href":"https:\/\/tenda.elmasove.com\/es\/wp-json\/wp\/v2\/product_tag?post=127"}],"curies":[{"name":"wp","href":"https:\/\/api.w.org\/{rel}","templated":true}]}}