{"id":1269,"date":"2017-07-14T15:14:08","date_gmt":"2017-07-14T13:14:08","guid":{"rendered":"http:\/\/wp.elmasove.com\/product\/llauna-escopinya-60-70-espinaler\/"},"modified":"2026-03-06T18:05:18","modified_gmt":"2026-03-06T17:05:18","slug":"llauna-escopinya-60-70-espinaler","status":"publish","type":"product","link":"https:\/\/tenda.elmasove.com\/es\/tienda\/alimentacio\/conserves\/llauna-escopinya-60-70-espinaler\/","title":{"rendered":"Escupi\u00f1a \u201cEspinaler\u201d 60\/80"},"content":{"rendered":"<p>El berberecho se reproduce en la R\u00eda de Noya. Despu\u00e9s de unas horas en agua de mar para que libere la arena, se cuece, se selecciona por tama\u00f1o y se envasa a mano.<\/p>","protected":false},"excerpt":{"rendered":"<p>El berberecho se reproduce en la R\u00eda de Noya. Despu\u00e9s de unas horas en agua de mar para que libere la arena, se cuece, se selecciona por tama\u00f1o y se envasa a mano.<\/p>","protected":false},"featured_media":1268,"template":"","meta":[],"pwb-brand":[328],"product_brand":[],"product_cat":[40,19],"product_tag":[],"class_list":{"0":"post-1269","1":"product","2":"type-product","3":"status-publish","4":"has-post-thumbnail","6":"pwb-brand-espinaler","7":"product_cat-conserves","8":"product_cat-alimentacio","10":"first","11":"outofstock","12":"taxable","13":"shipping-taxable","14":"purchasable","15":"product-type-simple"},"brands":[{"id":328,"name":"Espinaler","slug":"espinaler"}],"_links":{"self":[{"href":"https:\/\/tenda.elmasove.com\/es\/wp-json\/wp\/v2\/product\/1269","targetHints":{"allow":["GET"]}}],"collection":[{"href":"https:\/\/tenda.elmasove.com\/es\/wp-json\/wp\/v2\/product"}],"about":[{"href":"https:\/\/tenda.elmasove.com\/es\/wp-json\/wp\/v2\/types\/product"}],"wp:featuredmedia":[{"embeddable":true,"href":"https:\/\/tenda.elmasove.com\/es\/wp-json\/wp\/v2\/media\/1268"}],"wp:attachment":[{"href":"https:\/\/tenda.elmasove.com\/es\/wp-json\/wp\/v2\/media?parent=1269"}],"wp:term":[{"taxonomy":"pwb-brand","embeddable":true,"href":"https:\/\/tenda.elmasove.com\/es\/wp-json\/wp\/v2\/pwb-brand?post=1269"},{"taxonomy":"product_brand","embeddable":true,"href":"https:\/\/tenda.elmasove.com\/es\/wp-json\/wp\/v2\/product_brand?post=1269"},{"taxonomy":"product_cat","embeddable":true,"href":"https:\/\/tenda.elmasove.com\/es\/wp-json\/wp\/v2\/product_cat?post=1269"},{"taxonomy":"product_tag","embeddable":true,"href":"https:\/\/tenda.elmasove.com\/es\/wp-json\/wp\/v2\/product_tag?post=1269"}],"curies":[{"name":"wp","href":"https:\/\/api.w.org\/{rel}","templated":true}]}}