{"id":125,"date":"2014-11-24T07:30:21","date_gmt":"2014-11-24T06:30:21","guid":{"rendered":"http:\/\/wp.elmasove.com\/product\/ampolla-3-4l-vi-negre-crinel-crian-a\/"},"modified":"2023-03-27T09:29:02","modified_gmt":"2023-03-27T07:29:02","slug":"vi-negre-crianca-d-o-tarragona-crinel","status":"publish","type":"product","link":"https:\/\/tenda.elmasove.com\/es\/tienda\/begudes\/vins-i-caves\/vinos\/vins-embotellats\/vins-negres-1\/vi-negre-crianca-d-o-tarragona-crinel\/","title":{"rendered":"Vino Tinto Crianza DO Tarragona \u201cCrinel\u201d"},"content":{"rendered":"<p>Vino de color rojo cereza con matices anaranjados. Aromas c\u00e1lidos de frutas rojas maduras. Fondo con tonos vainillas y canela. En boca est\u00e1 vivo, con nervio. Gusto de frutas silvestres que se mezclan con notas de cacao, caf\u00e9 y lactonas del roble, d\u00e1ndole un sabor agradables y peculiar. Combina bien con carnes rojas, todo tipo de brasas, guisos y caza.Tambi\u00e9n con quesos curados.Variedades 100% Tempranillo (Tempranillo).Graduaci\u00f3n alcoh\u00f3lica 13\u00ba.<\/p>","protected":false},"excerpt":{"rendered":"<p>Vino de color rojo cereza con matices anaranjados. Aromas c\u00e1lidos de frutas rojas maduras. Fondo con tonos vainillas y canela. En boca est\u00e1 vivo, con nervio. Gusto de frutas silvestres que se mezclan con notas de cacao, caf\u00e9 y lactonas del roble, d\u00e1ndole un sabor agradables y peculiar. Combina bien con carnes rojas, todo tipo de brasas, guisos y caza.Tambi\u00e9n con quesos curados.Variedades 100% Tempranillo (Tempranillo).Graduaci\u00f3n alcoh\u00f3lica 13\u00ba.<\/p>","protected":false},"featured_media":124,"template":"","meta":[],"pwb-brand":[193],"product_brand":[],"product_cat":[33,17,129],"product_tag":[],"class_list":{"0":"post-125","1":"product","2":"type-product","3":"status-publish","4":"has-post-thumbnail","6":"pwb-brand-crinel","7":"product_cat-vinos","8":"product_cat-begudes","9":"product_cat-vins-negres-1","11":"first","12":"instock","13":"taxable","14":"shipping-taxable","15":"purchasable","16":"product-type-simple"},"brands":[{"id":193,"name":"Crinel","slug":"crinel"}],"_links":{"self":[{"href":"https:\/\/tenda.elmasove.com\/es\/wp-json\/wp\/v2\/product\/125","targetHints":{"allow":["GET"]}}],"collection":[{"href":"https:\/\/tenda.elmasove.com\/es\/wp-json\/wp\/v2\/product"}],"about":[{"href":"https:\/\/tenda.elmasove.com\/es\/wp-json\/wp\/v2\/types\/product"}],"wp:featuredmedia":[{"embeddable":true,"href":"https:\/\/tenda.elmasove.com\/es\/wp-json\/wp\/v2\/media\/124"}],"wp:attachment":[{"href":"https:\/\/tenda.elmasove.com\/es\/wp-json\/wp\/v2\/media?parent=125"}],"wp:term":[{"taxonomy":"pwb-brand","embeddable":true,"href":"https:\/\/tenda.elmasove.com\/es\/wp-json\/wp\/v2\/pwb-brand?post=125"},{"taxonomy":"product_brand","embeddable":true,"href":"https:\/\/tenda.elmasove.com\/es\/wp-json\/wp\/v2\/product_brand?post=125"},{"taxonomy":"product_cat","embeddable":true,"href":"https:\/\/tenda.elmasove.com\/es\/wp-json\/wp\/v2\/product_cat?post=125"},{"taxonomy":"product_tag","embeddable":true,"href":"https:\/\/tenda.elmasove.com\/es\/wp-json\/wp\/v2\/product_tag?post=125"}],"curies":[{"name":"wp","href":"https:\/\/api.w.org\/{rel}","templated":true}]}}