{"id":1245,"date":"2017-04-28T12:33:09","date_gmt":"2017-04-28T10:33:09","guid":{"rendered":"http:\/\/wp.elmasove.com\/product\/olives-gaspatxa-el-masove-pot-vidre-400-g\/"},"modified":"2026-03-17T11:32:01","modified_gmt":"2026-03-17T10:32:01","slug":"olives-gaspatxa-el-masove-pot-vidre-400-g","status":"publish","type":"product","link":"https:\/\/tenda.elmasove.com\/es\/tienda\/alimentacio\/olives-i-derivats\/olives-gaspatxa-el-masove-pot-vidre-400-g\/","title":{"rendered":"Olivas Gazpacha &quot;El Masove&quot; (400g)"},"content":{"rendered":"<p>Las aceitunas gazpacchas es una receta tradicional procedente del \u00e1rea mediterr\u00e1nea. En la elaboraci\u00f3n se utilizan aceitunas de tipo manzanilla, pero picado para que absorban m\u00e1s el sabor de los condimentos e ingredientes como pepino troceado, rodaja de zanahoria natural de temporada, ajo maduro tradicional y guindilla cortada en rodajas.<\/p>","protected":false},"excerpt":{"rendered":"<p>Las aceitunas gazpacchas es una receta tradicional procedente del \u00e1rea mediterr\u00e1nea. En la elaboraci\u00f3n se utilizan aceitunas de tipo manzanilla, pero picado para que absorban m\u00e1s el sabor de los condimentos e ingredientes como pepino troceado, rodaja de zanahoria natural de temporada, ajo maduro tradicional y guindilla cortada en rodajas.<\/p>","protected":false},"featured_media":1242,"template":"","meta":[],"pwb-brand":[191],"product_brand":[],"product_cat":[45,19],"product_tag":[],"class_list":{"0":"post-1245","1":"product","2":"type-product","3":"status-publish","4":"has-post-thumbnail","6":"pwb-brand-el-masove","7":"product_cat-olives-i-derivats","8":"product_cat-alimentacio","10":"first","11":"outofstock","12":"taxable","13":"shipping-taxable","14":"purchasable","15":"product-type-simple"},"brands":[{"id":191,"name":"El Masove","slug":"el-masove"}],"_links":{"self":[{"href":"https:\/\/tenda.elmasove.com\/es\/wp-json\/wp\/v2\/product\/1245","targetHints":{"allow":["GET"]}}],"collection":[{"href":"https:\/\/tenda.elmasove.com\/es\/wp-json\/wp\/v2\/product"}],"about":[{"href":"https:\/\/tenda.elmasove.com\/es\/wp-json\/wp\/v2\/types\/product"}],"wp:featuredmedia":[{"embeddable":true,"href":"https:\/\/tenda.elmasove.com\/es\/wp-json\/wp\/v2\/media\/1242"}],"wp:attachment":[{"href":"https:\/\/tenda.elmasove.com\/es\/wp-json\/wp\/v2\/media?parent=1245"}],"wp:term":[{"taxonomy":"pwb-brand","embeddable":true,"href":"https:\/\/tenda.elmasove.com\/es\/wp-json\/wp\/v2\/pwb-brand?post=1245"},{"taxonomy":"product_brand","embeddable":true,"href":"https:\/\/tenda.elmasove.com\/es\/wp-json\/wp\/v2\/product_brand?post=1245"},{"taxonomy":"product_cat","embeddable":true,"href":"https:\/\/tenda.elmasove.com\/es\/wp-json\/wp\/v2\/product_cat?post=1245"},{"taxonomy":"product_tag","embeddable":true,"href":"https:\/\/tenda.elmasove.com\/es\/wp-json\/wp\/v2\/product_tag?post=1245"}],"curies":[{"name":"wp","href":"https:\/\/api.w.org\/{rel}","templated":true}]}}