{"id":1241,"date":"2017-04-24T12:57:00","date_gmt":"2017-04-24T10:57:00","guid":{"rendered":"http:\/\/wp.elmasove.com\/product\/olives-arago-el-masove-pot-vidre-400-g\/"},"modified":"2026-03-17T10:42:10","modified_gmt":"2026-03-17T09:42:10","slug":"olives-arago-el-masove-pot-vidre-400-g","status":"publish","type":"product","link":"https:\/\/tenda.elmasove.com\/es\/tienda\/alimentacio\/olives-i-derivats\/olives-arago-el-masove-pot-vidre-400-g\/","title":{"rendered":"Olivas Arag\u00f3n &quot;El Masove&quot; (600g)"},"content":{"rendered":"<p>\u201cEmpeltre\u201d: Es una aceituna negra natural que se cultiva en zonas del Baix Arag\u00f3 y Catalunya. Es muy valorada por la calidad de su aceite y por sus caracter\u00edsticas como aceituna de mesa. Ensalada con agua y sal mediante m\u00e9todos naturales, se la conoce com\u00fanmente como aceituna de Arag\u00f3n y tiene una pulpa carnosa, delicada y un sabor intenso.<\/p>","protected":false},"excerpt":{"rendered":"<p>\u201cEmpeltre\u201d: Es una aceituna negra natural que se cultiva en zonas del Baix Arag\u00f3 y Catalunya. Es muy valorada por la calidad de su aceite y por sus caracter\u00edsticas como aceituna de mesa. Ensalada con agua y sal mediante m\u00e9todos naturales, se la conoce com\u00fanmente como aceituna de Arag\u00f3n y tiene una pulpa carnosa, delicada y un sabor intenso.<\/p>","protected":false},"featured_media":1239,"template":"","meta":[],"pwb-brand":[191],"product_brand":[],"product_cat":[45,19],"product_tag":[],"class_list":{"0":"post-1241","1":"product","2":"type-product","3":"status-publish","4":"has-post-thumbnail","6":"pwb-brand-el-masove","7":"product_cat-olives-i-derivats","8":"product_cat-alimentacio","10":"first","11":"instock","12":"taxable","13":"shipping-taxable","14":"purchasable","15":"product-type-simple"},"brands":[{"id":191,"name":"El Masove","slug":"el-masove"}],"_links":{"self":[{"href":"https:\/\/tenda.elmasove.com\/es\/wp-json\/wp\/v2\/product\/1241","targetHints":{"allow":["GET"]}}],"collection":[{"href":"https:\/\/tenda.elmasove.com\/es\/wp-json\/wp\/v2\/product"}],"about":[{"href":"https:\/\/tenda.elmasove.com\/es\/wp-json\/wp\/v2\/types\/product"}],"wp:featuredmedia":[{"embeddable":true,"href":"https:\/\/tenda.elmasove.com\/es\/wp-json\/wp\/v2\/media\/1239"}],"wp:attachment":[{"href":"https:\/\/tenda.elmasove.com\/es\/wp-json\/wp\/v2\/media?parent=1241"}],"wp:term":[{"taxonomy":"pwb-brand","embeddable":true,"href":"https:\/\/tenda.elmasove.com\/es\/wp-json\/wp\/v2\/pwb-brand?post=1241"},{"taxonomy":"product_brand","embeddable":true,"href":"https:\/\/tenda.elmasove.com\/es\/wp-json\/wp\/v2\/product_brand?post=1241"},{"taxonomy":"product_cat","embeddable":true,"href":"https:\/\/tenda.elmasove.com\/es\/wp-json\/wp\/v2\/product_cat?post=1241"},{"taxonomy":"product_tag","embeddable":true,"href":"https:\/\/tenda.elmasove.com\/es\/wp-json\/wp\/v2\/product_tag?post=1241"}],"curies":[{"name":"wp","href":"https:\/\/api.w.org\/{rel}","templated":true}]}}