{"id":123,"date":"2014-11-24T07:30:21","date_gmt":"2014-11-24T06:30:21","guid":{"rendered":"http:\/\/wp.elmasove.com\/product\/ampolla-3-4l-vi-negre-rotllan-torra-rerserva\/"},"modified":"2019-11-15T12:56:28","modified_gmt":"2019-11-15T11:56:28","slug":"ampolla-3-4l-vi-negre-rotllan-torra-rerserva","status":"publish","type":"product","link":"https:\/\/tenda.elmasove.com\/es\/tienda\/begudes\/vins-i-caves\/vinos\/vins-embotellats\/vins-negres-1\/ampolla-3-4l-vi-negre-rotllan-torra-rerserva\/","title":{"rendered":"Vino Negro Reserva DO Priorat \u201cRotllan Torra\u201d"},"content":{"rendered":"<p>Vino de capa alta, brillante y con fondo limpio. En nariz presentan notas tostadas con fondos especiados. Aromas afrutado ya madera que recuerda a las moras maduras mezcladas con frambuesa y ar\u00e1ndanos. Acidez moderada, vino redondo y bien estructurado sobre los taninos dulces y aterciopelados que hacen que sea suave y elegante y largo. Agradable en boca, bals\u00e1mico, persistente y de alta calidad. Acompa\u00f1a perfectamente con productos elaborados y curados, carne rojas, caza, guisos diversos, embutidos ib\u00e9ricos y quesos curados. Variedades Garnacha, Sans\u00f3n y Cabernet Sauvignon. Graduaci\u00f3n alcoh\u00f3lica 13,5 \u00ba.<\/p>","protected":false},"excerpt":{"rendered":"<p>Vino de capa alta, brillante y con fondo limpio. En nariz presentan notas tostadas con fondos especiados. Aromas afrutado ya madera que recuerda a las moras maduras mezcladas con frambuesa y ar\u00e1ndanos.<\/p>","protected":false},"featured_media":1772,"template":"","meta":[],"pwb-brand":[],"product_brand":[],"product_cat":[33,96,17,109,129],"product_tag":[],"class_list":{"0":"post-123","1":"product","2":"type-product","3":"status-publish","4":"has-post-thumbnail","6":"product_cat-vinos","7":"product_cat-vins-embotellats","8":"product_cat-begudes","9":"product_cat-catalans","10":"product_cat-vins-negres-1","12":"first","13":"instock","14":"taxable","15":"shipping-taxable","16":"purchasable","17":"product-type-simple"},"brands":[],"_links":{"self":[{"href":"https:\/\/tenda.elmasove.com\/es\/wp-json\/wp\/v2\/product\/123","targetHints":{"allow":["GET"]}}],"collection":[{"href":"https:\/\/tenda.elmasove.com\/es\/wp-json\/wp\/v2\/product"}],"about":[{"href":"https:\/\/tenda.elmasove.com\/es\/wp-json\/wp\/v2\/types\/product"}],"wp:featuredmedia":[{"embeddable":true,"href":"https:\/\/tenda.elmasove.com\/es\/wp-json\/wp\/v2\/media\/1772"}],"wp:attachment":[{"href":"https:\/\/tenda.elmasove.com\/es\/wp-json\/wp\/v2\/media?parent=123"}],"wp:term":[{"taxonomy":"pwb-brand","embeddable":true,"href":"https:\/\/tenda.elmasove.com\/es\/wp-json\/wp\/v2\/pwb-brand?post=123"},{"taxonomy":"product_brand","embeddable":true,"href":"https:\/\/tenda.elmasove.com\/es\/wp-json\/wp\/v2\/product_brand?post=123"},{"taxonomy":"product_cat","embeddable":true,"href":"https:\/\/tenda.elmasove.com\/es\/wp-json\/wp\/v2\/product_cat?post=123"},{"taxonomy":"product_tag","embeddable":true,"href":"https:\/\/tenda.elmasove.com\/es\/wp-json\/wp\/v2\/product_tag?post=123"}],"curies":[{"name":"wp","href":"https:\/\/api.w.org\/{rel}","templated":true}]}}