{"id":1214,"date":"2017-02-14T17:19:20","date_gmt":"2017-02-14T16:19:20","guid":{"rendered":"http:\/\/wp.elmasove.com\/product\/2-l-oli-oliva-verge-extra-arbequina-d-o-siurana-d-puig\/"},"modified":"2026-02-23T13:26:58","modified_gmt":"2026-02-23T12:26:58","slug":"2-l-oli-oliva-verge-extra-arbequina-d-o-siurana-del-puig","status":"publish","type":"product","link":"https:\/\/tenda.elmasove.com\/es\/tienda\/olis-i-vinagres\/oli-verge-extra\/2-l-oli-oliva-verge-extra-arbequina-d-o-siurana-del-puig\/","title":{"rendered":"Aceite Oliva Virgen Extra Arbequina DO Siurana \u201cDel Puig\u201d (2L)"},"content":{"rendered":"<p>Garrafa de 2 L Aceite de Oliva Virgen Extra 100 % de aceitunas arbequinas de calidad superior.<br \/>\nDe sabor afrutado intenso de aceituna, con una sensaci\u00f3n que recuerda a las frutas maduras. Se perciben notas de manzana, pl\u00e1tano maduro y almendra, aparecen notas verdes de hoja \u2013 hierba y aromas secundarios de hinojo y nueces verdes. En boca, dulce y almendrado. Muy equilibrado.<br \/>\nA trav\u00e9s de este sabor podemos decir que hemos aprendido a entender el aceite, que sabemos encontrar cu\u00e1l es la mejor tierra, el mejor momento para cada trabajo; que conocemos los procesos m\u00e1s adecuados y sabemos c\u00f3mo sacar el m\u00e1ximo de cada aceituna. Todo para que el Aceite Siurana D.Puig se pueda disfrutar en toda su plenitud.<\/p>","protected":false},"excerpt":{"rendered":"<p>Garrafa de 2 L Aceite de Oliva Virgen Extra 100 % de aceitunas arbequinas de calidad superior.<br \/>\nDe sabor afrutado intenso de aceituna, con una sensaci\u00f3n que recuerda a las frutas maduras. Se perciben notas de manzana, pl\u00e1tano maduro y almendra, aparecen notas verdes de hoja \u2013 hierba y aromas secundarios de hinojo y nueces verdes. En boca, dulce y almendrado. Muy equilibrado.<br \/>\nA trav\u00e9s de este sabor podemos decir que hemos aprendido a entender el aceite, que sabemos encontrar cu\u00e1l es la mejor tierra, el mejor momento para cada trabajo; que conocemos los procesos m\u00e1s adecuados y sabemos c\u00f3mo sacar el m\u00e1ximo de cada aceituna. Todo para que el Aceite Siurana D.Puig se pueda disfrutar en toda su plenitud.<\/p>","protected":false},"featured_media":1213,"template":"","meta":[],"pwb-brand":[375],"product_brand":[],"product_cat":[30,15],"product_tag":[],"class_list":{"0":"post-1214","1":"product","2":"type-product","3":"status-publish","4":"has-post-thumbnail","6":"pwb-brand-del-puig","7":"product_cat-oli-verge-extra","8":"product_cat-olis-i-vinagres","10":"first","11":"instock","12":"taxable","13":"shipping-taxable","14":"purchasable","15":"product-type-simple"},"brands":[{"id":375,"name":"Del Puig","slug":"del-puig"}],"_links":{"self":[{"href":"https:\/\/tenda.elmasove.com\/es\/wp-json\/wp\/v2\/product\/1214","targetHints":{"allow":["GET"]}}],"collection":[{"href":"https:\/\/tenda.elmasove.com\/es\/wp-json\/wp\/v2\/product"}],"about":[{"href":"https:\/\/tenda.elmasove.com\/es\/wp-json\/wp\/v2\/types\/product"}],"wp:featuredmedia":[{"embeddable":true,"href":"https:\/\/tenda.elmasove.com\/es\/wp-json\/wp\/v2\/media\/1213"}],"wp:attachment":[{"href":"https:\/\/tenda.elmasove.com\/es\/wp-json\/wp\/v2\/media?parent=1214"}],"wp:term":[{"taxonomy":"pwb-brand","embeddable":true,"href":"https:\/\/tenda.elmasove.com\/es\/wp-json\/wp\/v2\/pwb-brand?post=1214"},{"taxonomy":"product_brand","embeddable":true,"href":"https:\/\/tenda.elmasove.com\/es\/wp-json\/wp\/v2\/product_brand?post=1214"},{"taxonomy":"product_cat","embeddable":true,"href":"https:\/\/tenda.elmasove.com\/es\/wp-json\/wp\/v2\/product_cat?post=1214"},{"taxonomy":"product_tag","embeddable":true,"href":"https:\/\/tenda.elmasove.com\/es\/wp-json\/wp\/v2\/product_tag?post=1214"}],"curies":[{"name":"wp","href":"https:\/\/api.w.org\/{rel}","templated":true}]}}