{"id":1204,"date":"2016-12-09T10:32:14","date_gmt":"2016-12-09T09:32:14","guid":{"rendered":"http:\/\/wp.elmasove.com\/product\/vi-de-batea-ecologic-blanc-garnatxa\/"},"modified":"2021-07-06T10:17:00","modified_gmt":"2021-07-06T08:17:00","slug":"vi-de-batea-ecologic-blanc-garnatxa","status":"publish","type":"product","link":"https:\/\/tenda.elmasove.com\/es\/tienda\/begudes\/vins-i-caves\/vinos\/vins-embotellats\/vins-blancs-1\/vi-de-batea-ecologic-blanc-garnatxa\/","title":{"rendered":"Vino Blanco Ecol\u00f3gico Garnacha DO Terra Alta \u201cBatea\u201d"},"content":{"rendered":"<p>El vino blanco ecol\u00f3gico garnacha DO Terra Alta \u201cBatea\u201d es un vino joven, aut\u00e9ntico y procedente \u00edntegramente de vi\u00f1edos familiares situados en Batea, con cuerpo y alma, ecol\u00f3gicos y aptos para veganos. Cuando decimos que son aptos para veganos se debe a que hay vinos donde se utilizan aditivos autorizados, como la cola de pescado, a diferencia de los nuestros que son 100% ORIGEN MINERAL.<\/p>\n<p>Contamos con el sello de Denominaci\u00f3n de Origen Terra Alta y de la Reserva de la Biosfera en las Terres de l&#039;Ebre, ya que potenciamos las actividades econ\u00f3micas tradicionales y la nueva econom\u00eda social en el marco de la sostenibilidad de las Terres de l&#039;Ebre Ebro. Zona reconocida como tal gracias a su riqueza paisaj\u00edstica, representatividad de sus ecosistemas mediterr\u00e1neos y su modelo de conservaci\u00f3n de la biodiversidad.<\/p>","protected":false},"excerpt":{"rendered":"<p>El vino blanco ecol\u00f3gico garnacha DO Terra Alta \u201cBatea\u201d es un vino joven, aut\u00e9ntico y procedente \u00edntegramente de vi\u00f1edos familiares situados en Batea, con cuerpo y alma, ecol\u00f3gicos y aptos para veganos. Cuando decimos que son aptos para veganos se debe a que hay vinos donde se utilizan aditivos autorizados, como la cola de pescado, a diferencia de los nuestros que son 100% ORIGEN MINERAL.<\/p>","protected":false},"featured_media":1776,"template":"","meta":[],"pwb-brand":[324],"product_brand":[],"product_cat":[33,126,96,17,20],"product_tag":[],"class_list":{"0":"post-1204","1":"product","2":"type-product","3":"status-publish","4":"has-post-thumbnail","6":"pwb-brand-celler-batea","7":"product_cat-vinos","8":"product_cat-vins-blancs-1","9":"product_cat-vins-embotellats","10":"product_cat-begudes","11":"product_cat-productes-ecologics","13":"first","14":"instock","15":"taxable","16":"shipping-taxable","17":"purchasable","18":"product-type-simple"},"brands":[{"id":324,"name":"Bodega Batea","slug":"celler-batea"}],"_links":{"self":[{"href":"https:\/\/tenda.elmasove.com\/es\/wp-json\/wp\/v2\/product\/1204","targetHints":{"allow":["GET"]}}],"collection":[{"href":"https:\/\/tenda.elmasove.com\/es\/wp-json\/wp\/v2\/product"}],"about":[{"href":"https:\/\/tenda.elmasove.com\/es\/wp-json\/wp\/v2\/types\/product"}],"wp:featuredmedia":[{"embeddable":true,"href":"https:\/\/tenda.elmasove.com\/es\/wp-json\/wp\/v2\/media\/1776"}],"wp:attachment":[{"href":"https:\/\/tenda.elmasove.com\/es\/wp-json\/wp\/v2\/media?parent=1204"}],"wp:term":[{"taxonomy":"pwb-brand","embeddable":true,"href":"https:\/\/tenda.elmasove.com\/es\/wp-json\/wp\/v2\/pwb-brand?post=1204"},{"taxonomy":"product_brand","embeddable":true,"href":"https:\/\/tenda.elmasove.com\/es\/wp-json\/wp\/v2\/product_brand?post=1204"},{"taxonomy":"product_cat","embeddable":true,"href":"https:\/\/tenda.elmasove.com\/es\/wp-json\/wp\/v2\/product_cat?post=1204"},{"taxonomy":"product_tag","embeddable":true,"href":"https:\/\/tenda.elmasove.com\/es\/wp-json\/wp\/v2\/product_tag?post=1204"}],"curies":[{"name":"wp","href":"https:\/\/api.w.org\/{rel}","templated":true}]}}