{"id":1192,"date":"2016-12-09T10:09:41","date_gmt":"2016-12-09T09:09:41","guid":{"rendered":"http:\/\/wp.elmasove.com\/product\/el-pispa-negre-crianca-d-o-montsant\/"},"modified":"2020-02-04T13:19:01","modified_gmt":"2020-02-04T12:19:01","slug":"el-pispa-negre-crianca-d-o-montsant","status":"publish","type":"product","link":"https:\/\/tenda.elmasove.com\/es\/tienda\/begudes\/vins-i-caves\/vinos\/vins-embotellats\/vins-negres-1\/el-pispa-negre-crianca-d-o-montsant\/","title":{"rendered":"Vino Tinto Crianza DO Montsant \u201cEl Pispa\u201d"},"content":{"rendered":"<p>En el vino tinto crianza DO Montsant \u201cEl Pispa\u201d, el jilguero travieso coge una semilla y desaparece veloz hacia el encinar. La roca impasible del Montsant vigila la escena. Piedra blanca, tomillo, cardos al sol. Peque\u00f1os vi\u00f1edos en terraza bajan las laderas. Sus vi\u00f1edos de Garnacha expre<span class=\"morecontent\">son la vitalidad y frescura de una tierra escarpada y bella. Vivo y sabroso, Vinos del Paseante \u2013 El Manga es vino tinto con un perfecto equilibrio de fruta madura, toques minerales y notas de torrefacci\u00f3n.<\/span><\/p>\n<div class=\"product_attribute_global_title title_pairing\"><strong class=\"type title block_title\">MARIDAJE<\/strong><\/div>\n<div class=\"product_attribute pairing\">\n<div class=\"value espai\">Vinos del Paseante \u2013 El Manga es un perfecto acompa\u00f1ante de carnes rojas a la parrilla, asados, estofados, civet, caza de pelo, setas, quesos de oveja, arroces, pescado azul a la plancha, bacalao, frutos secos\u2026<\/div>\n<div><\/div>\n<\/div>\n<div class=\"product_attribute_global_title title_notacata_vista\"><strong class=\"type title block_title\">CATA DE VINOS<\/strong><\/div>\n<div><\/div>\n<div class=\"product_attribute notacata_vista\"><strong class=\"type block_subtitle\">VISTA<\/strong><\/p>\n<div class=\"value espai\">Picota con reflejos granates.<\/div>\n<div><\/div>\n<\/div>\n<div class=\"product_attribute notacata_nariz\"><strong class=\"type block_subtitle\">NARIZ<\/strong><\/p>\n<div class=\"value espai\">Fruta madura, toques minerales y notas de torrefacci\u00f3n bien integradas.<\/div>\n<div><\/div>\n<\/div>\n<div class=\"product_attribute notacata_boca\"><strong class=\"type block_subtitle\">BOCA<\/strong><\/p>\n<div class=\"value espai\">En boca est\u00e1 vivo, sabroso y equilibrado. Deja a su paso un recuerdo fresco, afrutado, que se disfruta largamente.<\/div>\n<\/div>","protected":false},"excerpt":{"rendered":"<p>En el vino tinto crianza DO Montsant \u201cEl Pispa\u201d, el jilguero travieso coge una semilla y desaparece veloz hacia el encinar. La roca impasible del Montsant vigila la escena. Piedra blanca, tomillo, cardos al sol. Peque\u00f1os vi\u00f1edos en terraza bajan las laderas. Sus vi\u00f1edos de Garnacha expre<span class=\"morecontent\">son la vitalidad y frescura de una tierra escarpada y bella. Vivo y sabroso, Vinos del Paseante \u2013 El Manga es vino tinto con un perfecto equilibrio de fruta madura, toques minerales y notas de torrefacci\u00f3n.<\/span><\/p>","protected":false},"featured_media":1780,"template":"","meta":[],"pwb-brand":[268],"product_brand":[],"product_cat":[33,96,17,129],"product_tag":[],"class_list":{"0":"post-1192","1":"product","2":"type-product","3":"status-publish","4":"has-post-thumbnail","6":"pwb-brand-codorniu","7":"product_cat-vinos","8":"product_cat-vins-embotellats","9":"product_cat-begudes","10":"product_cat-vins-negres-1","12":"first","13":"instock","14":"taxable","15":"shipping-taxable","16":"purchasable","17":"product-type-simple"},"brands":[{"id":268,"name":"Codornio","slug":"codorniu"}],"_links":{"self":[{"href":"https:\/\/tenda.elmasove.com\/es\/wp-json\/wp\/v2\/product\/1192","targetHints":{"allow":["GET"]}}],"collection":[{"href":"https:\/\/tenda.elmasove.com\/es\/wp-json\/wp\/v2\/product"}],"about":[{"href":"https:\/\/tenda.elmasove.com\/es\/wp-json\/wp\/v2\/types\/product"}],"wp:featuredmedia":[{"embeddable":true,"href":"https:\/\/tenda.elmasove.com\/es\/wp-json\/wp\/v2\/media\/1780"}],"wp:attachment":[{"href":"https:\/\/tenda.elmasove.com\/es\/wp-json\/wp\/v2\/media?parent=1192"}],"wp:term":[{"taxonomy":"pwb-brand","embeddable":true,"href":"https:\/\/tenda.elmasove.com\/es\/wp-json\/wp\/v2\/pwb-brand?post=1192"},{"taxonomy":"product_brand","embeddable":true,"href":"https:\/\/tenda.elmasove.com\/es\/wp-json\/wp\/v2\/product_brand?post=1192"},{"taxonomy":"product_cat","embeddable":true,"href":"https:\/\/tenda.elmasove.com\/es\/wp-json\/wp\/v2\/product_cat?post=1192"},{"taxonomy":"product_tag","embeddable":true,"href":"https:\/\/tenda.elmasove.com\/es\/wp-json\/wp\/v2\/product_tag?post=1192"}],"curies":[{"name":"wp","href":"https:\/\/api.w.org\/{rel}","templated":true}]}}