{"id":119,"date":"2014-11-24T07:30:21","date_gmt":"2014-11-24T06:30:21","guid":{"rendered":"http:\/\/wp.elmasove.com\/product\/caixa-12-ampolles-de-3-4l-vi-masove-14\/"},"modified":"2020-01-29T13:09:07","modified_gmt":"2020-01-29T12:09:07","slug":"caixa-12-ampolles-de-3-4l-vi-masove-14","status":"publish","type":"product","link":"https:\/\/tenda.elmasove.com\/es\/tienda\/begudes\/vins-i-caves\/vinos\/vins-embotellats\/vins-negres-1\/caixa-12-ampolles-de-3-4l-vi-masove-14\/","title":{"rendered":"Vino Tinto 14\u00ba \u201cEl Masove\u201d (12\u00d73\/4L)"},"content":{"rendered":"<p>Vino tinto seco de mesa superior. Vino joven con mucha fuerza de color granate intenso. Muy sabroso en boca, notablemente estructurado y equilibrado, con un postgusto muy agradable y persistente. Presenta notas a frutas rojas y es especialmente recomendado para todo tipo de carnes y quesos bien curados. Caracter\u00edstico de las zonas vin\u00edcolas del Tarragon\u00e9s, Priorat y Falset. Graduaci\u00f3n alcoh\u00f3lica 14 \u00ba.<\/p>","protected":false},"excerpt":{"rendered":"<p>Vino tinto seco de mesa superior. Vino joven con mucha fuerza de color granate intenso. Muy sabroso en boca, notablemente estructurado y equilibrado, con un postgusto muy agradable y persistente. Presenta notas a frutas rojas y es especialmente recomendado para todo tipo de carnes y quesos bien curados. Caracter\u00edstico de las zonas vin\u00edcolas del Tarragon\u00e9s, Priorat y Falset. Graduaci\u00f3n alcoh\u00f3lica 14 \u00ba.<\/p>","protected":false},"featured_media":118,"template":"","meta":[],"pwb-brand":[191],"product_brand":[],"product_cat":[33,17,129],"product_tag":[],"class_list":{"0":"post-119","1":"product","2":"type-product","3":"status-publish","4":"has-post-thumbnail","6":"pwb-brand-el-masove","7":"product_cat-vinos","8":"product_cat-begudes","9":"product_cat-vins-negres-1","11":"first","12":"instock","13":"taxable","14":"shipping-taxable","15":"purchasable","16":"product-type-simple"},"brands":[{"id":191,"name":"El Masove","slug":"el-masove"}],"_links":{"self":[{"href":"https:\/\/tenda.elmasove.com\/es\/wp-json\/wp\/v2\/product\/119","targetHints":{"allow":["GET"]}}],"collection":[{"href":"https:\/\/tenda.elmasove.com\/es\/wp-json\/wp\/v2\/product"}],"about":[{"href":"https:\/\/tenda.elmasove.com\/es\/wp-json\/wp\/v2\/types\/product"}],"wp:featuredmedia":[{"embeddable":true,"href":"https:\/\/tenda.elmasove.com\/es\/wp-json\/wp\/v2\/media\/118"}],"wp:attachment":[{"href":"https:\/\/tenda.elmasove.com\/es\/wp-json\/wp\/v2\/media?parent=119"}],"wp:term":[{"taxonomy":"pwb-brand","embeddable":true,"href":"https:\/\/tenda.elmasove.com\/es\/wp-json\/wp\/v2\/pwb-brand?post=119"},{"taxonomy":"product_brand","embeddable":true,"href":"https:\/\/tenda.elmasove.com\/es\/wp-json\/wp\/v2\/product_brand?post=119"},{"taxonomy":"product_cat","embeddable":true,"href":"https:\/\/tenda.elmasove.com\/es\/wp-json\/wp\/v2\/product_cat?post=119"},{"taxonomy":"product_tag","embeddable":true,"href":"https:\/\/tenda.elmasove.com\/es\/wp-json\/wp\/v2\/product_tag?post=119"}],"curies":[{"name":"wp","href":"https:\/\/api.w.org\/{rel}","templated":true}]}}