{"id":1176,"date":"2016-12-09T08:30:08","date_gmt":"2016-12-09T07:30:08","guid":{"rendered":"http:\/\/wp.elmasove.com\/product\/b-p-reserva-se-orio-lazan\/"},"modified":"2020-02-04T13:14:30","modified_gmt":"2020-02-04T12:14:30","slug":"vi-negre-reserva-senorio-lazan","status":"publish","type":"product","link":"https:\/\/tenda.elmasove.com\/es\/tienda\/begudes\/vins-i-caves\/vinos\/vins-embotellats\/vins-negres-1\/vi-negre-reserva-senorio-lazan\/","title":{"rendered":"Vino tinto Reserva DO Somontano \u201cSe\u00f1or\u00edo de Lazan\u201d"},"content":{"rendered":"<p><span style=\"font-family: -apple-system, BlinkMacSystemFont, 'Segoe UI', Roboto, Oxygen-Sans, Ubuntu, Cantarell, 'Helvetica Neue', sans-serif;\">El vino tinto Reserva DO Somontano \u201cSe\u00f1or\u00edo de Lazan\u201d est\u00e1 elaborado con el sentimiento de la historia, teniendo en cuenta que sus variedades proceden de las mismas faldas de la Sierra de la Candelaria, en concreto del Monte de Laz\u00e1n. El nombre de Se\u00f1or\u00edo de Laz\u00e1n procede del Marquesado de Laz\u00e1n, t\u00edtulo nobiliario creado por Carlos II en el a\u00f1o 1688 a favor de Cayetano Rebolledo de Palafox (Se\u00f1oriu de Salas Altas y Salas Bajas, enterrado en Salas Baja.<\/span><\/p>\n<p><strong>Elaboraci\u00f3n y crianza<\/strong><br \/>\nFermentaci\u00f3n tradicional a 28\u00b0C. La maceraci\u00f3n se prolonga durante 21 d\u00edas. El vino se cr\u00eda en barricas de roble americano y roble franc\u00e9s de tostados medios durante 14 meses completando la crianza con una estancia de 24 meses en botella donde el vino se redondea y alcanza su madurez.<\/p>\n<p><strong>Cata<\/strong><br \/>\nEl <span style=\"font-family: -apple-system, BlinkMacSystemFont, 'Segoe UI', Roboto, Oxygen-Sans, Ubuntu, Cantarell, 'Helvetica Neue', sans-serif;\">vino tinto Reserva DO Somontano \u201cSe\u00f1or\u00edo de Lazan\u201d es y<\/span>tinto color teja y gran percepci\u00f3n granate.<\/p>\n<p>Nariz, grosella negra, pimienta, clavo, c\u00edtricos o caf\u00e9 expresan su diversidad arom\u00e1tica.<\/p>\n<p>En boca es sabroso, suave, lleno de matices y mucho redondo.<\/p>\n<p><strong>Maridaje<\/strong><br \/>\nTernasco asado, carnes rojas y quesos curados.<\/p>\n<p><strong>Graduaci\u00f3n<\/strong><br \/>\n13,5%<\/p>\n<p><strong>Temperatura de consumo<\/strong><br \/>\n16\u00ba<\/p>","protected":false},"excerpt":{"rendered":"<p><span style=\"font-family: -apple-system, BlinkMacSystemFont, 'Segoe UI', Roboto, Oxygen-Sans, Ubuntu, Cantarell, 'Helvetica Neue', sans-serif;\">El Vino tinto Reserva DO Somontano \u201cSe\u00f1or\u00edo de Lazan\u201d est\u00e1 elaborado con el sentimiento de la historia, teniendo en cuenta que sus variedades proceden de las mismas faldas de la Sierra de la Candelaria, en concreto del Monte de Laz\u00e1n. El nombre de Se\u00f1or\u00edo de Laz\u00e1n procede del Marquesado de Laz\u00e1n, t\u00edtulo nobiliario creado por Carlos II en el a\u00f1o 1688 a favor de Cayetano Rebolledo de Palafox (Se\u00f1oriu de Salas Altas y Salas Bajas, enterrado en Salas Baja.<\/span><\/p>","protected":false},"featured_media":1782,"template":"","meta":[],"pwb-brand":[202],"product_brand":[],"product_cat":[33,17,129],"product_tag":[],"class_list":{"0":"post-1176","1":"product","2":"type-product","3":"status-publish","4":"has-post-thumbnail","6":"pwb-brand-bodega-pirineos","7":"product_cat-vinos","8":"product_cat-begudes","9":"product_cat-vins-negres-1","11":"first","12":"outofstock","13":"taxable","14":"shipping-taxable","15":"purchasable","16":"product-type-simple"},"brands":[{"id":202,"name":"Bodega Pirineos","slug":"bodega-pirineos"}],"_links":{"self":[{"href":"https:\/\/tenda.elmasove.com\/es\/wp-json\/wp\/v2\/product\/1176","targetHints":{"allow":["GET"]}}],"collection":[{"href":"https:\/\/tenda.elmasove.com\/es\/wp-json\/wp\/v2\/product"}],"about":[{"href":"https:\/\/tenda.elmasove.com\/es\/wp-json\/wp\/v2\/types\/product"}],"wp:featuredmedia":[{"embeddable":true,"href":"https:\/\/tenda.elmasove.com\/es\/wp-json\/wp\/v2\/media\/1782"}],"wp:attachment":[{"href":"https:\/\/tenda.elmasove.com\/es\/wp-json\/wp\/v2\/media?parent=1176"}],"wp:term":[{"taxonomy":"pwb-brand","embeddable":true,"href":"https:\/\/tenda.elmasove.com\/es\/wp-json\/wp\/v2\/pwb-brand?post=1176"},{"taxonomy":"product_brand","embeddable":true,"href":"https:\/\/tenda.elmasove.com\/es\/wp-json\/wp\/v2\/product_brand?post=1176"},{"taxonomy":"product_cat","embeddable":true,"href":"https:\/\/tenda.elmasove.com\/es\/wp-json\/wp\/v2\/product_cat?post=1176"},{"taxonomy":"product_tag","embeddable":true,"href":"https:\/\/tenda.elmasove.com\/es\/wp-json\/wp\/v2\/product_tag?post=1176"}],"curies":[{"name":"wp","href":"https:\/\/api.w.org\/{rel}","templated":true}]}}