{"id":1113,"date":"2014-11-24T07:30:46","date_gmt":"2014-11-24T06:30:46","guid":{"rendered":"http:\/\/wp.elmasove.com\/product\/brandy-mascaro-70cl\/"},"modified":"2020-02-07T13:14:18","modified_gmt":"2020-02-07T12:14:18","slug":"brandy-mascaro-70cl","status":"publish","type":"product","link":"https:\/\/tenda.elmasove.com\/es\/tienda\/begudes\/licors\/brandi\/brandy-mascaro-70cl\/","title":{"rendered":"Brandy &quot;Mascar\u00f3&quot; (70cl)"},"content":{"rendered":"<p>El brandy Mascar\u00f3 es un producto de autor donde un en\u00f3logo de la familia controla todo el proceso de elaboraci\u00f3n, desde el vi\u00f1edo hasta la botella.<\/p>\n<p>Desde 1946 la familia MASCAR\u00d3 se ha preocupado por controlar la calidad de sus productos durante todo el proceso de elaboraci\u00f3n, desde el vi\u00f1edo a la botella. Por este motivo, elaboramos vinos especialmente concebidos para la destilaci\u00f3n.<\/p>\n<p>En nuestra destiler\u00eda situada en Vilafranca de Pened\u00e8s destilamos por el M\u00e9todo de Doble Destilaci\u00f3n vinos elaborados con las variedades propias de nuestra zona. El destilado de vino recibe el nombre de Holanda.<\/p>\n<p>Los vinos de diferentes variedades se destilan por separado, y envejecen tambi\u00e9n por separado en barricas de roble franc\u00e9s de 300 litros.<\/p>\n<p>A continuaci\u00f3n el maestro destilador realiza la mezcla de los distintos tipos de Holandes, que har\u00e1n posible la creaci\u00f3n de este brandy tan personal.<\/p>\n<p><strong>CATA<\/strong><\/p>\n<p>Color \u00e1mbar con matices dorados.<br \/>\nAromas intensos con predominio de notas de crianza (cacao y fruta confitada) sobre el fondo de destilado limpio.<br \/>\nEn boca es sabroso, firme y seco, con buen equilibrio y persistencia.<\/p>\n<p><strong>SERVICIO<\/strong><\/p>\n<p>Entre 16 y 18\u00baC<\/p>\n<p><strong>CONSUMO<\/strong><\/p>\n<p>Excelente combinaci\u00f3n con caf\u00e9, tanto a temperatura ambiente como con un cubito de hielo.<\/p>","protected":false},"excerpt":{"rendered":"<p>El brandy Mascar\u00f3 es un producto de autor donde un en\u00f3logo de la familia controla todo el proceso de elaboraci\u00f3n, desde el vi\u00f1edo hasta la botella.<\/p>","protected":false},"featured_media":1112,"template":"","meta":[],"pwb-brand":[392],"product_brand":[],"product_cat":[97,17,52],"product_tag":[],"class_list":{"0":"post-1113","1":"product","2":"type-product","3":"status-publish","4":"has-post-thumbnail","6":"pwb-brand-mascaro","7":"product_cat-brandi","8":"product_cat-begudes","9":"product_cat-licors","11":"first","12":"instock","13":"taxable","14":"shipping-taxable","15":"purchasable","16":"product-type-simple"},"brands":[{"id":392,"name":"Mascar\u00f3","slug":"mascaro"}],"_links":{"self":[{"href":"https:\/\/tenda.elmasove.com\/es\/wp-json\/wp\/v2\/product\/1113","targetHints":{"allow":["GET"]}}],"collection":[{"href":"https:\/\/tenda.elmasove.com\/es\/wp-json\/wp\/v2\/product"}],"about":[{"href":"https:\/\/tenda.elmasove.com\/es\/wp-json\/wp\/v2\/types\/product"}],"wp:featuredmedia":[{"embeddable":true,"href":"https:\/\/tenda.elmasove.com\/es\/wp-json\/wp\/v2\/media\/1112"}],"wp:attachment":[{"href":"https:\/\/tenda.elmasove.com\/es\/wp-json\/wp\/v2\/media?parent=1113"}],"wp:term":[{"taxonomy":"pwb-brand","embeddable":true,"href":"https:\/\/tenda.elmasove.com\/es\/wp-json\/wp\/v2\/pwb-brand?post=1113"},{"taxonomy":"product_brand","embeddable":true,"href":"https:\/\/tenda.elmasove.com\/es\/wp-json\/wp\/v2\/product_brand?post=1113"},{"taxonomy":"product_cat","embeddable":true,"href":"https:\/\/tenda.elmasove.com\/es\/wp-json\/wp\/v2\/product_cat?post=1113"},{"taxonomy":"product_tag","embeddable":true,"href":"https:\/\/tenda.elmasove.com\/es\/wp-json\/wp\/v2\/product_tag?post=1113"}],"curies":[{"name":"wp","href":"https:\/\/api.w.org\/{rel}","templated":true}]}}