{"id":1111,"date":"2014-11-24T07:30:46","date_gmt":"2014-11-24T06:30:46","guid":{"rendered":"http:\/\/wp.elmasove.com\/product\/ampolla-de-anis-del-mono\/"},"modified":"2020-02-13T11:02:15","modified_gmt":"2020-02-13T10:02:15","slug":"anis-del-mono-70cl","status":"publish","type":"product","link":"https:\/\/tenda.elmasove.com\/es\/tienda\/begudes\/licors\/anis\/anis-del-mono-70cl\/","title":{"rendered":"An\u00eds del Mono (70cl)"},"content":{"rendered":"<p>An\u00eds del Mono en la sala de casa o despu\u00e9s de una buena comida. Aparte de estar delicioso, es un magn\u00edfico licor digestivo. Por eso os proponemos que se lo beba de la forma tradicional: s\u00f3lo, muy fr\u00edo, con o sin hielo, en sorbo helado o en copa. Con un chorro de agua para formar la m\u00edtica Palomita o con unas gotas de lim\u00f3n para aportarle un toque c\u00edtrico.<\/p>\n<p>Contiene en su composici\u00f3n \u00fanicamente matalah\u00faga (grana de an\u00eds), de la que se quita el aceite esencial que proporciona el bouquet tan caracter\u00edstico del producto. Agua qu\u00edmicamente pura, jarabe de az\u00facar refinado y filtrado, y alcohol. El proceso de destilaci\u00f3n se lleva a cabo en alambiques de cobre, originales de siglo XIX. Se fabrican dos variedades de an\u00eds, seco (etiqueta verde) y dulce (etiqueta roja). Hoy (2011) se exporta a Estados Unidos ya varios pa\u00edses de Iberoam\u00e9rica.<\/p>\n<p>Botella del An\u00eds del Mono (70cl)<\/p>","protected":false},"excerpt":{"rendered":"<p>An\u00eds del Mono en la sala de casa, despu\u00e9s de una buena comida. Aparte de estar delicioso, es un magn\u00edfico licor digestivo.<\/p>\n<p>Botella del An\u00eds del Mono (70cl)<\/p>","protected":false},"featured_media":2163,"template":"","meta":[],"pwb-brand":[318],"product_brand":[],"product_cat":[111,17,52],"product_tag":[],"class_list":{"0":"post-1111","1":"product","2":"type-product","3":"status-publish","4":"has-post-thumbnail","6":"pwb-brand-anis-del-mono","7":"product_cat-anis","8":"product_cat-begudes","9":"product_cat-licors","11":"first","12":"instock","13":"taxable","14":"shipping-taxable","15":"purchasable","16":"product-type-simple"},"brands":[{"id":318,"name":"An\u00eds del Mono","slug":"anis-del-mono"}],"_links":{"self":[{"href":"https:\/\/tenda.elmasove.com\/es\/wp-json\/wp\/v2\/product\/1111","targetHints":{"allow":["GET"]}}],"collection":[{"href":"https:\/\/tenda.elmasove.com\/es\/wp-json\/wp\/v2\/product"}],"about":[{"href":"https:\/\/tenda.elmasove.com\/es\/wp-json\/wp\/v2\/types\/product"}],"wp:featuredmedia":[{"embeddable":true,"href":"https:\/\/tenda.elmasove.com\/es\/wp-json\/wp\/v2\/media\/2163"}],"wp:attachment":[{"href":"https:\/\/tenda.elmasove.com\/es\/wp-json\/wp\/v2\/media?parent=1111"}],"wp:term":[{"taxonomy":"pwb-brand","embeddable":true,"href":"https:\/\/tenda.elmasove.com\/es\/wp-json\/wp\/v2\/pwb-brand?post=1111"},{"taxonomy":"product_brand","embeddable":true,"href":"https:\/\/tenda.elmasove.com\/es\/wp-json\/wp\/v2\/product_brand?post=1111"},{"taxonomy":"product_cat","embeddable":true,"href":"https:\/\/tenda.elmasove.com\/es\/wp-json\/wp\/v2\/product_cat?post=1111"},{"taxonomy":"product_tag","embeddable":true,"href":"https:\/\/tenda.elmasove.com\/es\/wp-json\/wp\/v2\/product_tag?post=1111"}],"curies":[{"name":"wp","href":"https:\/\/api.w.org\/{rel}","templated":true}]}}