{"id":1105,"date":"2014-11-24T07:30:46","date_gmt":"2014-11-24T06:30:46","guid":{"rendered":"http:\/\/wp.elmasove.com\/product\/pack-6-llaunes-bonito-en-oli-d-oliva-albo\/"},"modified":"2026-03-06T18:28:28","modified_gmt":"2026-03-06T17:28:28","slug":"bonitol-del-nord-en-oli-doliva-albo-6-llaunes","status":"publish","type":"product","link":"https:\/\/tenda.elmasove.com\/es\/tienda\/alimentacio\/conserves\/bonitol-del-nord-en-oli-doliva-albo-6-llaunes\/","title":{"rendered":"Bonito del Norte en Aceite de oliva Albo (6 latas)"},"content":{"rendered":"<p>Conserva de Bonito del Norte en aceite de oliva, de carne blanca y suave textura, extraordinaria calidad y frescura.<\/p>\n<p>Tiene un sabor exquisito e intenso perfecto para acompa\u00f1ar tus platos, ya sean ensaladas o tapas. Este at\u00fan est\u00e1 conservado en aceite de oliva lo que le da una textura muy suave.<\/p>\n<p>En Conserves Albo seleccionan los mejores ejemplares de bonito de norte uno a uno, garantizando que se encuentran en el punto \u00f3ptimo de calidad. Es un alimento saludable y nutritivo, alto en prote\u00ednas y bajo en grasas y calor\u00edas. A las virtudes del pescado a\u00f1adimos las enormes ventajas del aceite de oliva: sabor y salud van de la mano. Une el exquisito gusto del pescado de mayor calidad de la familia de los atunes con un aceite de oliva de la mejor calidad con un aporte nutricional excepcional.<\/p>\n<p>El bonito de norte o at\u00fan blanco es un pez que puede llegar a medir entre 30 cent\u00edmetro y 1 metro de longitud y pesar hasta 10 kilos. La parte dorsal del cuero es de color azul oscuro y la zona ventral es blanquecina. La carne del at\u00fan es muy apreciada por ser muy sabrosa.<\/p>\n<p><em>6 latas de Bonito del Norte en Aceite de oliva Albo<\/em><\/p>\n<h3>Ingredientes<\/h3>\n<p>Bonito del Norte, aceite de oliva y sal.<\/p>\n<h3>Al\u00e9rgenos<\/h3>\n<p>Contiene pescado y productos a base de pescado.<\/p>\n<h3>Valores nutricionales del Bonito del Norte<\/h3>\n<p><strong>VALOR ENERG\u00c9TICO<\/strong><\/p>\n<p>1595 kJ \/ 385 kcal<\/p>\n<p><strong>PROTE\u00cdNAS<\/strong><\/p>\n<p>22 g<\/p>\n<p><strong>HIDRATOS DE CARBONO<\/strong><\/p>\n<p>0 g (de las cuales AZ\u00daCAR 0g)<\/p>\n<p><strong>GRASAS<\/strong><\/p>\n<p>33 g (de las cuales SATURADAS 5 g)<\/p>\n<p><strong>SAL<\/strong><\/p>\n<p>0,70 g<\/p>\n<p><strong>F\u00d3SFORO<\/strong><\/p>\n<p>170 mg (24%)<\/p>\n<p><strong>NIACINA<\/strong><\/p>\n<p>10 mg (63%)<\/p>\n<p>&nbsp;<\/p>","protected":false},"excerpt":{"rendered":"<p>Conserva de Bonito del Norte en aceite de oliva, de carne blanca y suave textura, extraordinaria calidad y frescura.<\/p>\n<p><em>6 latas de Bonito del Norte en Aceite de oliva Albo<\/em><\/p>","protected":false},"featured_media":1104,"template":"","meta":[],"pwb-brand":[190],"product_brand":[],"product_cat":[40,19],"product_tag":[178],"class_list":{"0":"post-1105","1":"product","2":"type-product","3":"status-publish","4":"has-post-thumbnail","6":"pwb-brand-albo","7":"product_cat-conserves","8":"product_cat-alimentacio","9":"product_tag-albo","11":"first","12":"instock","13":"taxable","14":"shipping-taxable","15":"purchasable","16":"product-type-simple"},"brands":[{"id":190,"name":"Albo","slug":"albo"}],"_links":{"self":[{"href":"https:\/\/tenda.elmasove.com\/es\/wp-json\/wp\/v2\/product\/1105","targetHints":{"allow":["GET"]}}],"collection":[{"href":"https:\/\/tenda.elmasove.com\/es\/wp-json\/wp\/v2\/product"}],"about":[{"href":"https:\/\/tenda.elmasove.com\/es\/wp-json\/wp\/v2\/types\/product"}],"wp:featuredmedia":[{"embeddable":true,"href":"https:\/\/tenda.elmasove.com\/es\/wp-json\/wp\/v2\/media\/1104"}],"wp:attachment":[{"href":"https:\/\/tenda.elmasove.com\/es\/wp-json\/wp\/v2\/media?parent=1105"}],"wp:term":[{"taxonomy":"pwb-brand","embeddable":true,"href":"https:\/\/tenda.elmasove.com\/es\/wp-json\/wp\/v2\/pwb-brand?post=1105"},{"taxonomy":"product_brand","embeddable":true,"href":"https:\/\/tenda.elmasove.com\/es\/wp-json\/wp\/v2\/product_brand?post=1105"},{"taxonomy":"product_cat","embeddable":true,"href":"https:\/\/tenda.elmasove.com\/es\/wp-json\/wp\/v2\/product_cat?post=1105"},{"taxonomy":"product_tag","embeddable":true,"href":"https:\/\/tenda.elmasove.com\/es\/wp-json\/wp\/v2\/product_tag?post=1105"}],"curies":[{"name":"wp","href":"https:\/\/api.w.org\/{rel}","templated":true}]}}