{"id":1101,"date":"2014-11-24T07:30:46","date_gmt":"2014-11-24T06:30:46","guid":{"rendered":"http:\/\/wp.elmasove.com\/product\/aigua-de-bronchales-en-pack-de-6-ampolles-de-2l\/"},"modified":"2026-03-05T12:50:02","modified_gmt":"2026-03-05T11:50:02","slug":"aigua-bronchales-6x2l","status":"publish","type":"product","link":"https:\/\/tenda.elmasove.com\/es\/tienda\/begudes\/agua\/aigua-mineral-natural\/aigua-bronchales-6x2l\/","title":{"rendered":"Agua de Bronchales (6x2L)"},"content":{"rendered":"<p>Agua de Bronchales es un agua muy singular por su composici\u00f3n mineral. Es de mineralizaci\u00f3n muy d\u00e9bil, con s\u00f3lo 35 mg\/l de residuo seco.<\/p>\n<p>Las aguas de mineralizaci\u00f3n muy d\u00e9bil son especiales por las condiciones geol\u00f3gicas que requieren de la naturaleza. Agua de Bronchales nace a 1.720 m de altitud en la Sierra de Albarrac\u00edn, en un singular acu\u00edfero de cuarcitas rosas.<\/p>\n<p>Por su composici\u00f3n, es un agua de excelente sabor y paladar, muy saludable, muy diur\u00e9tica y adecuada para preparar alimentos infantiles y dietas pobres en sodio. Tambi\u00e9n es muy beneficiosa para el organismo:<\/p>\n<ul>\n<li>Puede ser muy diur\u00e9tica.<\/li>\n<li>Gran poder de hidrataci\u00f3n.<\/li>\n<li>Excelente para las dietas pobres en sodio.<\/li>\n<li>Muy adecuada para la preparaci\u00f3n de alimentos infantiles.<\/li>\n<\/ul>\n<p>Agua de Bronchales es un agua muy singular por su composici\u00f3n mineral. Es de mineralizaci\u00f3n muy d\u00e9bil, con s\u00f3lo 35mg\/l de residuo seco.<\/p>\n<p><em>Pack de 6 botellas de 2L.<\/em><\/p>\n<h3>Caracter\u00edsticas<\/h3>\n<p>Las aguas de mineralizaci\u00f3n muy d\u00e9bil son muy apreciadas, ya que son muy raras y dif\u00edciles de encontrar en la naturaleza, ya que requieren unas condiciones geol\u00f3gicas muy especiales. Bronchales nace a 1.720 m de altitud en la Sierra de Albarrac\u00edn, en un singular acu\u00edfero de cuarcitas rosas.<\/p>\n<h3>Origen del Agua de Bronchales<\/h3>\n<p>Agua de Bronchales es un Agua Mineral Natural de mineralizaci\u00f3n muy d\u00e9bil. El manantial se encuentra en un paraje totalmente protegido, a 1.720m de altitud en el coraz\u00f3n de la Sierra de Albarrac\u00edn.<\/p>\n<p>Bronchales est\u00e1 situado en el suroeste de la provincia de Teruel, es una de las zonas m\u00e1s elevadas del Sistema Ib\u00e9rico y est\u00e1 formada por un sistema orogr\u00e1fico donde se asienta una de las principales divisorias de aguas de la Pen\u00ednsula, ya que aqu\u00ed nacen algunos de sus r\u00edos m\u00e1s importantes: el Tajo, el Guadalaviar\/Turia, el Jiloca, el Cabriel y muchos otros.<\/p>\n<p>Estos parajes ya fueron ocupados por el hombre prehist\u00f3rico, conservando importantes muestras de arte rupestre, declaradas Patrimonio de la Humanidad por la Unesco en 1998.<\/p>","protected":false},"excerpt":{"rendered":"<p>Agua de Bronchales es un agua muy singular por su composici\u00f3n mineral. Es de mineralizaci\u00f3n muy d\u00e9bil, con s\u00f3lo 35 mg\/l de residuo seco.<\/p>\n<p><em>Pack de 6 botellas de 2L<\/em><\/p>","protected":false},"featured_media":2375,"template":"","meta":[],"pwb-brand":[315],"product_brand":[],"product_cat":[35,91,17],"product_tag":[],"class_list":{"0":"post-1101","1":"product","2":"type-product","3":"status-publish","4":"has-post-thumbnail","6":"pwb-brand-bronchales","7":"product_cat-agua","8":"product_cat-aigua-mineral-natural","9":"product_cat-begudes","11":"first","12":"instock","13":"taxable","14":"shipping-taxable","15":"purchasable","16":"product-type-simple"},"brands":[{"id":315,"name":"Bronchales","slug":"bronchales"}],"_links":{"self":[{"href":"https:\/\/tenda.elmasove.com\/es\/wp-json\/wp\/v2\/product\/1101","targetHints":{"allow":["GET"]}}],"collection":[{"href":"https:\/\/tenda.elmasove.com\/es\/wp-json\/wp\/v2\/product"}],"about":[{"href":"https:\/\/tenda.elmasove.com\/es\/wp-json\/wp\/v2\/types\/product"}],"wp:featuredmedia":[{"embeddable":true,"href":"https:\/\/tenda.elmasove.com\/es\/wp-json\/wp\/v2\/media\/2375"}],"wp:attachment":[{"href":"https:\/\/tenda.elmasove.com\/es\/wp-json\/wp\/v2\/media?parent=1101"}],"wp:term":[{"taxonomy":"pwb-brand","embeddable":true,"href":"https:\/\/tenda.elmasove.com\/es\/wp-json\/wp\/v2\/pwb-brand?post=1101"},{"taxonomy":"product_brand","embeddable":true,"href":"https:\/\/tenda.elmasove.com\/es\/wp-json\/wp\/v2\/product_brand?post=1101"},{"taxonomy":"product_cat","embeddable":true,"href":"https:\/\/tenda.elmasove.com\/es\/wp-json\/wp\/v2\/product_cat?post=1101"},{"taxonomy":"product_tag","embeddable":true,"href":"https:\/\/tenda.elmasove.com\/es\/wp-json\/wp\/v2\/product_tag?post=1101"}],"curies":[{"name":"wp","href":"https:\/\/api.w.org\/{rel}","templated":true}]}}