{"id":1081,"date":"2014-11-24T07:30:45","date_gmt":"2014-11-24T06:30:45","guid":{"rendered":"http:\/\/wp.elmasove.com\/product\/caja-6-botellas-jove-camps-reserva-familiar-brut-nature\/"},"modified":"2026-03-06T16:01:11","modified_gmt":"2026-03-06T15:01:11","slug":"cava-brut-nature-reserva-familiar-juve-camps","status":"publish","type":"product","link":"https:\/\/tenda.elmasove.com\/es\/tienda\/begudes\/vins-i-caves\/caves\/brut-nature-gran-reserva\/cava-brut-nature-reserva-familiar-juve-camps\/","title":{"rendered":"Cava Brut Nature Reserva Familiar \u201cJuve Camps\u201d (6u)"},"content":{"rendered":"<p>El cava de la bodega Juve Camps m\u00e1s conocido es el Cava Brut Nature Reserva Familiar \u201cJuve Camps\u201d, elaborado a partir del mosto flor de uva de sus fincas de Espiells (Can Rius), La Cuscona y Mediona. Se caracteriza por su brillante color dorado p\u00e1lido. Con una paleta arom\u00e1tica rica y elegante, con un desarrollo que se inicia en notas de frutas blancas maduras y despu\u00e9s da lugar a los matices propios de la crianza: panader\u00eda, tostados, especias\u2026 El paso por boca es tremendamente seductor, ofreciendo frescura, agradable textura y un largo final en el que aparecen de nuevo los recuerdos arom\u00e1ticos de frutas blancas.<\/p>\n<p>Cava Gran Reserva<br \/>\nBrut Nature<br \/>\n12% Vol.<br \/>\n36 meses de media de crianza en sus madres<\/p>","protected":false},"excerpt":{"rendered":"<p>El cava de la bodega Juve Camps m\u00e1s conocido es el Cava Brut Nature Reserva Familiar \u201cJuve Camps\u201d, elaborado a partir del mosto flor de uva de sus fincas de Espiells (Can Rius), La Cuscona y Mediona. Se caracteriza por su brillante color dorado p\u00e1lido. Con una paleta arom\u00e1tica rica y elegante, con un desarrollo que se inicia en notas de frutas blancas maduras y despu\u00e9s da lugar a los matices propios de la crianza: panader\u00eda, tostados, especias\u2026 El paso por boca es tremendamente seductor, ofreciendo frescura, agradable textura y un largo final en el que aparecen de nuevo los recuerdos arom\u00e1ticos de frutas blancas.<\/p>","protected":false},"featured_media":1784,"template":"","meta":[],"pwb-brand":[391],"product_brand":[],"product_cat":[83,49],"product_tag":[],"class_list":{"0":"post-1081","1":"product","2":"type-product","3":"status-publish","4":"has-post-thumbnail","6":"pwb-brand-juve-camps","7":"product_cat-brut-nature-gran-reserva","8":"product_cat-caves","10":"first","11":"instock","12":"taxable","13":"shipping-taxable","14":"purchasable","15":"product-type-simple"},"brands":[{"id":391,"name":"Juv\u00e9 Camps","slug":"juve-camps"}],"_links":{"self":[{"href":"https:\/\/tenda.elmasove.com\/es\/wp-json\/wp\/v2\/product\/1081","targetHints":{"allow":["GET"]}}],"collection":[{"href":"https:\/\/tenda.elmasove.com\/es\/wp-json\/wp\/v2\/product"}],"about":[{"href":"https:\/\/tenda.elmasove.com\/es\/wp-json\/wp\/v2\/types\/product"}],"wp:featuredmedia":[{"embeddable":true,"href":"https:\/\/tenda.elmasove.com\/es\/wp-json\/wp\/v2\/media\/1784"}],"wp:attachment":[{"href":"https:\/\/tenda.elmasove.com\/es\/wp-json\/wp\/v2\/media?parent=1081"}],"wp:term":[{"taxonomy":"pwb-brand","embeddable":true,"href":"https:\/\/tenda.elmasove.com\/es\/wp-json\/wp\/v2\/pwb-brand?post=1081"},{"taxonomy":"product_brand","embeddable":true,"href":"https:\/\/tenda.elmasove.com\/es\/wp-json\/wp\/v2\/product_brand?post=1081"},{"taxonomy":"product_cat","embeddable":true,"href":"https:\/\/tenda.elmasove.com\/es\/wp-json\/wp\/v2\/product_cat?post=1081"},{"taxonomy":"product_tag","embeddable":true,"href":"https:\/\/tenda.elmasove.com\/es\/wp-json\/wp\/v2\/product_tag?post=1081"}],"curies":[{"name":"wp","href":"https:\/\/api.w.org\/{rel}","templated":true}]}}