{"id":1075,"date":"2014-11-24T07:30:45","date_gmt":"2014-11-24T06:30:45","guid":{"rendered":"http:\/\/wp.elmasove.com\/product\/caixa-de-12-ampolles-d-aigua-viladrau-1l-retornable-devoluci-6-30-al-retornar-l-env-s\/"},"modified":"2023-04-13T12:45:52","modified_gmt":"2023-04-13T10:45:52","slug":"aigua-viladrau-12x1l-retornable","status":"publish","type":"product","link":"https:\/\/tenda.elmasove.com\/es\/tienda\/begudes\/agua\/aigua-mineral-natural\/aigua-viladrau-12x1l-retornable\/","title":{"rendered":"Agua Viladrau (12x1L) - Incluido 6,30 \u20ac en envase retornable."},"content":{"rendered":"<p>El agua mineral natural Viladrau se ha filtrado a la tierra, llegando al centro del Parque Natural del Monteny. Este filtro es el que proporciona a Viladrau unas caracter\u00edsticas propias y la convierte en un agua natural \u00fanica. Re\u00fane todas las propiedades de la tierra donde nace y se embotella higi\u00e9nicamente, de modo que todo el proceso se realiza para mantener su pureza y propiedades intactas.<\/p>\n<p>Es un agua \u00fanica, porque nace en una tierra \u00fanica. Por eso Viladrau es el agua que nos mueve. Porque nace en una tierra que nunca para mover.<\/p>\n<p>El agua de la lluvia y la nieve ca\u00edda en el Montseny se filtra lentamente entre las rocas del subsuelo del Parque Natural de Montseny, creando as\u00ed la composici\u00f3n \u00fanica y constante del agua mineral natural Viladrau.<\/p>\n<p>La composici\u00f3n espec\u00edfica en minerales es lo que la hace \u00fanica y constituye su aut\u00e9ntico sello de identidad.<\/p>\n<p>Es un agua de mineralizaci\u00f3n d\u00e9bil, indicada para dietas pobres en sodio. Es un agua mineral natural declarada mineromedicinal.<\/p>\n<p><em>12 botellas de vidrio de Aigua Viladrau de 1L.<\/em><\/p>\n<p><strong>Retornable<\/strong><\/p>\n<h3>Composici\u00f3n del Agua Viladrau<\/h3>\n<table>\n<tbody>\n<tr>\n<td>Bicarbonato<\/td>\n<td>114 mg\/L<\/td>\n<\/tr>\n<tr>\n<td>Calcio<\/td>\n<td>28,5 mg\/L<\/td>\n<\/tr>\n<tr>\n<td>Sodio<\/td>\n<td>12,2 mg\/L<\/td>\n<\/tr>\n<tr>\n<td>Magnesio<\/td>\n<td>4,2 mg\/L<\/td>\n<\/tr>\n<tr>\n<td>Sulfato<\/td>\n<td>11,2 mg\/L<\/td>\n<\/tr>\n<tr>\n<td>Cloruro<\/td>\n<td>6 mg\/L<\/td>\n<\/tr>\n<tr>\n<td>Residuo Seco a 180\u00ba<\/td>\n<td>137 mg\/L<\/td>\n<\/tr>\n<\/tbody>\n<\/table>\n<h3>Condiciones de conservaci\u00f3n y uso<\/h3>\n<p>Proteger de la luz solar. Una vez abierto el envase mantenerlo en fr\u00edo y consumirlo en los 2-3 d\u00edas siguientes a su apertura. Evitar contacto directo con el suelo. Conservar en lugar fresco, seco y apartado de olores intensos.<\/p>\n<p>Te recomendamos que siempre leas las etiquetas, advertencias e instrucciones del embalaje del producto antes de utilizarlo o consumirlo, ya que podr\u00e1s encontrar informaci\u00f3n m\u00e1s detallada y actualizada sobre el mismo.<\/p>\n<h3>Retornable<\/h3>\n<p>Las 12 botellas de agua cuestan 8.25\u20ac. El coste del vidrio retornable es de 6,30 \u20ac (que se devuelven en cada compra).<\/p>","protected":false},"excerpt":{"rendered":"<p>Es un agua de mineralizaci\u00f3n d\u00e9bil, indicada para dietas pobres en sodio. Es un agua mineral natural declarada mineromedicinal.<\/p>\n<p><em>12 botellas de vidrio de Aigua Viladrau de 1L.<\/em><\/p>\n<p><strong>Retornable<\/strong><\/p>","protected":false},"featured_media":1074,"template":"","meta":[],"pwb-brand":[283],"product_brand":[],"product_cat":[172,35,91,17],"product_tag":[],"class_list":{"0":"post-1075","1":"product","2":"type-product","3":"status-publish","4":"has-post-thumbnail","6":"pwb-brand-viladrau","7":"product_cat-retornables","8":"product_cat-agua","9":"product_cat-aigua-mineral-natural","10":"product_cat-begudes","12":"first","13":"instock","14":"taxable","15":"shipping-taxable","16":"purchasable","17":"product-type-simple"},"brands":[{"id":283,"name":"Viladrau","slug":"viladrau"}],"_links":{"self":[{"href":"https:\/\/tenda.elmasove.com\/es\/wp-json\/wp\/v2\/product\/1075","targetHints":{"allow":["GET"]}}],"collection":[{"href":"https:\/\/tenda.elmasove.com\/es\/wp-json\/wp\/v2\/product"}],"about":[{"href":"https:\/\/tenda.elmasove.com\/es\/wp-json\/wp\/v2\/types\/product"}],"wp:featuredmedia":[{"embeddable":true,"href":"https:\/\/tenda.elmasove.com\/es\/wp-json\/wp\/v2\/media\/1074"}],"wp:attachment":[{"href":"https:\/\/tenda.elmasove.com\/es\/wp-json\/wp\/v2\/media?parent=1075"}],"wp:term":[{"taxonomy":"pwb-brand","embeddable":true,"href":"https:\/\/tenda.elmasove.com\/es\/wp-json\/wp\/v2\/pwb-brand?post=1075"},{"taxonomy":"product_brand","embeddable":true,"href":"https:\/\/tenda.elmasove.com\/es\/wp-json\/wp\/v2\/product_brand?post=1075"},{"taxonomy":"product_cat","embeddable":true,"href":"https:\/\/tenda.elmasove.com\/es\/wp-json\/wp\/v2\/product_cat?post=1075"},{"taxonomy":"product_tag","embeddable":true,"href":"https:\/\/tenda.elmasove.com\/es\/wp-json\/wp\/v2\/product_tag?post=1075"}],"curies":[{"name":"wp","href":"https:\/\/api.w.org\/{rel}","templated":true}]}}