{"id":107,"date":"2014-11-24T07:30:21","date_gmt":"2014-11-24T06:30:21","guid":{"rendered":"http:\/\/wp.elmasove.com\/product\/ampolla-3-4l-vi-blanc-ipsis-chardonay-13\/"},"modified":"2020-01-29T13:29:41","modified_gmt":"2020-01-29T12:29:41","slug":"ampolla-3-4l-vi-blanc-ipsis-chardonay-13","status":"publish","type":"product","link":"https:\/\/tenda.elmasove.com\/es\/tienda\/begudes\/vins-i-caves\/vinos\/vins-embotellats\/vins-blancs-1\/ampolla-3-4l-vi-blanc-ipsis-chardonay-13\/","title":{"rendered":"Vino Blanco Chardonnay DO Tarragona \u201cIpsis\u201d"},"content":{"rendered":"<p>Vino color amarillo con una amplia gama de notas afrutadas que van desde los c\u00edtricos hasta las frutas como la manzana verde, que son dadas por las caracter\u00edsticas del terreno y por el microclima de donde se cultivan los vi\u00f1edos que dan este vino. Ideal para acompa\u00f1ar carnes blancas, quesos cremosos y pat\u00e9s.Unica variedad Chardonnay. Graduaci\u00f3n alcoh\u00f3lica 12\u00ba.<\/p>","protected":false},"excerpt":{"rendered":"<p>Vino color amarillo con una amplia gama de notas afrutadas que van desde los c\u00edtricos hasta las frutas como la manzana verde.<\/p>","protected":false},"featured_media":106,"template":"","meta":[],"pwb-brand":[192],"product_brand":[],"product_cat":[33,126,17],"product_tag":[],"class_list":{"0":"post-107","1":"product","2":"type-product","3":"status-publish","4":"has-post-thumbnail","6":"pwb-brand-ipsis","7":"product_cat-vinos","8":"product_cat-vins-blancs-1","9":"product_cat-begudes","11":"first","12":"instock","13":"taxable","14":"shipping-taxable","15":"purchasable","16":"product-type-simple"},"brands":[{"id":192,"name":"Ipsis","slug":"ipsis"}],"_links":{"self":[{"href":"https:\/\/tenda.elmasove.com\/es\/wp-json\/wp\/v2\/product\/107","targetHints":{"allow":["GET"]}}],"collection":[{"href":"https:\/\/tenda.elmasove.com\/es\/wp-json\/wp\/v2\/product"}],"about":[{"href":"https:\/\/tenda.elmasove.com\/es\/wp-json\/wp\/v2\/types\/product"}],"wp:featuredmedia":[{"embeddable":true,"href":"https:\/\/tenda.elmasove.com\/es\/wp-json\/wp\/v2\/media\/106"}],"wp:attachment":[{"href":"https:\/\/tenda.elmasove.com\/es\/wp-json\/wp\/v2\/media?parent=107"}],"wp:term":[{"taxonomy":"pwb-brand","embeddable":true,"href":"https:\/\/tenda.elmasove.com\/es\/wp-json\/wp\/v2\/pwb-brand?post=107"},{"taxonomy":"product_brand","embeddable":true,"href":"https:\/\/tenda.elmasove.com\/es\/wp-json\/wp\/v2\/product_brand?post=107"},{"taxonomy":"product_cat","embeddable":true,"href":"https:\/\/tenda.elmasove.com\/es\/wp-json\/wp\/v2\/product_cat?post=107"},{"taxonomy":"product_tag","embeddable":true,"href":"https:\/\/tenda.elmasove.com\/es\/wp-json\/wp\/v2\/product_tag?post=107"}],"curies":[{"name":"wp","href":"https:\/\/api.w.org\/{rel}","templated":true}]}}