{"id":1057,"date":"2014-11-24T07:30:45","date_gmt":"2014-11-24T06:30:45","guid":{"rendered":"http:\/\/wp.elmasove.com\/product\/garrafa-4l-vi-blanc-verdejo-devoluci-2-al-retornar-l-env-s\/"},"modified":"2023-04-12T11:42:22","modified_gmt":"2023-04-12T09:42:22","slug":"garrafa-4l-vi-blanc-verdejo-devoluci-2-al-retornar-l-env-s","status":"publish","type":"product","link":"https:\/\/tenda.elmasove.com\/es\/tienda\/begudes\/vins-i-caves\/vinos\/vins-a-granel\/vins-blancs\/garrafa-4l-vi-blanc-verdejo-devoluci-2-al-retornar-l-env-s\/","title":{"rendered":"Vino Blanco Verdejo &quot;El Masove&quot; (4L) - incluido 2\u20ac envase retornable."},"content":{"rendered":"<p>Garrafa de 4 L. retornable de vino blanco. El \u201cverdejo\u201d produce vinos moderadamente alcoh\u00f3licos, de acidez media-alta, y elevada relaci\u00f3n \u00e1cido tart\u00e1rico\/\u00e1cido m\u00e1lico. Los vinos son estructurados y glic\u00e9ridos, suaves, sabrosos y retrogusto amargo persistente.<br \/>\nLos vinos tienen una gama de color que va del amarillo verdoso al paja, con tonos acerados y capa ligera media.<br \/>\nLos vinos de verdeo aportan aromas intensos, afrutados, con matices herb\u00e1ceos, flores blancas con tonos amargos que les confieren una marcada tipicidad arom\u00e1tica, resultando inconfundibles.<\/p>","protected":false},"excerpt":{"rendered":"<p>Garrafa de 4 L. retornable de vino blanco. El \u201cverdejo\u201d produce vinos moderadamente alcoh\u00f3licos, de acidez media-alta, y elevada relaci\u00f3n \u00e1cido tart\u00e1rico\/\u00e1cido m\u00e1lico. Los vinos son estructurados y glic\u00e9ridos, suaves, sabrosos y retrogusto amargo persistente.<br \/>\nLos vinos tienen una gama de color que va del amarillo verdoso al paja, con tonos acerados y capa ligera media.<br \/>\nLos vinos de verdeo aportan aromas intensos, afrutados, con matices herb\u00e1ceos, flores blancas con tonos amargos que les confieren una marcada tipicidad arom\u00e1tica, resultando inconfundibles.<\/p>","protected":false},"featured_media":1056,"template":"","meta":[],"pwb-brand":[191],"product_brand":[],"product_cat":[172,33,85,124,17],"product_tag":[],"class_list":{"0":"post-1057","1":"product","2":"type-product","3":"status-publish","4":"has-post-thumbnail","6":"pwb-brand-el-masove","7":"product_cat-retornables","8":"product_cat-vinos","9":"product_cat-vins-a-granel","10":"product_cat-vins-blancs","11":"product_cat-begudes","13":"first","14":"instock","15":"taxable","16":"shipping-taxable","17":"purchasable","18":"product-type-simple"},"brands":[{"id":191,"name":"El Masove","slug":"el-masove"}],"_links":{"self":[{"href":"https:\/\/tenda.elmasove.com\/es\/wp-json\/wp\/v2\/product\/1057","targetHints":{"allow":["GET"]}}],"collection":[{"href":"https:\/\/tenda.elmasove.com\/es\/wp-json\/wp\/v2\/product"}],"about":[{"href":"https:\/\/tenda.elmasove.com\/es\/wp-json\/wp\/v2\/types\/product"}],"wp:featuredmedia":[{"embeddable":true,"href":"https:\/\/tenda.elmasove.com\/es\/wp-json\/wp\/v2\/media\/1056"}],"wp:attachment":[{"href":"https:\/\/tenda.elmasove.com\/es\/wp-json\/wp\/v2\/media?parent=1057"}],"wp:term":[{"taxonomy":"pwb-brand","embeddable":true,"href":"https:\/\/tenda.elmasove.com\/es\/wp-json\/wp\/v2\/pwb-brand?post=1057"},{"taxonomy":"product_brand","embeddable":true,"href":"https:\/\/tenda.elmasove.com\/es\/wp-json\/wp\/v2\/product_brand?post=1057"},{"taxonomy":"product_cat","embeddable":true,"href":"https:\/\/tenda.elmasove.com\/es\/wp-json\/wp\/v2\/product_cat?post=1057"},{"taxonomy":"product_tag","embeddable":true,"href":"https:\/\/tenda.elmasove.com\/es\/wp-json\/wp\/v2\/product_tag?post=1057"}],"curies":[{"name":"wp","href":"https:\/\/api.w.org\/{rel}","templated":true}]}}