{"id":105,"date":"2014-11-24T07:30:21","date_gmt":"2014-11-24T06:30:21","guid":{"rendered":"http:\/\/wp.elmasove.com\/product\/ampolla-3-4l-vi-blanc-ipsis-11-5\/"},"modified":"2023-03-27T10:28:59","modified_gmt":"2023-03-27T08:28:59","slug":"vi-blanc-d-o-tarragona-ipsis","status":"publish","type":"product","link":"https:\/\/tenda.elmasove.com\/es\/tienda\/begudes\/vins-i-caves\/vinos\/vins-embotellats\/vins-blancs-1\/vi-blanc-d-o-tarragona-ipsis\/","title":{"rendered":"Vino Blanco DO Tarragona \u201cIpsis\u201d"},"content":{"rendered":"<p>Vino color amarillo pajizo con reflejos verdes, limpio y brillante. En nariz es intensamente afrutado (manzana verde, pi\u00f1a) con matices de especias. Agradable al gusto y equilibrado, persistente y con un postgado largo m\u00e1ximo expresion el primer a\u00f1o. Perfecto para acompa\u00f1ar marisco, pescados crudos, elaborados, en salsa y ahumados; sopas cremas y queso fresco. Variedades Macabeo, Xarel\u00b7lo y Parellada. Graduaci\u00f3n alcoh\u00f3lica 11,5 \u00ba.<\/p>","protected":false},"excerpt":{"rendered":"<p>Vino color amarillo pajizo con reflejos verdes, limpio y brillante 11,5\u00ba<\/p>","protected":false},"featured_media":104,"template":"","meta":[],"pwb-brand":[192],"product_brand":[],"product_cat":[33,126,17],"product_tag":[],"class_list":{"0":"post-105","1":"product","2":"type-product","3":"status-publish","4":"has-post-thumbnail","6":"pwb-brand-ipsis","7":"product_cat-vinos","8":"product_cat-vins-blancs-1","9":"product_cat-begudes","11":"first","12":"instock","13":"taxable","14":"shipping-taxable","15":"purchasable","16":"product-type-simple"},"brands":[{"id":192,"name":"Ipsis","slug":"ipsis"}],"_links":{"self":[{"href":"https:\/\/tenda.elmasove.com\/es\/wp-json\/wp\/v2\/product\/105","targetHints":{"allow":["GET"]}}],"collection":[{"href":"https:\/\/tenda.elmasove.com\/es\/wp-json\/wp\/v2\/product"}],"about":[{"href":"https:\/\/tenda.elmasove.com\/es\/wp-json\/wp\/v2\/types\/product"}],"wp:featuredmedia":[{"embeddable":true,"href":"https:\/\/tenda.elmasove.com\/es\/wp-json\/wp\/v2\/media\/104"}],"wp:attachment":[{"href":"https:\/\/tenda.elmasove.com\/es\/wp-json\/wp\/v2\/media?parent=105"}],"wp:term":[{"taxonomy":"pwb-brand","embeddable":true,"href":"https:\/\/tenda.elmasove.com\/es\/wp-json\/wp\/v2\/pwb-brand?post=105"},{"taxonomy":"product_brand","embeddable":true,"href":"https:\/\/tenda.elmasove.com\/es\/wp-json\/wp\/v2\/product_brand?post=105"},{"taxonomy":"product_cat","embeddable":true,"href":"https:\/\/tenda.elmasove.com\/es\/wp-json\/wp\/v2\/product_cat?post=105"},{"taxonomy":"product_tag","embeddable":true,"href":"https:\/\/tenda.elmasove.com\/es\/wp-json\/wp\/v2\/product_tag?post=105"}],"curies":[{"name":"wp","href":"https:\/\/api.w.org\/{rel}","templated":true}]}}