{"id":103,"date":"2014-11-24T07:30:21","date_gmt":"2014-11-24T06:30:21","guid":{"rendered":"http:\/\/wp.elmasove.com\/product\/ampolla-3-4l-vi-blanc-crinel-11\/"},"modified":"2023-03-27T10:33:53","modified_gmt":"2023-03-27T08:33:53","slug":"vi-blanc-d-o-tarragona-crinel","status":"publish","type":"product","link":"https:\/\/tenda.elmasove.com\/es\/tienda\/begudes\/vins-i-caves\/vinos\/vins-embotellats\/vins-blancs-1\/vi-blanc-d-o-tarragona-crinel\/","title":{"rendered":"Vino Blanco DO Tarragona \u201cCrinel\u201d"},"content":{"rendered":"<p>Vino de color amarillo p\u00e1lido brillante con reflejos verdes. Aroma de frutas con matices finos de especias. Sensaci\u00f3n de frescura y juventud. Gusto suave y equilibrado por una fina estructura \u00e1cida. Fondos frutales de manzana verde y pi\u00f1a. Amable persistencia en el paladar. Durante su primer a\u00f1o adquiere su m\u00e1xima expresi\u00f3n. Perfecto para acompa\u00f1ar pescado, marisco, sopas, cremas y quesos frescos. Variedades Macabeo, Parellada y Xarel\u00b7lo. Graduaci\u00f3n alcoh\u00f3lica 11\u00ba.<\/p>","protected":false},"excerpt":{"rendered":"<p>Vino de color amarillo p\u00e1lido brillante con reflejos verdes.<\/p>","protected":false},"featured_media":102,"template":"","meta":[],"pwb-brand":[193],"product_brand":[],"product_cat":[33,126,17],"product_tag":[],"class_list":{"0":"post-103","1":"product","2":"type-product","3":"status-publish","4":"has-post-thumbnail","6":"pwb-brand-crinel","7":"product_cat-vinos","8":"product_cat-vins-blancs-1","9":"product_cat-begudes","11":"first","12":"instock","13":"taxable","14":"shipping-taxable","15":"purchasable","16":"product-type-simple"},"brands":[{"id":193,"name":"Crinel","slug":"crinel"}],"_links":{"self":[{"href":"https:\/\/tenda.elmasove.com\/es\/wp-json\/wp\/v2\/product\/103","targetHints":{"allow":["GET"]}}],"collection":[{"href":"https:\/\/tenda.elmasove.com\/es\/wp-json\/wp\/v2\/product"}],"about":[{"href":"https:\/\/tenda.elmasove.com\/es\/wp-json\/wp\/v2\/types\/product"}],"wp:featuredmedia":[{"embeddable":true,"href":"https:\/\/tenda.elmasove.com\/es\/wp-json\/wp\/v2\/media\/102"}],"wp:attachment":[{"href":"https:\/\/tenda.elmasove.com\/es\/wp-json\/wp\/v2\/media?parent=103"}],"wp:term":[{"taxonomy":"pwb-brand","embeddable":true,"href":"https:\/\/tenda.elmasove.com\/es\/wp-json\/wp\/v2\/pwb-brand?post=103"},{"taxonomy":"product_brand","embeddable":true,"href":"https:\/\/tenda.elmasove.com\/es\/wp-json\/wp\/v2\/product_brand?post=103"},{"taxonomy":"product_cat","embeddable":true,"href":"https:\/\/tenda.elmasove.com\/es\/wp-json\/wp\/v2\/product_cat?post=103"},{"taxonomy":"product_tag","embeddable":true,"href":"https:\/\/tenda.elmasove.com\/es\/wp-json\/wp\/v2\/product_tag?post=103"}],"curies":[{"name":"wp","href":"https:\/\/api.w.org\/{rel}","templated":true}]}}