{"id":1019,"date":"2014-11-24T07:30:43","date_gmt":"2014-11-24T06:30:43","guid":{"rendered":"http:\/\/wp.elmasove.com\/product\/bossa-250-gr-alls-4-cabeces\/"},"modified":"2023-04-04T11:30:53","modified_gmt":"2023-04-04T09:30:53","slug":"alls-el-masove-4-caps-250g","status":"publish","type":"product","link":"https:\/\/tenda.elmasove.com\/es\/tienda\/alimentacio\/patates-i-cebes\/alls-el-masove-4-caps-250g\/","title":{"rendered":"Ajos (4 cabezas \u2013 250g)"},"content":{"rendered":"<p>Los ajos se emplean en la cocina como un saborizante natural. Poseen un aroma y un sabor caracter\u00edstico que suele acompa\u00f1ar a ciertos platos de la cocina mediterr\u00e1nea.<\/p>\n<p>El ajo es mucho m\u00e1s que un condimento, es un espantaenfermedades cargado de propiedades nutritivas y beneficios para la salud. Su consumo habitual puede ayudar a hacer mejor la digesti\u00f3n, a absorber mejor los nutrientes de los alimentos, optimizando tambi\u00e9n las funciones del p\u00e1ncreas y de h\u00edgado.<\/p>\n<p>Los dientes de ajo contienen entre un 0,2% y un 0,3% de aceite esencial: garlicina, ali\u00edna o sulf\u00f3xido de alilciste\u00edna (1%), que al ser hidrolizada por la aliinasa produce alicina.<\/p>\n<p>Adem\u00e1s contiene fructosanas, oligosac\u00e1ridos que alimentan la microbiota intestinal beneficiosa, relacionada con una buena salud general.<\/p>\n<p>Asimismo posee enzimas -peroxidaxas y lisozimas, entre otros- indispensables para que se produzca la acci\u00f3n medicinal del ajo.<\/p>\n<p><em>4 cabezas de ajos El Masove (250g)<\/em><\/p>","protected":false},"excerpt":{"rendered":"<p>Los ajos se emplean en la cocina como un saborizante natural. Poseen un aroma y un sabor caracter\u00edstico que suele acompa\u00f1ar a ciertos platos de la cocina mediterr\u00e1nea.<\/p>\n<p><em>4 cabezas de ajos El Masove (250g)<\/em><\/p>","protected":false},"featured_media":1018,"template":"","meta":[],"pwb-brand":[191],"product_brand":[],"product_cat":[19,64],"product_tag":[],"class_list":{"0":"post-1019","1":"product","2":"type-product","3":"status-publish","4":"has-post-thumbnail","6":"pwb-brand-el-masove","7":"product_cat-alimentacio","8":"product_cat-patates-i-cebes","10":"first","11":"instock","12":"taxable","13":"shipping-taxable","14":"purchasable","15":"product-type-simple"},"brands":[{"id":191,"name":"El Masove","slug":"el-masove"}],"_links":{"self":[{"href":"https:\/\/tenda.elmasove.com\/es\/wp-json\/wp\/v2\/product\/1019","targetHints":{"allow":["GET"]}}],"collection":[{"href":"https:\/\/tenda.elmasove.com\/es\/wp-json\/wp\/v2\/product"}],"about":[{"href":"https:\/\/tenda.elmasove.com\/es\/wp-json\/wp\/v2\/types\/product"}],"wp:featuredmedia":[{"embeddable":true,"href":"https:\/\/tenda.elmasove.com\/es\/wp-json\/wp\/v2\/media\/1018"}],"wp:attachment":[{"href":"https:\/\/tenda.elmasove.com\/es\/wp-json\/wp\/v2\/media?parent=1019"}],"wp:term":[{"taxonomy":"pwb-brand","embeddable":true,"href":"https:\/\/tenda.elmasove.com\/es\/wp-json\/wp\/v2\/pwb-brand?post=1019"},{"taxonomy":"product_brand","embeddable":true,"href":"https:\/\/tenda.elmasove.com\/es\/wp-json\/wp\/v2\/product_brand?post=1019"},{"taxonomy":"product_cat","embeddable":true,"href":"https:\/\/tenda.elmasove.com\/es\/wp-json\/wp\/v2\/product_cat?post=1019"},{"taxonomy":"product_tag","embeddable":true,"href":"https:\/\/tenda.elmasove.com\/es\/wp-json\/wp\/v2\/product_tag?post=1019"}],"curies":[{"name":"wp","href":"https:\/\/api.w.org\/{rel}","templated":true}]}}