{"id":1768,"date":"2019-11-15T10:19:48","date_gmt":"2019-11-15T09:19:48","guid":{"rendered":"http:\/\/wp.elmasove.com\/?page_id=1768"},"modified":"2019-11-15T10:19:49","modified_gmt":"2019-11-15T09:19:49","slug":"aviso-legal","status":"publish","type":"page","link":"https:\/\/tenda.elmasove.com\/es\/aviso-legal\/","title":{"rendered":"Aviso Legal"},"content":{"rendered":"<p>Gracias por visitar nuestra web. \u00c9sta ha sido creada por Olis Ullastrell SL, inscrita en el Registro Mercantil de Barcelona, \u200b\u200bTomo 28988, Folio 84, Secci\u00f3n; 1, Hoja B-145391 y con CIF B-61102059, ya partir de ahora, en este texto, El Masove.<\/p><p>Hemos fijado algunas normas para garantizar que resulta informativa y \u00fatil para todo aquel que la visite. Ya que podemos realizar cambios o modificarla de vez en cuando, te recomendamos visitar esta p\u00e1gina de nuestra web siempre que acceda a la misma, a fin de informarte de las normas vigentes en cada momento.<\/p><h3 class=\"wp-block-heading\">CONTENIDOS, PROPIEDAD INTELECTUAL Y PROPIEDAD INDUSTRIAL<\/h3><p>Al acceder a nuestra web, los usuarios aceptan actuar bajo las condiciones que exponemos a continuaci\u00f3n. El uso de esta web presupone el conocimiento que puede contener informaciones, comunicaciones, software, fotos, v\u00eddeos, gr\u00e1ficos, m\u00fasica, sonidos, im\u00e1genes y otros materiales y servicios (a partir de ahora \u201ccontenido\u201d), y que este contenido se normalmente suministrado por Helipistas o bajo licencia por suministradores de contenido independientes.<\/p><p>Los usuarios est\u00e1n de acuerdo y conocen que Helipistas permite el acceso a dicho contenido, pero que \u00e9ste se encuentra protegido por las leyes de la propiedad intelectual e industrial (a partir de ahora \u201cderechos\u201d), as\u00ed como que estos derechos son v\u00e1lidos y est\u00e1n protegidos en todos los medios que existen en la actualidad o que se desarrollen en un futuro. En consecuencia, el usuario acepta que el uso que haga del contenido est\u00e1 sometido y se rige por estas normas, adem\u00e1s de los derechos y leyes de la propiedad privada aplicables.<\/p><p>Todo el contenido de la web de Barcelona Helic\u00f3pteros est\u00e1 protegido por los derechos y Helipistas es propietario o, en su caso licenciatario, de los mismos; por esta raz\u00f3n no se permite modificar, publicar, transmitir, participar de la transferencia o venta de, reproducci\u00f3n, creaci\u00f3n de trabajos derivados de, distribuci\u00f3n, muestra, exposici\u00f3n, o, de cualquier modo, explotar ninguno de sus contenidos en parte o en la su totalidad.<\/p><p>Queda prohibido establecer un enlace cono, o con un contenido de correo desde, cualquier URL hasta la Web de El Masove sin el permiso expreso de El Masove. Si tiene alg\u00fan duda o sugerencia, p\u00f3ngase en contacto con el responsable de la web.<\/p><p>Masove no tiene ning\u00fan control sobre las personas que pueden acceder a su web ni sobre su paradero. Aunque El Masove es consciente de ello, no significa que se someta a las jurisdicciones de pa\u00edses extranjeros, en caso de conflicto o reclamaci\u00f3n en relaci\u00f3n con esta web, ser\u00e1n por tanto, los juzgados y tribunales de la ciudad de Barcelona (Espa\u00f1a) \u00fanicos competentes.<\/p><p>Masove no se hace responsable de la verosimilitud de la informaci\u00f3n facilitada por terceros e incluida de forma directa o por enlace en esta web.<\/p><p>La consulta sobre cualquier contenido de la web de Masove no constituir\u00e1 por s\u00ed misma ning\u00fan tipo de relaci\u00f3n contractual entre Masove y el usuario.<\/p><p>Masove se compromete a realizar sus mejores esfuerzos para evitar errores en los contenidos que se muestran en la web. En cualquier caso, Helipistas est\u00e1 eximida de cualquier responsabilidad derivada de eventuales errores en los contenidos que puedan aparecer en la misma.<\/p><p>Masove es una marca registrada. Todos los derechos reservados. Cualquier otra marca o n\u00famero de producto mencionado en esta Web es derecho de propiedad intelectual o industrial registrado por El Masove. Prohibida su reproducci\u00f3n total o parcial sin la autorizaci\u00f3n del propietario.<\/p><p>Masove podr\u00e1 realizar tantas modificaciones t\u00e9cnicas como sean necesarias para mejorar la calidad, rendimiento, eficacia del sistema y conexi\u00f3n a red telem\u00e1tica o Internet.<\/p><p>Masove se reserva el derecho de modificar la informaci\u00f3n contenida en la Web sin previo aviso.<\/p><p>Masove est\u00e1 especialmente eximida de responsabilidad por deficiencias de servicio imputables al centro servidor o red de conexi\u00f3n, y los desperfectos que cualquier virus inform\u00e1tico pueda causar.<\/p><h3 class=\"wp-block-heading\">OBLIGACIONES DEL USUARIO<\/h3><p>Nuestros usuarios se comprometen a utilizar los contenidos y servicios de la web seg\u00fan la ley, las presentes condiciones generales y las condiciones particulares de los servicios que ofrece Helipistas en cada momento.<\/p><p>Los usuarios se comprometen a:<\/p><ul class=\"wp-block-list\"><li>No difundir contenidos de car\u00e1cter racista, xen\u00f3fobo, pornogr\u00e1fico, de apolog\u00eda del terrorismo y\/o que atentan contra los derechos humanos.<\/li><li>No llevar a cabo actividades il\u00edcitas o constitutivas de delito, contrarias a la buena fe, la moral, el orden p\u00fablico, o los usos, y\/o actividades que constituyan una infracci\u00f3n de la regulaci\u00f3n sobre propiedad intelectual \u2022 intelectual o cualquier otra norma de orden jur\u00eddico aplicable.<\/li><li>No transmitir a terceros no autorizados su n\u00famero de usuario y contrase\u00f1a. Si un usuario no autorizado acceda a la web con sus datos comunicar\u00e1 inmediatamente a Helipistas.<\/li><\/ul><h3 class=\"wp-block-heading\">PROTECCI\u00d3N DE DATOS<\/h3><p>El Masove es titular de la base de datos que recoge las datos de car\u00e1cter personal facilitadas por los propios usuarios y se compromete al cumplimiento de la obligaci\u00f3n de secreto de las datos de car\u00e1cter personal y del deber de tratarlos con confidencialidad. Para garantizarlo adoptar\u00e1 las medidas necesarias para evitar su modificaci\u00f3n, p\u00e9rdida o acceso no autorizado, habida cuenta en todo momento del estado de la tecnolog\u00eda de acuerdo con lo previsto en la legislaci\u00f3n en materia de protecci\u00f3n de datos de car\u00e1cter personal que sea de aplicaci\u00f3n en Espa\u00f1a en cada momento. El usuario acepta que las datos personales aportadas en el momento de solicitar y contratar cualquiera de nuestros servicios se incluyan en un archivo automatizado, cuya titularidad corresponde a El Masove, con el fin de proporcionarle el servicio solicitado licitado, y de facilitarle cualquier informaci\u00f3n que pueda ser de su inter\u00e9s sobre productos destacados o novedades. El usuario responder\u00e1, en todo momento, de la veracidad de las datos facilitadas y se responsabilizar\u00e1 de comunicar a Helipistas cualquier modificaci\u00f3n en los mismos, reservando Helipistas el derecho a excluir de los servicios registrados a todo anunciante que haya facilitado datos falsos, sin perjuicio de las dem\u00e1s acciones que procedan en Derecho. El usuario puede ejercitar en cualquier momento los derechos de acceso, modificaci\u00f3n, oposici\u00f3n y cancelaci\u00f3n de las datos personales enviando un correo electr\u00f3nico a&nbsp;<a href=\"https:\/\/translate.googleusercontent.com\/translate_c?depth=1&amp;rurl=translate.google.com&amp;sl=ca&amp;sp=nmt4&amp;tl=es&amp;u=https:\/\/tenda.elmasove.com\/cdn-cgi\/l\/email-protection&amp;xid=25657,15700021,15700186,15700191,15700256,15700259,15700262,15700265,15700271,15700280,15700283&amp;usg=ALkJrhgAFrwl5KGbp5wtY2hWEuFivp5RhQ#7712041f180737121b1a16041801125914181a\">eshop@elmasove.com<\/a>&nbsp;.<\/p><p>Con motivo de la entrada en vigor el 25 de mayo de 2018 ser\u00e1 de aplicaci\u00f3n directa el Reglamento General de Protecci\u00f3n de Datos (RGPD o Reglamento), queremos hacer legar toda la informaci\u00f3n sobre c\u00f3mo trataremos tus datos y preservaremos tus derechos.<\/p><p>Responsable del tratamiento:<\/p><p>El Masove. con domicilio social en Calle de Caresmar, 94, 08205 Sabadell, Barcelona.<\/p><p>El Delegado de Protecci\u00f3n de datos (DPO, Data Protection Officer) ser\u00e1 el responsable del cumplimiento de la Normativa sobre protecci\u00f3n de datos de los clientes de la Corredur\u00eda. Estos son los mecanismos de comunicaci\u00f3n con el responsable de protecci\u00f3n de datos:&nbsp;<a href=\"https:\/\/translate.googleusercontent.com\/translate_c?depth=1&amp;rurl=translate.google.com&amp;sl=ca&amp;sp=nmt4&amp;tl=es&amp;u=https:\/\/tenda.elmasove.com\/cdn-cgi\/l\/email-protection&amp;xid=25657,15700021,15700186,15700191,15700256,15700259,15700262,15700265,15700271,15700280,15700283&amp;usg=ALkJrhgAFrwl5KGbp5wtY2hWEuFivp5RhQ#9affe9f2f5eadafff6f7fbe9f5ecffb4f9f5f7\">eshop@elmasove.com<\/a>&nbsp;o bien en la direcci\u00f3n postal: Calle de Caresmar, 94, 08205 Sabadell, Barcelona, Espa\u00f1a.<\/p><p><strong>\u00bfPor qu\u00e9 utilizamos tus datos?<\/strong><\/p><p>Necesitamos acceder a tus datos para recopilar la informaci\u00f3n necesaria para ofrecerte nuestros servicios de la forma m\u00e1s ajustada a tus necesidades.<\/p><p>Por tanto, utilizamos las datos para la correcta ejecuci\u00f3n de nuestro contrato de prestaci\u00f3n de servicios contigo.<\/p><p><strong>\u00bfCu\u00e1les son sus derechos?<\/strong><\/p><p>Como en la anterior normativa (LOPD) los derechos llamados ARC sean en vigor:<\/p><p><strong>Derecho de Acceso<\/strong>&nbsp;a conocer y obtener informaci\u00f3n sobre tus datos.<\/p><ul class=\"wp-block-list\"><li><strong>Derecho de Rectificaci\u00f3n<\/strong>&nbsp;o, lo que es lo mismo, el derecho a poder modificar datos incompletos o no exactos.<\/li><li><strong>Derecho de cancelaci\u00f3n.<\/strong>&nbsp;El de supresi\u00f3n de tus datos.<\/li><li><strong>Derecho de Oposici\u00f3n:<\/strong>&nbsp;puedes solicitar que tus datos no se utilicen en ciertos supuestos, por ejemplo, recibir publicidad o newsletters, etc.<\/li><\/ul><p>A los anteriores derechos que contin\u00faan en vigor, con la entrada del nuevo Reglamento se a\u00f1aden:<\/p><ul class=\"wp-block-list\"><li><strong>Derecho a la portabilidad.<\/strong>&nbsp;Puedes solicitar que tus datos se trasladen a otra entidad aquellas datos que nos hayas facilitado a trav\u00e9s de nuestra relaci\u00f3n profesional.<\/li><li><strong>Derecho al olvido.<\/strong>&nbsp;Aquel que elimina de forma permanente y total las datos que obran en poder de una entidad.<\/li><\/ul><h3 class=\"wp-block-heading\">INFORMACI\u00d3N T\u00c9CNICA<\/h3><p><strong>Resoluci\u00f3n de pantalla<\/strong><\/p><p>Esta Web se ha desarrollado para una resoluci\u00f3n m\u00ednima de pantalla de 1024 x 768 p\u00edxeles. La visualizaci\u00f3n \u00f3ptima de esta Web se consigue con resoluciones de 1024 x 768.<\/p><p><strong>Visualizaci\u00f3n de archivos en formato PDF y elementos de Flash.<\/strong><\/p><p>La Web contiene algunos elementos l\u00fadicos hechos con Macromedia Flash. Para su correcta visualizaci\u00f3n es necesario el reproductor Flash Player 8, como m\u00ednimo. Es posible descargarse de la web de Macromedia. No es necesaria la instalaci\u00f3n de ning\u00fan otro plug-in para la correcta visualizaci\u00f3n de la web.<\/p>","protected":false},"excerpt":{"rendered":"<p>Gracias por visitar nuestra web.\u00a0Esta ha sido creada por Olis Ullastrell SL, inscrita en el Registro Mercantil de Barcelona, \u200b\u200bTomo 28988, Folio 84, Secci\u00f3n; 1, Hoja B-145391\u00a0\u00a0y con CIF B-61102059, ya partir de ahora, en este texto, El Masove. Hemos fijado algunas normas para garantizar que resulta informativa y \u00fatil para todo aquel que la [&hellip;]<\/p>","protected":false},"author":2,"featured_media":0,"parent":0,"menu_order":0,"comment_status":"closed","ping_status":"closed","template":"","meta":{"footnotes":""},"class_list":["post-1768","page","type-page","status-publish","hentry"],"_links":{"self":[{"href":"https:\/\/tenda.elmasove.com\/es\/wp-json\/wp\/v2\/pages\/1768","targetHints":{"allow":["GET"]}}],"collection":[{"href":"https:\/\/tenda.elmasove.com\/es\/wp-json\/wp\/v2\/pages"}],"about":[{"href":"https:\/\/tenda.elmasove.com\/es\/wp-json\/wp\/v2\/types\/page"}],"author":[{"embeddable":true,"href":"https:\/\/tenda.elmasove.com\/es\/wp-json\/wp\/v2\/users\/2"}],"replies":[{"embeddable":true,"href":"https:\/\/tenda.elmasove.com\/es\/wp-json\/wp\/v2\/comments?post=1768"}],"version-history":[{"count":1,"href":"https:\/\/tenda.elmasove.com\/es\/wp-json\/wp\/v2\/pages\/1768\/revisions"}],"predecessor-version":[{"id":1769,"href":"https:\/\/tenda.elmasove.com\/es\/wp-json\/wp\/v2\/pages\/1768\/revisions\/1769"}],"wp:attachment":[{"href":"https:\/\/tenda.elmasove.com\/es\/wp-json\/wp\/v2\/media?parent=1768"}],"curies":[{"name":"wp","href":"https:\/\/api.w.org\/{rel}","templated":true}]}}