{"id":1698,"date":"2019-11-13T12:53:43","date_gmt":"2019-11-13T11:53:43","guid":{"rendered":"http:\/\/wp.elmasove.com\/?page_id=1698"},"modified":"2020-01-21T12:31:55","modified_gmt":"2020-01-21T11:31:55","slug":"politica-de-cookies","status":"publish","type":"page","link":"https:\/\/tenda.elmasove.com\/es\/politica-de-cookies\/","title":{"rendered":"Pol\u00edtica de cookies"},"content":{"rendered":"<p>Una&nbsp;<em>cookie<\/em>&nbsp;es un peque\u00f1o archivo de texto que se almacena en su navegador cuando visita casi cualquier p\u00e1gina web. Su utilidad es que la web sea capaz de recordar su visita cuando vuelva a navegar por esa p\u00e1gina. Las&nbsp;<em>cookie<\/em>s suelen almacenar informaci\u00f3n de car\u00e1cter t\u00e9cnico, preferencias personales, personalizaci\u00f3n de contenidos, estad\u00edsticas de uso, enlaces a redes sociales, acceso a cuentas de usuario, etc. El objetivo de la&nbsp;<em>cookie<\/em>&nbsp;es adaptar el contenido de la web a su perfil y necesidades, sin&nbsp;<em>cookies<\/em>&nbsp;los servicios ofrecidos por cualquier p\u00e1gina se ver\u00edan mermados notablemente. Si desea consultar m\u00e1s informaci\u00f3n sobre qu\u00e9 son las&nbsp;<em>cookie<\/em>s<em>,<\/em>&nbsp;qu\u00e9 se almacenan, c\u00f3mo eliminarlas, desactivarlas, etc.,&nbsp;<a href=\"https:\/\/tenda.elmasove.com\/es\/mas-informacion-sobre-las-cookies\/\">le rogamos se dirija a este enlace.<\/a><\/p><h2 class=\"wp-block-heading\"><em>Cookie<\/em>s utilizadas en este sitio web<\/h2><p>Siguiendo las directrices de la Agencia Espa\u00f1ola de Protecci\u00f3n de Datos procedemos a detallar el uso de&nbsp;<em>cookies<\/em>&nbsp;que hace esta web para informarle con la m\u00e1xima exactitud posible.<\/p><p>Este sitio web utiliza las&nbsp;<em><strong>cookie<\/strong><\/em><strong>s<\/strong>&nbsp;siguientes&nbsp;<strong>propias:<\/strong><\/p><ul class=\"wp-block-list\"><li><em>Cookie<\/em>Es de sesi\u00f3n, para garantizar que los usuarios que escriban comentarios en el blog sean humanos y no aplicaciones automatizadas. De este modo se combate el&nbsp;<em>spam.<\/em><\/li><\/ul><p>Este sitio web utiliza las siguientes&nbsp;<strong>galletas de terceros:<\/strong><\/p><ul class=\"wp-block-list\"><li><strong>Google Analytics<\/strong>: Almac\u00e9n&nbsp;<em>cookies<\/em>&nbsp;para poder elaborar estad\u00edsticas sobre el tr\u00e1fico y volumen de visitas de esta web. Al utilizar este sitio web est\u00e1 consintiendo el tratamiento de informaci\u00f3n sobre usted por Google. Por tanto, el ejercicio de cualquier derecho en este sentido deber\u00e1 hacerlo comunicando directamente con Google.<\/li><li><strong>Redes sociales:<\/strong> Cada red social utiliza sus propias&nbsp;<em>cookies<\/em>&nbsp;para ti pinchar en botones del tipo&nbsp;<em>Me gusta<\/em>&nbsp;o&nbsp;<em>Compartir.<\/em><\/li><\/ul><h2 class=\"wp-block-heading\">Desactivaci\u00f3n o eliminaci\u00f3n de <em>cookies<\/em><\/h2><p>En cualquier momento podr\u00e1 ejercitar su derecho de desactivaci\u00f3n o eliminaci\u00f3n de cookies de este sitio web. Estas acciones se realizan de forma diferente en funci\u00f3n del navegador que est\u00e9 utilizando.&nbsp;<a href=\"https:\/\/tenda.elmasove.com\/es\/mas-informacion-sobre-las-cookies\/\">Aqu\u00ed le dejamos una gu\u00eda r\u00e1pida para los navegadores m\u00e1s populares<\/a>&nbsp;.<\/p><h2 class=\"wp-block-heading\">Notas adicionales<\/h2><ul class=\"wp-block-list\"><li>Ni esta web ni sus representantes legales se hacen responsables ni de contenido ni de la veracidad de las pol\u00edticas de privacidad que puedan tener los terceros mencionados en esta pol\u00edtica de&nbsp;<em>cookies.<\/em><\/li><li>Los navegadores web son las herramientas encargadas de almacenar las&nbsp;<em>cookies<\/em>&nbsp;y desde ese sitio de efectuar su derecho a eliminaci\u00f3n o desactivaci\u00f3n de las mismas. Ni esta web ni sus representantes legales pueden garantizar la correcta o incorrecta manipulaci\u00f3n de las&nbsp;<em>cookies<\/em>&nbsp;por parte de dichos navegadores.<\/li><li>En algunos casos es necesario instalar&nbsp;<em>cookies<\/em>&nbsp;para que el navegador no olvide su decisi\u00f3n de no aceptaci\u00f3n de las mismas.<\/li><li>En el caso de las&nbsp;<em>cookies<\/em>&nbsp;de Google Analytics, esta empresa almacena las&nbsp;<em>galletas<\/em>&nbsp;en los servidores en Estados Unidos y se compromete a no compartirla con terceros, salvo en los casos en que sea necesario para el funcionamiento de sistema o cuando la ley obligue a tal efecto. Seg\u00fan Google no guarda su direcci\u00f3n IP. Google Inc es una compa\u00f1\u00eda adherida al Acuerdo de Port Segur que garantiza que todos los datos transferidos ser\u00e1n tratados con un nivel de protecci\u00f3n acorde con la normativa europea.&nbsp;<\/li><li>Para cualquier duda o consulta sobre esta pol\u00edtica de&nbsp;<em>cookies<\/em>&nbsp;no dude en comunicarse con nosotros a trav\u00e9s de la secci\u00f3n de contacto.<\/li><\/ul>","protected":false},"excerpt":{"rendered":"<p>Una cookie es un peque\u00f1o archivo de texto que se almacena en su navegador cuando visita casi cualquier p\u00e1gina web. Su utilidad es que la web sea capaz de recordar su visita cuando vuelva a navegar por esa p\u00e1gina. Las cookies suelen almacenar informaci\u00f3n de car\u00e1cter t\u00e9cnico, preferencias personales, personalizaci\u00f3n de contenidos, estad\u00edsticas de uso, enlaces a redes sociales, acceso [\u2026]<\/p>","protected":false},"author":2,"featured_media":0,"parent":0,"menu_order":0,"comment_status":"closed","ping_status":"closed","template":"","meta":{"footnotes":""},"class_list":["post-1698","page","type-page","status-publish","hentry"],"_links":{"self":[{"href":"https:\/\/tenda.elmasove.com\/es\/wp-json\/wp\/v2\/pages\/1698","targetHints":{"allow":["GET"]}}],"collection":[{"href":"https:\/\/tenda.elmasove.com\/es\/wp-json\/wp\/v2\/pages"}],"about":[{"href":"https:\/\/tenda.elmasove.com\/es\/wp-json\/wp\/v2\/types\/page"}],"author":[{"embeddable":true,"href":"https:\/\/tenda.elmasove.com\/es\/wp-json\/wp\/v2\/users\/2"}],"replies":[{"embeddable":true,"href":"https:\/\/tenda.elmasove.com\/es\/wp-json\/wp\/v2\/comments?post=1698"}],"version-history":[{"count":4,"href":"https:\/\/tenda.elmasove.com\/es\/wp-json\/wp\/v2\/pages\/1698\/revisions"}],"predecessor-version":[{"id":1957,"href":"https:\/\/tenda.elmasove.com\/es\/wp-json\/wp\/v2\/pages\/1698\/revisions\/1957"}],"wp:attachment":[{"href":"https:\/\/tenda.elmasove.com\/es\/wp-json\/wp\/v2\/media?parent=1698"}],"curies":[{"name":"wp","href":"https:\/\/api.w.org\/{rel}","templated":true}]}}